{"id":646910,"date":"2025-06-14T15:23:36","date_gmt":"2025-06-14T12:23:36","guid":{"rendered":"https:\/\/nextsnkr.com\/product\/air-force-low-grey\/"},"modified":"2026-01-31T17:32:06","modified_gmt":"2026-01-31T14:32:06","slug":"air-force-low-grey","status":"publish","type":"product","link":"https:\/\/nextsnkr.com\/fr\/produit\/air-force-low-grey\/","title":{"rendered":"Baskets Air Force Low Grey en daim-mod\u00e8le d\u00e9contract\u00e9 \u00e9l\u00e9gant"},"content":{"rendered":"<h2>Baskets Air Force Low Grey en daim-mod\u00e8le d\u00e9contract\u00e9 \u00e9l\u00e9gant<\/h2>\n<p>Les baskets air Force Low Grey sont fabriqu\u00e9es en daim de haute qualit\u00e9 pour une douceur, un confort et un look haut de gamme. Une silhouette classique combin\u00e9e \u00e0 un gris polyvalent s&rsquo;adapte facilement \u00e0 n&rsquo;importe quel look. La semelle robuste garantit le confort pendant le port quotidien, tandis que la conception r\u00e9fl\u00e9chie rend le mod\u00e8le pertinent pour le style urbain. C&rsquo;est le choix id\u00e9al pour ceux qui appr\u00e9cient la combinaison de confort, de style et de praticit\u00e9.<\/p>\n","protected":false},"excerpt":{"rendered":"<p>Les baskets air Force Low Grey sont fabriqu\u00e9es en daim de haute qualit\u00e9 pour une douceur, un confort et un look haut de gamme. Une silhouette classique combin\u00e9e \u00e0 un gris polyvalent s&rsquo;adapte facilement \u00e0 n&rsquo;importe quel look. La semelle robuste garantit le confort pendant le port quotidien, tandis que la conception r\u00e9fl\u00e9chie rend le mod\u00e8le pertinent pour le style urbain. C&rsquo;est le choix id\u00e9al pour ceux qui appr\u00e9cient la combinaison de confort, de style et de praticit\u00e9.<\/p>\n","protected":false},"featured_media":646911,"comment_status":"open","ping_status":"open","template":"","meta":[],"product_brand":[],"product_cat":[3212,3319],"product_tag":[],"class_list":{"0":"post-646910","1":"product","2":"type-product","3":"status-publish","4":"has-post-thumbnail","6":"product_cat-all-product","7":"product_cat-kedy","8":"pa_rozmir-910","9":"pa_rozmir-912","10":"pa_rozmir-914","11":"pa_rozmir-915","12":"pa_rozmir-916","13":"pa_rozmir-917","14":"pa_rozmir-918","15":"pa_rozmir-919","16":"pa_rozmir-920","17":"pa_rozmir-921","18":"pa_rozmir-922","20":"first","21":"instock","22":"purchasable","23":"product-type-variable"},"_links":{"self":[{"href":"https:\/\/nextsnkr.com\/fr\/wp-json\/wp\/v2\/product\/646910","targetHints":{"allow":["GET"]}}],"collection":[{"href":"https:\/\/nextsnkr.com\/fr\/wp-json\/wp\/v2\/product"}],"about":[{"href":"https:\/\/nextsnkr.com\/fr\/wp-json\/wp\/v2\/types\/product"}],"replies":[{"embeddable":true,"href":"https:\/\/nextsnkr.com\/fr\/wp-json\/wp\/v2\/comments?post=646910"}],"version-history":[{"count":0,"href":"https:\/\/nextsnkr.com\/fr\/wp-json\/wp\/v2\/product\/646910\/revisions"}],"wp:featuredmedia":[{"embeddable":true,"href":"https:\/\/nextsnkr.com\/fr\/wp-json\/wp\/v2\/media\/646911"}],"wp:attachment":[{"href":"https:\/\/nextsnkr.com\/fr\/wp-json\/wp\/v2\/media?parent=646910"}],"wp:term":[{"taxonomy":"product_brand","embeddable":true,"href":"https:\/\/nextsnkr.com\/fr\/wp-json\/wp\/v2\/product_brand?post=646910"},{"taxonomy":"product_cat","embeddable":true,"href":"https:\/\/nextsnkr.com\/fr\/wp-json\/wp\/v2\/product_cat?post=646910"},{"taxonomy":"product_tag","embeddable":true,"href":"https:\/\/nextsnkr.com\/fr\/wp-json\/wp\/v2\/product_tag?post=646910"}],"curies":[{"name":"wp","href":"https:\/\/api.w.org\/{rel}","templated":true}]}}