{"id":645187,"date":"2025-06-14T15:29:40","date_gmt":"2025-06-14T12:29:40","guid":{"rendered":"https:\/\/nextsnkr.com\/product\/nike-air-force-1-white-black-premium\/"},"modified":"2026-01-31T17:31:06","modified_gmt":"2026-01-31T14:31:06","slug":"nike-air-force-1-white-black-premium","status":"publish","type":"product","link":"https:\/\/nextsnkr.com\/fr\/produit\/nike-air-force-1-white-black-premium\/","title":{"rendered":"Nike air Force 1 White \/ Black Premium-baskets en cuir \u00e9l\u00e9gantes"},"content":{"rendered":"<h2>Nike air Force 1 White \/ Black Premium-baskets en cuir \u00e9l\u00e9gantes<\/h2>\n<p>Les baskets Nike air Force 1 White \/ Black Premium sont con\u00e7ues pour ceux qui appr\u00e9cient la qualit\u00e9, le confort et le style l\u00e9gendaire. Le mod\u00e8le est fait de cuir v\u00e9ritable de haute qualit\u00e9, ce qui assure la durabilit\u00e9, la durabilit\u00e9 et l&rsquo;aspect \u00e9l\u00e9gant. Le contraste du blanc et du noir rend le design polyvalent et facile \u00e0 assortir \u00e0 n&rsquo;importe quelle garde-robe. Avec sa semelle amortissante et son ajustement confortable, les baskets sont parfaites pour un port quotidien. Un choix pour les connaisseurs des classiques et du confort Premium de Nike.<\/p>\n","protected":false},"excerpt":{"rendered":"<p>Les baskets Nike air Force 1 White \/ Black Premium sont con\u00e7ues pour ceux qui appr\u00e9cient la qualit\u00e9, le confort et le style l\u00e9gendaire. Le mod\u00e8le est fait de cuir v\u00e9ritable de haute qualit\u00e9, ce qui assure la durabilit\u00e9, la durabilit\u00e9 et l&rsquo;aspect \u00e9l\u00e9gant. Le contraste du blanc et du noir rend le design polyvalent et facile \u00e0 assortir \u00e0 n&rsquo;importe quelle garde-robe. Avec sa semelle amortissante et son ajustement confortable, les baskets sont parfaites pour un port quotidien. Un choix pour les connaisseurs des classiques et du confort Premium de Nike.<\/p>\n","protected":false},"featured_media":645188,"comment_status":"open","ping_status":"open","template":"","meta":[],"product_brand":[],"product_cat":[3212,3319],"product_tag":[],"class_list":{"0":"post-645187","1":"product","2":"type-product","3":"status-publish","4":"has-post-thumbnail","6":"product_cat-all-product","7":"product_cat-kedy","8":"pa_rozmir-910","9":"pa_rozmir-912","10":"pa_rozmir-914","11":"pa_rozmir-915","12":"pa_rozmir-916","13":"pa_rozmir-917","14":"pa_rozmir-918","15":"pa_rozmir-919","16":"pa_rozmir-920","17":"pa_rozmir-921","18":"pa_rozmir-922","20":"first","21":"onbackorder","22":"purchasable","23":"product-type-variable"},"_links":{"self":[{"href":"https:\/\/nextsnkr.com\/fr\/wp-json\/wp\/v2\/product\/645187","targetHints":{"allow":["GET"]}}],"collection":[{"href":"https:\/\/nextsnkr.com\/fr\/wp-json\/wp\/v2\/product"}],"about":[{"href":"https:\/\/nextsnkr.com\/fr\/wp-json\/wp\/v2\/types\/product"}],"replies":[{"embeddable":true,"href":"https:\/\/nextsnkr.com\/fr\/wp-json\/wp\/v2\/comments?post=645187"}],"version-history":[{"count":0,"href":"https:\/\/nextsnkr.com\/fr\/wp-json\/wp\/v2\/product\/645187\/revisions"}],"wp:featuredmedia":[{"embeddable":true,"href":"https:\/\/nextsnkr.com\/fr\/wp-json\/wp\/v2\/media\/645188"}],"wp:attachment":[{"href":"https:\/\/nextsnkr.com\/fr\/wp-json\/wp\/v2\/media?parent=645187"}],"wp:term":[{"taxonomy":"product_brand","embeddable":true,"href":"https:\/\/nextsnkr.com\/fr\/wp-json\/wp\/v2\/product_brand?post=645187"},{"taxonomy":"product_cat","embeddable":true,"href":"https:\/\/nextsnkr.com\/fr\/wp-json\/wp\/v2\/product_cat?post=645187"},{"taxonomy":"product_tag","embeddable":true,"href":"https:\/\/nextsnkr.com\/fr\/wp-json\/wp\/v2\/product_tag?post=645187"}],"curies":[{"name":"wp","href":"https:\/\/api.w.org\/{rel}","templated":true}]}}