{"id":644678,"date":"2025-06-14T15:31:28","date_gmt":"2025-06-14T12:31:28","guid":{"rendered":"https:\/\/nextsnkr.com\/product\/air-force-1-white-pink\/"},"modified":"2026-01-31T17:30:51","modified_gmt":"2026-01-31T14:30:51","slug":"air-force-1-white-pink","status":"publish","type":"product","link":"https:\/\/nextsnkr.com\/fr\/produit\/air-force-1-white-pink\/","title":{"rendered":"Baskets Air Force 1 White-Pink-baskets en cuir \u00e9l\u00e9gantes en blanc et rose"},"content":{"rendered":"<h2>Baskets Air Force 1 White-Pink-baskets en cuir \u00e9l\u00e9gantes en blanc et rose<\/h2>\n<p>Les baskets air Force 1 White \/ Pink sont un mod\u00e8le classique mettant l&rsquo;accent sur le style et le confort. Fabriqu\u00e9s \u00e0 partir de cuir v\u00e9ritable de haute qualit\u00e9, ils offrent durabilit\u00e9 et confort pendant votre port quotidien. Le contraste du blanc et du rose ajoute \u00e0 l&rsquo;image de fra\u00eecheur et d&rsquo;originalit\u00e9. Avec une semelle confortable et une fixation s\u00fbre, ces baskets sont id\u00e9ales pour la marche, l&rsquo;\u00e9tude ou les activit\u00e9s de plein air. Choisissez Air Force 1 blanc \/ rose pour combiner style et praticit\u00e9. Code: N00122-314274.<\/p>\n","protected":false},"excerpt":{"rendered":"<p>Les baskets air Force 1 White \/ Pink sont un mod\u00e8le classique mettant l&rsquo;accent sur le style et le confort. Fabriqu\u00e9s \u00e0 partir de cuir v\u00e9ritable de haute qualit\u00e9, ils offrent durabilit\u00e9 et confort pendant votre port quotidien. Le contraste du blanc et du rose ajoute \u00e0 l&rsquo;image de fra\u00eecheur et d&rsquo;originalit\u00e9. Avec une semelle confortable et une fixation s\u00fbre, ces baskets sont id\u00e9ales pour la marche, l&rsquo;\u00e9tude ou les activit\u00e9s de plein air. Choisissez Air Force 1 blanc \/ rose pour combiner style et praticit\u00e9. Code: N00122-314274.<\/p>\n","protected":false},"featured_media":644679,"comment_status":"open","ping_status":"open","template":"","meta":[],"product_brand":[],"product_cat":[3212,3319],"product_tag":[],"class_list":{"0":"post-644678","1":"product","2":"type-product","3":"status-publish","4":"has-post-thumbnail","6":"product_cat-all-product","7":"product_cat-kedy","8":"pa_rozmir-910","9":"pa_rozmir-912","10":"pa_rozmir-914","11":"pa_rozmir-915","12":"pa_rozmir-916","13":"pa_rozmir-917","14":"pa_rozmir-918","15":"pa_rozmir-919","16":"pa_rozmir-920","17":"pa_rozmir-921","18":"pa_rozmir-922","20":"first","21":"instock","22":"purchasable","23":"product-type-variable"},"_links":{"self":[{"href":"https:\/\/nextsnkr.com\/fr\/wp-json\/wp\/v2\/product\/644678","targetHints":{"allow":["GET"]}}],"collection":[{"href":"https:\/\/nextsnkr.com\/fr\/wp-json\/wp\/v2\/product"}],"about":[{"href":"https:\/\/nextsnkr.com\/fr\/wp-json\/wp\/v2\/types\/product"}],"replies":[{"embeddable":true,"href":"https:\/\/nextsnkr.com\/fr\/wp-json\/wp\/v2\/comments?post=644678"}],"version-history":[{"count":0,"href":"https:\/\/nextsnkr.com\/fr\/wp-json\/wp\/v2\/product\/644678\/revisions"}],"wp:featuredmedia":[{"embeddable":true,"href":"https:\/\/nextsnkr.com\/fr\/wp-json\/wp\/v2\/media\/644679"}],"wp:attachment":[{"href":"https:\/\/nextsnkr.com\/fr\/wp-json\/wp\/v2\/media?parent=644678"}],"wp:term":[{"taxonomy":"product_brand","embeddable":true,"href":"https:\/\/nextsnkr.com\/fr\/wp-json\/wp\/v2\/product_brand?post=644678"},{"taxonomy":"product_cat","embeddable":true,"href":"https:\/\/nextsnkr.com\/fr\/wp-json\/wp\/v2\/product_cat?post=644678"},{"taxonomy":"product_tag","embeddable":true,"href":"https:\/\/nextsnkr.com\/fr\/wp-json\/wp\/v2\/product_tag?post=644678"}],"curies":[{"name":"wp","href":"https:\/\/api.w.org\/{rel}","templated":true}]}}