{"id":644340,"date":"2025-06-19T21:22:12","date_gmt":"2025-06-19T18:22:12","guid":{"rendered":"https:\/\/nextsnkr.com\/product\/air-jordan-retro-4-fossil\/"},"modified":"2026-01-31T17:30:41","modified_gmt":"2026-01-31T14:30:41","slug":"air-jordan-retro-4-fossil","status":"publish","type":"product","link":"https:\/\/nextsnkr.com\/fr\/produit\/air-jordan-retro-4-fossil\/","title":{"rendered":"Baskets AIR JORDAN RETRO 4\u201d Fossil \u00a0\u00bb en cuir v\u00e9ritable"},"content":{"rendered":"<h2>Baskets AIR JORDAN RETRO 4\u201d Fossil \u00a0\u00bb en cuir v\u00e9ritable<\/h2>\n<p>Les baskets air JORDAN RETRO 4\u201d Fossil \u00a0\u00bb de la marque Jordan sont fabriqu\u00e9es en cuir v\u00e9ritable de haute qualit\u00e9 pour une durabilit\u00e9 et un confort de port. Le mod\u00e8le est id\u00e9al pour une utilisation quotidienne et un style de vie actif, alliant design \u00e9l\u00e9gant et pratique. La semelle ergonomique offre un amorti et un confort \u00e0 chaque \u00e9tape. Choisissez AIR JORDAN RETRO 4 \u00ab\u00a0Fossil\u00a0\u00bb pour un look lumineux et \u00e0 la mode.<\/p>\n","protected":false},"excerpt":{"rendered":"<p>Les baskets air JORDAN RETRO 4\u201d Fossil \u00a0\u00bb de la marque Jordan sont fabriqu\u00e9es en cuir v\u00e9ritable de haute qualit\u00e9 pour une durabilit\u00e9 et un confort de port. Le mod\u00e8le est id\u00e9al pour une utilisation quotidienne et un style de vie actif, alliant design \u00e9l\u00e9gant et pratique. La semelle ergonomique offre un amorti et un confort \u00e0 chaque \u00e9tape. Choisissez AIR JORDAN RETRO 4 \u00ab\u00a0Fossil\u00a0\u00bb pour un look lumineux et \u00e0 la mode.<\/p>\n","protected":false},"featured_media":644341,"comment_status":"open","ping_status":"open","template":"","meta":[],"product_brand":[],"product_cat":[3384,3212,3213],"product_tag":[],"class_list":{"0":"post-644340","1":"product","2":"type-product","3":"status-publish","4":"has-post-thumbnail","6":"product_cat-nike-jordan","7":"product_cat-all-product","8":"product_cat-krosivky","9":"pa_rozmir-910","10":"pa_rozmir-912","11":"pa_rozmir-914","12":"pa_rozmir-915","13":"pa_rozmir-916","14":"pa_rozmir-917","15":"pa_rozmir-918","16":"pa_rozmir-919","17":"pa_rozmir-920","18":"pa_rozmir-921","19":"pa_rozmir-922","21":"first","22":"instock","23":"purchasable","24":"product-type-variable"},"_links":{"self":[{"href":"https:\/\/nextsnkr.com\/fr\/wp-json\/wp\/v2\/product\/644340","targetHints":{"allow":["GET"]}}],"collection":[{"href":"https:\/\/nextsnkr.com\/fr\/wp-json\/wp\/v2\/product"}],"about":[{"href":"https:\/\/nextsnkr.com\/fr\/wp-json\/wp\/v2\/types\/product"}],"replies":[{"embeddable":true,"href":"https:\/\/nextsnkr.com\/fr\/wp-json\/wp\/v2\/comments?post=644340"}],"version-history":[{"count":0,"href":"https:\/\/nextsnkr.com\/fr\/wp-json\/wp\/v2\/product\/644340\/revisions"}],"wp:featuredmedia":[{"embeddable":true,"href":"https:\/\/nextsnkr.com\/fr\/wp-json\/wp\/v2\/media\/644341"}],"wp:attachment":[{"href":"https:\/\/nextsnkr.com\/fr\/wp-json\/wp\/v2\/media?parent=644340"}],"wp:term":[{"taxonomy":"product_brand","embeddable":true,"href":"https:\/\/nextsnkr.com\/fr\/wp-json\/wp\/v2\/product_brand?post=644340"},{"taxonomy":"product_cat","embeddable":true,"href":"https:\/\/nextsnkr.com\/fr\/wp-json\/wp\/v2\/product_cat?post=644340"},{"taxonomy":"product_tag","embeddable":true,"href":"https:\/\/nextsnkr.com\/fr\/wp-json\/wp\/v2\/product_tag?post=644340"}],"curies":[{"name":"wp","href":"https:\/\/api.w.org\/{rel}","templated":true}]}}