{"id":641626,"date":"2025-06-14T15:40:41","date_gmt":"2025-06-14T12:40:41","guid":{"rendered":"https:\/\/nextsnkr.com\/product\/hermes-slippers-teddy-grey\/"},"modified":"2026-01-31T17:29:13","modified_gmt":"2026-01-31T14:29:13","slug":"hermes-slippers-teddy-grey","status":"publish","type":"product","link":"https:\/\/nextsnkr.com\/fr\/produit\/hermes-slippers-teddy-grey\/","title":{"rendered":"Hermes Slippers Teddy Grey-pantoufles confortables en fourrure"},"content":{"rendered":"<h2>Hermes Slippers Teddy Grey-pantoufles confortables en fourrure<\/h2>\n<p>Les pantoufles Hermes Slippers Teddy Grey sont un mod\u00e8le luxueux et doux en fourrure, offrant un maximum de confort pour un usage domestique. La couleur grise \u00e9l\u00e9gante se Marie \u00e0 n&rsquo;importe quelle mani\u00e8re de la maison, et les mat\u00e9riaux de haute qualit\u00e9 garantissent la chaleur et la durabilit\u00e9. Le choix id\u00e9al pour ceux qui appr\u00e9cient le confort, le style et la qualit\u00e9 sup\u00e9rieure, m\u00eame dans les chaussures de maison.<\/p>\n","protected":false},"excerpt":{"rendered":"<p>Les pantoufles Hermes Slippers Teddy Grey sont un mod\u00e8le luxueux et doux en fourrure, offrant un maximum de confort pour un usage domestique. La couleur grise \u00e9l\u00e9gante se Marie \u00e0 n&rsquo;importe quelle mani\u00e8re de la maison, et les mat\u00e9riaux de haute qualit\u00e9 garantissent la chaleur et la durabilit\u00e9. Le choix id\u00e9al pour ceux qui appr\u00e9cient le confort, le style et la qualit\u00e9 sup\u00e9rieure, m\u00eame dans les chaussures de maison.<\/p>\n","protected":false},"featured_media":641627,"comment_status":"open","ping_status":"open","template":"","meta":[],"product_brand":[],"product_cat":[3212,3421],"product_tag":[],"class_list":{"0":"post-641626","1":"product","2":"type-product","3":"status-publish","4":"has-post-thumbnail","6":"product_cat-all-product","7":"product_cat-shlopantsi","8":"pa_rozmir-910","9":"pa_rozmir-912","10":"pa_rozmir-914","11":"pa_rozmir-915","12":"pa_rozmir-916","13":"pa_rozmir-917","14":"pa_rozmir-918","15":"pa_rozmir-919","16":"pa_rozmir-920","17":"pa_rozmir-921","18":"pa_rozmir-922","20":"first","21":"instock","22":"purchasable","23":"product-type-variable"},"_links":{"self":[{"href":"https:\/\/nextsnkr.com\/fr\/wp-json\/wp\/v2\/product\/641626","targetHints":{"allow":["GET"]}}],"collection":[{"href":"https:\/\/nextsnkr.com\/fr\/wp-json\/wp\/v2\/product"}],"about":[{"href":"https:\/\/nextsnkr.com\/fr\/wp-json\/wp\/v2\/types\/product"}],"replies":[{"embeddable":true,"href":"https:\/\/nextsnkr.com\/fr\/wp-json\/wp\/v2\/comments?post=641626"}],"version-history":[{"count":0,"href":"https:\/\/nextsnkr.com\/fr\/wp-json\/wp\/v2\/product\/641626\/revisions"}],"wp:featuredmedia":[{"embeddable":true,"href":"https:\/\/nextsnkr.com\/fr\/wp-json\/wp\/v2\/media\/641627"}],"wp:attachment":[{"href":"https:\/\/nextsnkr.com\/fr\/wp-json\/wp\/v2\/media?parent=641626"}],"wp:term":[{"taxonomy":"product_brand","embeddable":true,"href":"https:\/\/nextsnkr.com\/fr\/wp-json\/wp\/v2\/product_brand?post=641626"},{"taxonomy":"product_cat","embeddable":true,"href":"https:\/\/nextsnkr.com\/fr\/wp-json\/wp\/v2\/product_cat?post=641626"},{"taxonomy":"product_tag","embeddable":true,"href":"https:\/\/nextsnkr.com\/fr\/wp-json\/wp\/v2\/product_tag?post=641626"}],"curies":[{"name":"wp","href":"https:\/\/api.w.org\/{rel}","templated":true}]}}