{"id":640946,"date":"2025-06-14T15:43:12","date_gmt":"2025-06-14T12:43:12","guid":{"rendered":"https:\/\/nextsnkr.com\/product\/empire-sandal-hermes-apricot-leather\/"},"modified":"2026-01-31T17:28:54","modified_gmt":"2026-01-31T14:28:54","slug":"empire-sandal-hermes-apricot-leather","status":"publish","type":"product","link":"https:\/\/nextsnkr.com\/fr\/produit\/empire-sandal-hermes-apricot-leather\/","title":{"rendered":"Pantoufles Empire Hermes Apricot-pantoufles en daim pour femmes"},"content":{"rendered":"<h2>Pantoufles Empire Hermes Apricot-pantoufles en daim pour femmes<\/h2>\n<p>Les pantoufles Empire sandal Hermes Apricot Leather sont des pantoufles \u00e9l\u00e9gantes et confortables Pour femmes en daim doux. La nuance d&rsquo;abricot sophistiqu\u00e9e ajoute de l&rsquo;\u00e9l\u00e9gance \u00e0 n&rsquo;importe quel look, tandis que le design r\u00e9fl\u00e9chi offre un confort lors de l&rsquo;usure quotidienne. La semelle l\u00e9g\u00e8re garantit le confort et les mat\u00e9riaux de haute qualit\u00e9 rendent les pantoufles durables. Le choix id\u00e9al pour ceux qui appr\u00e9cient la marque Hermes, le confort et le style \u00e0 chaque \u00e9tape.<\/p>\n","protected":false},"excerpt":{"rendered":"<p>Les pantoufles Empire sandal Hermes Apricot Leather sont des pantoufles \u00e9l\u00e9gantes et confortables Pour femmes en daim doux. La nuance d&rsquo;abricot sophistiqu\u00e9e ajoute de l&rsquo;\u00e9l\u00e9gance \u00e0 n&rsquo;importe quel look, tandis que le design r\u00e9fl\u00e9chi offre un confort lors de l&rsquo;usure quotidienne. La semelle l\u00e9g\u00e8re garantit le confort et les mat\u00e9riaux de haute qualit\u00e9 rendent les pantoufles durables. Le choix id\u00e9al pour ceux qui appr\u00e9cient la marque Hermes, le confort et le style \u00e0 chaque \u00e9tape.<\/p>\n","protected":false},"featured_media":640947,"comment_status":"open","ping_status":"open","template":"","meta":[],"product_brand":[],"product_cat":[3212,3421],"product_tag":[],"class_list":{"0":"post-640946","1":"product","2":"type-product","3":"status-publish","4":"has-post-thumbnail","6":"product_cat-all-product","7":"product_cat-shlopantsi","8":"pa_rozmir-910","9":"pa_rozmir-912","10":"pa_rozmir-914","11":"pa_rozmir-915","12":"pa_rozmir-916","13":"pa_rozmir-917","14":"pa_rozmir-918","15":"pa_rozmir-919","16":"pa_rozmir-920","17":"pa_rozmir-921","18":"pa_rozmir-922","20":"first","21":"instock","22":"purchasable","23":"product-type-variable"},"_links":{"self":[{"href":"https:\/\/nextsnkr.com\/fr\/wp-json\/wp\/v2\/product\/640946","targetHints":{"allow":["GET"]}}],"collection":[{"href":"https:\/\/nextsnkr.com\/fr\/wp-json\/wp\/v2\/product"}],"about":[{"href":"https:\/\/nextsnkr.com\/fr\/wp-json\/wp\/v2\/types\/product"}],"replies":[{"embeddable":true,"href":"https:\/\/nextsnkr.com\/fr\/wp-json\/wp\/v2\/comments?post=640946"}],"version-history":[{"count":0,"href":"https:\/\/nextsnkr.com\/fr\/wp-json\/wp\/v2\/product\/640946\/revisions"}],"wp:featuredmedia":[{"embeddable":true,"href":"https:\/\/nextsnkr.com\/fr\/wp-json\/wp\/v2\/media\/640947"}],"wp:attachment":[{"href":"https:\/\/nextsnkr.com\/fr\/wp-json\/wp\/v2\/media?parent=640946"}],"wp:term":[{"taxonomy":"product_brand","embeddable":true,"href":"https:\/\/nextsnkr.com\/fr\/wp-json\/wp\/v2\/product_brand?post=640946"},{"taxonomy":"product_cat","embeddable":true,"href":"https:\/\/nextsnkr.com\/fr\/wp-json\/wp\/v2\/product_cat?post=640946"},{"taxonomy":"product_tag","embeddable":true,"href":"https:\/\/nextsnkr.com\/fr\/wp-json\/wp\/v2\/product_tag?post=640946"}],"curies":[{"name":"wp","href":"https:\/\/api.w.org\/{rel}","templated":true}]}}