{"id":639729,"date":"2025-06-19T22:24:02","date_gmt":"2025-06-19T19:24:02","guid":{"rendered":"https:\/\/nextsnkr.com\/product\/space-total-black-premium\/"},"modified":"2026-01-31T17:28:20","modified_gmt":"2026-01-31T14:28:20","slug":"space-total-black-premium","status":"publish","type":"product","link":"https:\/\/nextsnkr.com\/fr\/produit\/space-total-black-premium\/","title":{"rendered":"Baskets Space Total Black en daim et textile"},"content":{"rendered":"<h2>Baskets Space Total Black en daim et textile<\/h2>\n<p>Les baskets \u00e9l\u00e9gantes Space Total Black Premium sont fabriqu\u00e9es en daim et en textile de haute qualit\u00e9, offrant confort et durabilit\u00e9. Id\u00e9ales pour un port quotidien et des activit\u00e9s de plein air, elles allient design moderne et praticit\u00e9. La marque Space garantit la fiabilit\u00e9 et le style, tandis que le noir ajoute de la polyvalence et de l&rsquo;\u00e9l\u00e9gance \u00e0 votre look.<\/p>\n","protected":false},"excerpt":{"rendered":"<p>Les baskets \u00e9l\u00e9gantes Space Total Black Premium sont fabriqu\u00e9es en daim et en textile de haute qualit\u00e9, offrant confort et durabilit\u00e9. Id\u00e9ales pour un port quotidien et des activit\u00e9s de plein air, elles allient design moderne et praticit\u00e9. La marque Space garantit la fiabilit\u00e9 et le style, tandis que le noir ajoute de la polyvalence et de l&rsquo;\u00e9l\u00e9gance \u00e0 votre look.<\/p>\n","protected":false},"featured_media":639730,"comment_status":"open","ping_status":"open","template":"","meta":[],"product_brand":[],"product_cat":[3212,3213],"product_tag":[],"class_list":{"0":"post-639729","1":"product","2":"type-product","3":"status-publish","4":"has-post-thumbnail","6":"product_cat-all-product","7":"product_cat-krosivky","8":"pa_rozmir-910","9":"pa_rozmir-912","10":"pa_rozmir-914","11":"pa_rozmir-915","12":"pa_rozmir-916","13":"pa_rozmir-917","14":"pa_rozmir-918","15":"pa_rozmir-919","16":"pa_rozmir-920","17":"pa_rozmir-921","18":"pa_rozmir-922","20":"first","21":"onbackorder","22":"purchasable","23":"product-type-variable"},"_links":{"self":[{"href":"https:\/\/nextsnkr.com\/fr\/wp-json\/wp\/v2\/product\/639729","targetHints":{"allow":["GET"]}}],"collection":[{"href":"https:\/\/nextsnkr.com\/fr\/wp-json\/wp\/v2\/product"}],"about":[{"href":"https:\/\/nextsnkr.com\/fr\/wp-json\/wp\/v2\/types\/product"}],"replies":[{"embeddable":true,"href":"https:\/\/nextsnkr.com\/fr\/wp-json\/wp\/v2\/comments?post=639729"}],"version-history":[{"count":0,"href":"https:\/\/nextsnkr.com\/fr\/wp-json\/wp\/v2\/product\/639729\/revisions"}],"wp:featuredmedia":[{"embeddable":true,"href":"https:\/\/nextsnkr.com\/fr\/wp-json\/wp\/v2\/media\/639730"}],"wp:attachment":[{"href":"https:\/\/nextsnkr.com\/fr\/wp-json\/wp\/v2\/media?parent=639729"}],"wp:term":[{"taxonomy":"product_brand","embeddable":true,"href":"https:\/\/nextsnkr.com\/fr\/wp-json\/wp\/v2\/product_brand?post=639729"},{"taxonomy":"product_cat","embeddable":true,"href":"https:\/\/nextsnkr.com\/fr\/wp-json\/wp\/v2\/product_cat?post=639729"},{"taxonomy":"product_tag","embeddable":true,"href":"https:\/\/nextsnkr.com\/fr\/wp-json\/wp\/v2\/product_tag?post=639729"}],"curies":[{"name":"wp","href":"https:\/\/api.w.org\/{rel}","templated":true}]}}