{"id":637457,"date":"2025-06-19T23:11:12","date_gmt":"2025-06-19T20:11:12","guid":{"rendered":"https:\/\/nextsnkr.com\/product\/993-green\/"},"modified":"2026-01-31T17:27:02","modified_gmt":"2026-01-31T14:27:02","slug":"993-green","status":"publish","type":"product","link":"https:\/\/nextsnkr.com\/fr\/produit\/993-green\/","title":{"rendered":"Baskets 993 Green en daim avec textile pour le confort et le style"},"content":{"rendered":"<h2>Baskets 993 Green en daim avec textile pour le confort et le style<\/h2>\n<p>Les baskets 993 Green sont fabriqu\u00e9es en daim et en textile de haute qualit\u00e9, ce qui garantit un confort et une longue dur\u00e9e de vie. Le mod\u00e8le est parfait pour un usage quotidien et des activit\u00e9s de plein air, alliant design \u00e9l\u00e9gant et pratique. Choisissez 993 Green pour un look lumineux et un confort maximal tous les jours.<\/p>\n","protected":false},"excerpt":{"rendered":"<p>Les baskets 993 Green sont fabriqu\u00e9es en daim et en textile de haute qualit\u00e9, ce qui garantit un confort et une longue dur\u00e9e de vie. Le mod\u00e8le est parfait pour un usage quotidien et des activit\u00e9s de plein air, alliant design \u00e9l\u00e9gant et pratique. Choisissez 993 Green pour un look lumineux et un confort maximal tous les jours.<\/p>\n","protected":false},"featured_media":637458,"comment_status":"open","ping_status":"open","template":"","meta":[],"product_brand":[],"product_cat":[3212,3213],"product_tag":[],"class_list":{"0":"post-637457","1":"product","2":"type-product","3":"status-publish","4":"has-post-thumbnail","6":"product_cat-all-product","7":"product_cat-krosivky","8":"pa_rozmir-910","9":"pa_rozmir-912","10":"pa_rozmir-914","11":"pa_rozmir-915","12":"pa_rozmir-916","13":"pa_rozmir-917","14":"pa_rozmir-918","15":"pa_rozmir-919","16":"pa_rozmir-920","17":"pa_rozmir-921","18":"pa_rozmir-922","20":"first","21":"onbackorder","22":"purchasable","23":"product-type-variable"},"_links":{"self":[{"href":"https:\/\/nextsnkr.com\/fr\/wp-json\/wp\/v2\/product\/637457","targetHints":{"allow":["GET"]}}],"collection":[{"href":"https:\/\/nextsnkr.com\/fr\/wp-json\/wp\/v2\/product"}],"about":[{"href":"https:\/\/nextsnkr.com\/fr\/wp-json\/wp\/v2\/types\/product"}],"replies":[{"embeddable":true,"href":"https:\/\/nextsnkr.com\/fr\/wp-json\/wp\/v2\/comments?post=637457"}],"version-history":[{"count":0,"href":"https:\/\/nextsnkr.com\/fr\/wp-json\/wp\/v2\/product\/637457\/revisions"}],"wp:featuredmedia":[{"embeddable":true,"href":"https:\/\/nextsnkr.com\/fr\/wp-json\/wp\/v2\/media\/637458"}],"wp:attachment":[{"href":"https:\/\/nextsnkr.com\/fr\/wp-json\/wp\/v2\/media?parent=637457"}],"wp:term":[{"taxonomy":"product_brand","embeddable":true,"href":"https:\/\/nextsnkr.com\/fr\/wp-json\/wp\/v2\/product_brand?post=637457"},{"taxonomy":"product_cat","embeddable":true,"href":"https:\/\/nextsnkr.com\/fr\/wp-json\/wp\/v2\/product_cat?post=637457"},{"taxonomy":"product_tag","embeddable":true,"href":"https:\/\/nextsnkr.com\/fr\/wp-json\/wp\/v2\/product_tag?post=637457"}],"curies":[{"name":"wp","href":"https:\/\/api.w.org\/{rel}","templated":true}]}}