{"id":637181,"date":"2025-06-19T23:12:07","date_gmt":"2025-06-19T20:12:07","guid":{"rendered":"https:\/\/nextsnkr.com\/product\/9060-purple-acid\/"},"modified":"2026-01-31T17:26:50","modified_gmt":"2026-01-31T14:26:50","slug":"9060-purple-acid","status":"publish","type":"product","link":"https:\/\/nextsnkr.com\/fr\/produit\/9060-purple-acid\/","title":{"rendered":"Baskets 9060 Purple Acid en cuir et textile pour un look d\u00e9contract\u00e9 \u00e9l\u00e9gant"},"content":{"rendered":"<h2>Baskets 9060 Purple Acid en cuir et textile pour un look d\u00e9contract\u00e9 \u00e9l\u00e9gant<\/h2>\n<p>Les baskets \u00e9l\u00e9gantes 9060 Purple Acid allient cuir et textile durables pour un confort et une durabilit\u00e9 au quotidien. Ces baskets 9060 du Fabricant Vietnam sont id\u00e9ales pour les activit\u00e9s de plein air, les sports et la cr\u00e9ation d&rsquo;un look \u00e0 la mode. Choisissez 9060 Purple Acid pour le confort, le style et la fiabilit\u00e9 \u00e0 chaque \u00e9tape.<\/p>\n","protected":false},"excerpt":{"rendered":"<p>Les baskets \u00e9l\u00e9gantes 9060 Purple Acid allient cuir et textile durables pour un confort et une durabilit\u00e9 au quotidien. Ces baskets 9060 du Fabricant Vietnam sont id\u00e9ales pour les activit\u00e9s de plein air, les sports et la cr\u00e9ation d&rsquo;un look \u00e0 la mode. Choisissez 9060 Purple Acid pour le confort, le style et la fiabilit\u00e9 \u00e0 chaque \u00e9tape.<\/p>\n","protected":false},"featured_media":637182,"comment_status":"open","ping_status":"open","template":"","meta":[],"product_brand":[],"product_cat":[3212,3213],"product_tag":[],"class_list":{"0":"post-637181","1":"product","2":"type-product","3":"status-publish","4":"has-post-thumbnail","6":"product_cat-all-product","7":"product_cat-krosivky","8":"pa_rozmir-910","9":"pa_rozmir-912","10":"pa_rozmir-914","11":"pa_rozmir-915","12":"pa_rozmir-916","13":"pa_rozmir-917","14":"pa_rozmir-918","15":"pa_rozmir-919","16":"pa_rozmir-920","17":"pa_rozmir-921","18":"pa_rozmir-922","20":"first","21":"onbackorder","22":"purchasable","23":"product-type-variable"},"_links":{"self":[{"href":"https:\/\/nextsnkr.com\/fr\/wp-json\/wp\/v2\/product\/637181","targetHints":{"allow":["GET"]}}],"collection":[{"href":"https:\/\/nextsnkr.com\/fr\/wp-json\/wp\/v2\/product"}],"about":[{"href":"https:\/\/nextsnkr.com\/fr\/wp-json\/wp\/v2\/types\/product"}],"replies":[{"embeddable":true,"href":"https:\/\/nextsnkr.com\/fr\/wp-json\/wp\/v2\/comments?post=637181"}],"version-history":[{"count":0,"href":"https:\/\/nextsnkr.com\/fr\/wp-json\/wp\/v2\/product\/637181\/revisions"}],"wp:featuredmedia":[{"embeddable":true,"href":"https:\/\/nextsnkr.com\/fr\/wp-json\/wp\/v2\/media\/637182"}],"wp:attachment":[{"href":"https:\/\/nextsnkr.com\/fr\/wp-json\/wp\/v2\/media?parent=637181"}],"wp:term":[{"taxonomy":"product_brand","embeddable":true,"href":"https:\/\/nextsnkr.com\/fr\/wp-json\/wp\/v2\/product_brand?post=637181"},{"taxonomy":"product_cat","embeddable":true,"href":"https:\/\/nextsnkr.com\/fr\/wp-json\/wp\/v2\/product_cat?post=637181"},{"taxonomy":"product_tag","embeddable":true,"href":"https:\/\/nextsnkr.com\/fr\/wp-json\/wp\/v2\/product_tag?post=637181"}],"curies":[{"name":"wp","href":"https:\/\/api.w.org\/{rel}","templated":true}]}}