{"id":635821,"date":"2025-06-14T19:57:47","date_gmt":"2025-06-14T16:57:47","guid":{"rendered":"https:\/\/nextsnkr.com\/product\/air-jordan-1-retro-high-og-hyper-royal\/"},"modified":"2026-01-31T17:26:13","modified_gmt":"2026-01-31T14:26:13","slug":"air-jordan-1-retro-high-og-hyper-royal","status":"publish","type":"product","link":"https:\/\/nextsnkr.com\/fr\/produit\/air-jordan-1-retro-high-og-hyper-royal\/","title":{"rendered":"Baskets Air Jordan 1 Retro High og Hyper Royal-cuir homme"},"content":{"rendered":"<h2>Baskets Air Jordan 1 Retro High og Hyper Royal-cuir homme<\/h2>\n<p>Les baskets air Jordan 1 Retro High og Hyper Royal sont un mod\u00e8le l\u00e9gendaire alliant design classique et confort moderne. Fabriqu\u00e9s \u00e0 partir de cuir v\u00e9ritable de haute qualit\u00e9, ils offrent une r\u00e9sistance, une durabilit\u00e9 et un ajustement confortable au pied. La teinte bleue brillante de Hyper Royal ajoute \u00e0 l&rsquo;image du style et de la personnalit\u00e9. La semelle robuste garantit amorti et confort pendant le port quotidien ou les activit\u00e9s de plein air. Choisissez Air Jordan 1 Retro High OG-une combinaison de style et de l\u00e9gende \u00e0 chaque \u00e9tape.<\/p>\n","protected":false},"excerpt":{"rendered":"<p>Les baskets air Jordan 1 Retro High og Hyper Royal sont un mod\u00e8le l\u00e9gendaire alliant design classique et confort moderne. Fabriqu\u00e9s \u00e0 partir de cuir v\u00e9ritable de haute qualit\u00e9, ils offrent une r\u00e9sistance, une durabilit\u00e9 et un ajustement confortable au pied. La teinte bleue brillante de Hyper Royal ajoute \u00e0 l&rsquo;image du style et de la personnalit\u00e9. La semelle robuste garantit amorti et confort pendant le port quotidien ou les activit\u00e9s de plein air. Choisissez Air Jordan 1 Retro High OG-une combinaison de style et de l\u00e9gende \u00e0 chaque \u00e9tape.<\/p>\n","protected":false},"featured_media":635823,"comment_status":"open","ping_status":"open","template":"","meta":[],"product_brand":[],"product_cat":[3384,3212,3319],"product_tag":[],"class_list":{"0":"post-635821","1":"product","2":"type-product","3":"status-publish","4":"has-post-thumbnail","6":"product_cat-nike-jordan","7":"product_cat-all-product","8":"product_cat-kedy","9":"pa_rozmir-910","10":"pa_rozmir-912","11":"pa_rozmir-914","12":"pa_rozmir-915","13":"pa_rozmir-916","14":"pa_rozmir-917","15":"pa_rozmir-918","16":"pa_rozmir-919","17":"pa_rozmir-920","18":"pa_rozmir-921","19":"pa_rozmir-922","21":"first","22":"onbackorder","23":"purchasable","24":"product-type-variable"},"_links":{"self":[{"href":"https:\/\/nextsnkr.com\/fr\/wp-json\/wp\/v2\/product\/635821","targetHints":{"allow":["GET"]}}],"collection":[{"href":"https:\/\/nextsnkr.com\/fr\/wp-json\/wp\/v2\/product"}],"about":[{"href":"https:\/\/nextsnkr.com\/fr\/wp-json\/wp\/v2\/types\/product"}],"replies":[{"embeddable":true,"href":"https:\/\/nextsnkr.com\/fr\/wp-json\/wp\/v2\/comments?post=635821"}],"version-history":[{"count":0,"href":"https:\/\/nextsnkr.com\/fr\/wp-json\/wp\/v2\/product\/635821\/revisions"}],"wp:featuredmedia":[{"embeddable":true,"href":"https:\/\/nextsnkr.com\/fr\/wp-json\/wp\/v2\/media\/635823"}],"wp:attachment":[{"href":"https:\/\/nextsnkr.com\/fr\/wp-json\/wp\/v2\/media?parent=635821"}],"wp:term":[{"taxonomy":"product_brand","embeddable":true,"href":"https:\/\/nextsnkr.com\/fr\/wp-json\/wp\/v2\/product_brand?post=635821"},{"taxonomy":"product_cat","embeddable":true,"href":"https:\/\/nextsnkr.com\/fr\/wp-json\/wp\/v2\/product_cat?post=635821"},{"taxonomy":"product_tag","embeddable":true,"href":"https:\/\/nextsnkr.com\/fr\/wp-json\/wp\/v2\/product_tag?post=635821"}],"curies":[{"name":"wp","href":"https:\/\/api.w.org\/{rel}","templated":true}]}}