{"id":631705,"date":"2025-06-23T08:29:20","date_gmt":"2025-06-23T05:29:20","guid":{"rendered":"https:\/\/nextsnkr.com\/product\/samba-og-cream-brown\/"},"modified":"2026-01-31T17:23:57","modified_gmt":"2026-01-31T14:23:57","slug":"samba-og-cream-brown","status":"publish","type":"product","link":"https:\/\/nextsnkr.com\/fr\/produit\/samba-og-cream-brown\/","title":{"rendered":"Baskets Adidas Samba og Cream \/ Brown textile et daim"},"content":{"rendered":"<h2>Baskets Adidas Samba og Cream \/ Brown textile et daim<\/h2>\n<p>Les baskets Adidas Samba og Cream \/ Brown combinent textile, daim et cuir pour un confort, une durabilit\u00e9 et un look \u00e9l\u00e9gant. Id\u00e9ales pour un port quotidien et des activit\u00e9s de plein air, elles offrent une respirabilit\u00e9 et un soutien du pied. Le design l\u00e9gendaire de Samba OG met en valeur votre style et vous donne confiance dans toutes les situations. Ces baskets deviendront un \u00e9l\u00e9ment indispensable de votre garde-robe.<\/p>\n","protected":false},"excerpt":{"rendered":"<p>Les baskets Adidas Samba og Cream \/ Brown combinent textile, daim et cuir pour un confort, une durabilit\u00e9 et un look \u00e9l\u00e9gant. Id\u00e9ales pour un port quotidien et des activit\u00e9s de plein air, elles offrent une respirabilit\u00e9 et un soutien du pied. Le design l\u00e9gendaire de Samba OG met en valeur votre style et vous donne confiance dans toutes les situations. Ces baskets deviendront un \u00e9l\u00e9ment indispensable de votre garde-robe.<\/p>\n","protected":false},"featured_media":631707,"comment_status":"open","ping_status":"open","template":"","meta":[],"product_brand":[],"product_cat":[3212,3319],"product_tag":[],"class_list":{"0":"post-631705","1":"product","2":"type-product","3":"status-publish","4":"has-post-thumbnail","6":"product_cat-all-product","7":"product_cat-kedy","8":"pa_rozmir-910","9":"pa_rozmir-912","10":"pa_rozmir-914","11":"pa_rozmir-915","12":"pa_rozmir-916","13":"pa_rozmir-917","14":"pa_rozmir-918","15":"pa_rozmir-919","16":"pa_rozmir-920","17":"pa_rozmir-921","18":"pa_rozmir-922","20":"first","21":"instock","22":"purchasable","23":"product-type-variable"},"_links":{"self":[{"href":"https:\/\/nextsnkr.com\/fr\/wp-json\/wp\/v2\/product\/631705","targetHints":{"allow":["GET"]}}],"collection":[{"href":"https:\/\/nextsnkr.com\/fr\/wp-json\/wp\/v2\/product"}],"about":[{"href":"https:\/\/nextsnkr.com\/fr\/wp-json\/wp\/v2\/types\/product"}],"replies":[{"embeddable":true,"href":"https:\/\/nextsnkr.com\/fr\/wp-json\/wp\/v2\/comments?post=631705"}],"version-history":[{"count":0,"href":"https:\/\/nextsnkr.com\/fr\/wp-json\/wp\/v2\/product\/631705\/revisions"}],"wp:featuredmedia":[{"embeddable":true,"href":"https:\/\/nextsnkr.com\/fr\/wp-json\/wp\/v2\/media\/631707"}],"wp:attachment":[{"href":"https:\/\/nextsnkr.com\/fr\/wp-json\/wp\/v2\/media?parent=631705"}],"wp:term":[{"taxonomy":"product_brand","embeddable":true,"href":"https:\/\/nextsnkr.com\/fr\/wp-json\/wp\/v2\/product_brand?post=631705"},{"taxonomy":"product_cat","embeddable":true,"href":"https:\/\/nextsnkr.com\/fr\/wp-json\/wp\/v2\/product_cat?post=631705"},{"taxonomy":"product_tag","embeddable":true,"href":"https:\/\/nextsnkr.com\/fr\/wp-json\/wp\/v2\/product_tag?post=631705"}],"curies":[{"name":"wp","href":"https:\/\/api.w.org\/{rel}","templated":true}]}}