{"id":631575,"date":"2025-06-14T20:07:17","date_gmt":"2025-06-14T17:07:17","guid":{"rendered":"https:\/\/nextsnkr.com\/product\/bottega-veneta-black-clear-sole\/"},"modified":"2026-01-31T17:23:53","modified_gmt":"2026-01-31T14:23:53","slug":"bottega-veneta-black-clear-sole","status":"publish","type":"product","link":"https:\/\/nextsnkr.com\/fr\/produit\/bottega-veneta-black-clear-sole\/","title":{"rendered":"Bottega Veneta Black Clear Sole-bottes d&rsquo;hiver en cuir avec doublure polaire"},"content":{"rendered":"<h2>Bottega Veneta Black Clear Sole-bottes d&rsquo;hiver en cuir avec doublure polaire<\/h2>\n<p>Les \u00e9l\u00e9gantes bottes Bottega Veneta Black Clear Sole allient design \u00e9l\u00e9gant et confort ultime. La tige en cuir v\u00e9ritable assure durabilit\u00e9 et durabilit\u00e9, tandis que la doublure en molleton doux donne de la chaleur m\u00eame par temps froid. La semelle transparente ajoute un accent moderne et une l\u00e9g\u00e8ret\u00e9 \u00e0 la d\u00e9marche. Un choix parfait pour un port quotidien en ville et pour ceux qui appr\u00e9cient la qualit\u00e9, le confort et le style luxueux de Bottega Veneta.<\/p>\n","protected":false},"excerpt":{"rendered":"<p>Les \u00e9l\u00e9gantes bottes Bottega Veneta Black Clear Sole allient design \u00e9l\u00e9gant et confort ultime. La tige en cuir v\u00e9ritable assure durabilit\u00e9 et durabilit\u00e9, tandis que la doublure en molleton doux donne de la chaleur m\u00eame par temps froid. La semelle transparente ajoute un accent moderne et une l\u00e9g\u00e8ret\u00e9 \u00e0 la d\u00e9marche. Un choix parfait pour un port quotidien en ville et pour ceux qui appr\u00e9cient la qualit\u00e9, le confort et le style luxueux de Bottega Veneta.<\/p>\n","protected":false},"featured_media":631576,"comment_status":"open","ping_status":"open","template":"","meta":[],"product_brand":[],"product_cat":[3212,3332],"product_tag":[],"class_list":{"0":"post-631575","1":"product","2":"type-product","3":"status-publish","4":"has-post-thumbnail","6":"product_cat-all-product","7":"product_cat-cherevyky","8":"pa_rozmir-910","9":"pa_rozmir-912","10":"pa_rozmir-914","11":"pa_rozmir-915","12":"pa_rozmir-916","13":"pa_rozmir-917","14":"pa_rozmir-918","15":"pa_rozmir-919","16":"pa_rozmir-920","17":"pa_rozmir-921","18":"pa_rozmir-922","20":"first","21":"instock","22":"purchasable","23":"product-type-variable"},"_links":{"self":[{"href":"https:\/\/nextsnkr.com\/fr\/wp-json\/wp\/v2\/product\/631575","targetHints":{"allow":["GET"]}}],"collection":[{"href":"https:\/\/nextsnkr.com\/fr\/wp-json\/wp\/v2\/product"}],"about":[{"href":"https:\/\/nextsnkr.com\/fr\/wp-json\/wp\/v2\/types\/product"}],"replies":[{"embeddable":true,"href":"https:\/\/nextsnkr.com\/fr\/wp-json\/wp\/v2\/comments?post=631575"}],"version-history":[{"count":0,"href":"https:\/\/nextsnkr.com\/fr\/wp-json\/wp\/v2\/product\/631575\/revisions"}],"wp:featuredmedia":[{"embeddable":true,"href":"https:\/\/nextsnkr.com\/fr\/wp-json\/wp\/v2\/media\/631576"}],"wp:attachment":[{"href":"https:\/\/nextsnkr.com\/fr\/wp-json\/wp\/v2\/media?parent=631575"}],"wp:term":[{"taxonomy":"product_brand","embeddable":true,"href":"https:\/\/nextsnkr.com\/fr\/wp-json\/wp\/v2\/product_brand?post=631575"},{"taxonomy":"product_cat","embeddable":true,"href":"https:\/\/nextsnkr.com\/fr\/wp-json\/wp\/v2\/product_cat?post=631575"},{"taxonomy":"product_tag","embeddable":true,"href":"https:\/\/nextsnkr.com\/fr\/wp-json\/wp\/v2\/product_tag?post=631575"}],"curies":[{"name":"wp","href":"https:\/\/api.w.org\/{rel}","templated":true}]}}