{"id":630896,"date":"2025-06-14T20:08:49","date_gmt":"2025-06-14T17:08:49","guid":{"rendered":"https:\/\/nextsnkr.com\/product\/bottega-venata-black-beige-fur\/"},"modified":"2026-01-31T17:23:33","modified_gmt":"2026-01-31T14:23:33","slug":"bottega-venata-black-beige-fur","status":"publish","type":"product","link":"https:\/\/nextsnkr.com\/fr\/produit\/bottega-venata-black-beige-fur\/","title":{"rendered":"Bottes Bottega Veneta Black Beige Fur &#8211; cuir avec doublure en fourrure"},"content":{"rendered":"<h2>Bottes Bottega Veneta Black Beige Fur &#8211; cuir avec doublure en fourrure<\/h2>\n<p>Les bottes Bottega Veneta Black Beige Fur sont fabriqu\u00e9es en cuir de haute qualit\u00e9 et dot\u00e9es d&rsquo;une doublure en fourrure douce pour offrir chaleur et confort pendant la saison froide. La combinaison \u00e9l\u00e9gante de noir et de beige ajoute de l&rsquo;\u00e9l\u00e9gance et rend le mod\u00e8le polyvalent pour toutes les images. La semelle robuste garantit stabilit\u00e9 et durabilit\u00e9. Choisissez des bottes Bottega Veneta Black Beige Fur pour un m\u00e9lange de confort, de design \u00e0 la mode et de haute qualit\u00e9.<\/p>\n","protected":false},"excerpt":{"rendered":"<p>Les bottes Bottega Veneta Black Beige Fur sont fabriqu\u00e9es en cuir de haute qualit\u00e9 et dot\u00e9es d&rsquo;une doublure en fourrure douce pour offrir chaleur et confort pendant la saison froide. La combinaison \u00e9l\u00e9gante de noir et de beige ajoute de l&rsquo;\u00e9l\u00e9gance et rend le mod\u00e8le polyvalent pour toutes les images. La semelle robuste garantit stabilit\u00e9 et durabilit\u00e9. Choisissez des bottes Bottega Veneta Black Beige Fur pour un m\u00e9lange de confort, de design \u00e0 la mode et de haute qualit\u00e9.<\/p>\n","protected":false},"featured_media":630897,"comment_status":"open","ping_status":"open","template":"","meta":[],"product_brand":[],"product_cat":[3212,3332],"product_tag":[],"class_list":{"0":"post-630896","1":"product","2":"type-product","3":"status-publish","4":"has-post-thumbnail","6":"product_cat-all-product","7":"product_cat-cherevyky","8":"pa_rozmir-910","9":"pa_rozmir-912","10":"pa_rozmir-914","11":"pa_rozmir-915","12":"pa_rozmir-916","13":"pa_rozmir-917","14":"pa_rozmir-918","15":"pa_rozmir-919","16":"pa_rozmir-920","17":"pa_rozmir-921","18":"pa_rozmir-922","20":"first","21":"onbackorder","22":"purchasable","23":"product-type-variable"},"_links":{"self":[{"href":"https:\/\/nextsnkr.com\/fr\/wp-json\/wp\/v2\/product\/630896","targetHints":{"allow":["GET"]}}],"collection":[{"href":"https:\/\/nextsnkr.com\/fr\/wp-json\/wp\/v2\/product"}],"about":[{"href":"https:\/\/nextsnkr.com\/fr\/wp-json\/wp\/v2\/types\/product"}],"replies":[{"embeddable":true,"href":"https:\/\/nextsnkr.com\/fr\/wp-json\/wp\/v2\/comments?post=630896"}],"version-history":[{"count":0,"href":"https:\/\/nextsnkr.com\/fr\/wp-json\/wp\/v2\/product\/630896\/revisions"}],"wp:featuredmedia":[{"embeddable":true,"href":"https:\/\/nextsnkr.com\/fr\/wp-json\/wp\/v2\/media\/630897"}],"wp:attachment":[{"href":"https:\/\/nextsnkr.com\/fr\/wp-json\/wp\/v2\/media?parent=630896"}],"wp:term":[{"taxonomy":"product_brand","embeddable":true,"href":"https:\/\/nextsnkr.com\/fr\/wp-json\/wp\/v2\/product_brand?post=630896"},{"taxonomy":"product_cat","embeddable":true,"href":"https:\/\/nextsnkr.com\/fr\/wp-json\/wp\/v2\/product_cat?post=630896"},{"taxonomy":"product_tag","embeddable":true,"href":"https:\/\/nextsnkr.com\/fr\/wp-json\/wp\/v2\/product_tag?post=630896"}],"curies":[{"name":"wp","href":"https:\/\/api.w.org\/{rel}","templated":true}]}}