{"id":629462,"date":"2025-06-14T20:15:41","date_gmt":"2025-06-14T17:15:41","guid":{"rendered":"https:\/\/nextsnkr.com\/product\/mk-shopper\/"},"modified":"2026-01-31T17:22:15","modified_gmt":"2026-01-31T14:22:15","slug":"mk-shopper","status":"publish","type":"product","link":"https:\/\/nextsnkr.com\/fr\/produit\/mk-shopper\/","title":{"rendered":"Le sac MK Shopper est un sac \u00e0 provisions \u00e9cologique \u00e9l\u00e9gant pour un usage quotidien"},"content":{"rendered":"<h2>Le sac MK Shopper est un sac \u00e0 provisions \u00e9cologique \u00e9l\u00e9gant pour un usage quotidien<\/h2>\n<p>Le sac MK Shopper est un mod\u00e8le \u00e9cologique pratique et \u00e0 la mode, id\u00e9al pour une utilisation quotidienne. La conception spacieuse vous permet de placer confortablement tous les objets n\u00e9cessaires et les mat\u00e9riaux durables assurent la durabilit\u00e9. L&rsquo;aspect \u00e9l\u00e9gant avec un accent de marque laconique souligne le go\u00fbt du propri\u00e9taire et se combine facilement avec n&rsquo;importe quelle fa\u00e7on. Un choix parfait pour ceux qui appr\u00e9cient le confort, la praticit\u00e9 et le style moderne.<\/p>\n","protected":false},"excerpt":{"rendered":"<p>Le sac MK Shopper est un mod\u00e8le \u00e9cologique pratique et \u00e0 la mode, id\u00e9al pour une utilisation quotidienne. La conception spacieuse vous permet de placer confortablement tous les objets n\u00e9cessaires et les mat\u00e9riaux durables assurent la durabilit\u00e9. L&rsquo;aspect \u00e9l\u00e9gant avec un accent de marque laconique souligne le go\u00fbt du propri\u00e9taire et se combine facilement avec n&rsquo;importe quelle fa\u00e7on. Un choix parfait pour ceux qui appr\u00e9cient le confort, la praticit\u00e9 et le style moderne.<\/p>\n","protected":false},"featured_media":629463,"comment_status":"open","ping_status":"open","template":"","meta":[],"product_brand":[],"product_cat":[3212,3478],"product_tag":[],"class_list":{"0":"post-629462","1":"product","2":"type-product","3":"status-publish","4":"has-post-thumbnail","6":"product_cat-all-product","7":"product_cat-sumky","8":"pa_rozmir-25kh35","10":"first","11":"instock","12":"purchasable","13":"product-type-simple"},"_links":{"self":[{"href":"https:\/\/nextsnkr.com\/fr\/wp-json\/wp\/v2\/product\/629462","targetHints":{"allow":["GET"]}}],"collection":[{"href":"https:\/\/nextsnkr.com\/fr\/wp-json\/wp\/v2\/product"}],"about":[{"href":"https:\/\/nextsnkr.com\/fr\/wp-json\/wp\/v2\/types\/product"}],"replies":[{"embeddable":true,"href":"https:\/\/nextsnkr.com\/fr\/wp-json\/wp\/v2\/comments?post=629462"}],"version-history":[{"count":0,"href":"https:\/\/nextsnkr.com\/fr\/wp-json\/wp\/v2\/product\/629462\/revisions"}],"wp:featuredmedia":[{"embeddable":true,"href":"https:\/\/nextsnkr.com\/fr\/wp-json\/wp\/v2\/media\/629463"}],"wp:attachment":[{"href":"https:\/\/nextsnkr.com\/fr\/wp-json\/wp\/v2\/media?parent=629462"}],"wp:term":[{"taxonomy":"product_brand","embeddable":true,"href":"https:\/\/nextsnkr.com\/fr\/wp-json\/wp\/v2\/product_brand?post=629462"},{"taxonomy":"product_cat","embeddable":true,"href":"https:\/\/nextsnkr.com\/fr\/wp-json\/wp\/v2\/product_cat?post=629462"},{"taxonomy":"product_tag","embeddable":true,"href":"https:\/\/nextsnkr.com\/fr\/wp-json\/wp\/v2\/product_tag?post=629462"}],"curies":[{"name":"wp","href":"https:\/\/api.w.org\/{rel}","templated":true}]}}