{"id":626028,"date":"2025-06-13T09:04:00","date_gmt":"2025-06-13T06:04:00","guid":{"rendered":"https:\/\/nextsnkr.com\/product\/air-jordan-1-retro-linen-beige\/"},"modified":"2026-01-31T17:20:29","modified_gmt":"2026-01-31T14:20:29","slug":"air-jordan-1-retro-linen-beige","status":"publish","type":"product","link":"https:\/\/nextsnkr.com\/fr\/produit\/air-jordan-1-retro-linen-beige\/","title":{"rendered":"Baskets Air Jordan 1 Retro linen Beige en cuir v\u00e9ritable"},"content":{"rendered":"<h2>Baskets Air Jordan 1 Retro linen Beige en cuir v\u00e9ritable<\/h2>\n<p>Les baskets Air Jordan 1 Retro linen Beige sont fabriqu\u00e9es au Vietnam en cuir v\u00e9ritable de haute qualit\u00e9, alliant confort, durabilit\u00e9 et style. L\u00e9gers et confortables, ils sont parfaits pour un usage quotidien, une promenade et une vie urbaine active. La nuance beige Lin ajoute de l&rsquo;\u00e9l\u00e9gance et de la polyvalence, ce qui rend les baskets adapt\u00e9es \u00e0 toute garde-robe. Les mat\u00e9riaux de haute qualit\u00e9 et le design l\u00e9gendaire de la marque Air Jordan garantissent style et fiabilit\u00e9. Commandez maintenant et accentuez votre style unique.<\/p>\n","protected":false},"excerpt":{"rendered":"<p>Les baskets Air Jordan 1 Retro linen Beige sont fabriqu\u00e9es au Vietnam en cuir v\u00e9ritable de haute qualit\u00e9, alliant confort, durabilit\u00e9 et style. L\u00e9gers et confortables, ils sont parfaits pour un usage quotidien, une promenade et une vie urbaine active. La nuance beige Lin ajoute de l&rsquo;\u00e9l\u00e9gance et de la polyvalence, ce qui rend les baskets adapt\u00e9es \u00e0 toute garde-robe. Les mat\u00e9riaux de haute qualit\u00e9 et le design l\u00e9gendaire de la marque Air Jordan garantissent style et fiabilit\u00e9. Commandez maintenant et accentuez votre style unique.<\/p>\n","protected":false},"featured_media":626029,"comment_status":"open","ping_status":"open","template":"","meta":[],"product_brand":[],"product_cat":[3384,3212,3319],"product_tag":[],"class_list":{"0":"post-626028","1":"product","2":"type-product","3":"status-publish","4":"has-post-thumbnail","6":"product_cat-nike-jordan","7":"product_cat-all-product","8":"product_cat-kedy","9":"pa_rozmir-910","10":"pa_rozmir-912","11":"pa_rozmir-914","12":"pa_rozmir-915","13":"pa_rozmir-916","14":"pa_rozmir-917","15":"pa_rozmir-918","16":"pa_rozmir-919","17":"pa_rozmir-920","18":"pa_rozmir-921","19":"pa_rozmir-922","21":"first","22":"onbackorder","23":"purchasable","24":"product-type-variable"},"_links":{"self":[{"href":"https:\/\/nextsnkr.com\/fr\/wp-json\/wp\/v2\/product\/626028","targetHints":{"allow":["GET"]}}],"collection":[{"href":"https:\/\/nextsnkr.com\/fr\/wp-json\/wp\/v2\/product"}],"about":[{"href":"https:\/\/nextsnkr.com\/fr\/wp-json\/wp\/v2\/types\/product"}],"replies":[{"embeddable":true,"href":"https:\/\/nextsnkr.com\/fr\/wp-json\/wp\/v2\/comments?post=626028"}],"version-history":[{"count":0,"href":"https:\/\/nextsnkr.com\/fr\/wp-json\/wp\/v2\/product\/626028\/revisions"}],"wp:featuredmedia":[{"embeddable":true,"href":"https:\/\/nextsnkr.com\/fr\/wp-json\/wp\/v2\/media\/626029"}],"wp:attachment":[{"href":"https:\/\/nextsnkr.com\/fr\/wp-json\/wp\/v2\/media?parent=626028"}],"wp:term":[{"taxonomy":"product_brand","embeddable":true,"href":"https:\/\/nextsnkr.com\/fr\/wp-json\/wp\/v2\/product_brand?post=626028"},{"taxonomy":"product_cat","embeddable":true,"href":"https:\/\/nextsnkr.com\/fr\/wp-json\/wp\/v2\/product_cat?post=626028"},{"taxonomy":"product_tag","embeddable":true,"href":"https:\/\/nextsnkr.com\/fr\/wp-json\/wp\/v2\/product_tag?post=626028"}],"curies":[{"name":"wp","href":"https:\/\/api.w.org\/{rel}","templated":true}]}}