{"id":622540,"date":"2025-06-14T20:16:35","date_gmt":"2025-06-14T17:16:35","guid":{"rendered":"https:\/\/nextsnkr.com\/product\/michael-kors\/"},"modified":"2026-01-31T17:18:30","modified_gmt":"2026-01-31T14:18:30","slug":"michael-kors","status":"publish","type":"product","link":"https:\/\/nextsnkr.com\/fr\/produit\/michael-kors\/","title":{"rendered":"Sac Michael Kors en \u00e9co-cuir-mod\u00e8le \u00e9l\u00e9gant et pratique"},"content":{"rendered":"<h2>Sac Michael Kors en \u00e9co-cuir-mod\u00e8le \u00e9l\u00e9gant et pratique<\/h2>\n<p>Le sac Michael Kors est fabriqu\u00e9 \u00e0 partir de cuir \u00e9cologique de qualit\u00e9 pour une durabilit\u00e9, une durabilit\u00e9 et un look moderne. Le mod\u00e8le se caract\u00e9rise par un design r\u00e9fl\u00e9chi, un compartiment int\u00e9rieur spacieux et une polyvalence pour une utilisation quotidienne. Le style \u00e9l\u00e9gant de la marque Michael Kors ajoute \u00e0 l&rsquo;image de la sophistication et du statut. C&rsquo;est le choix id\u00e9al pour les femmes qui appr\u00e9cient le confort, la praticit\u00e9 et la qualit\u00e9 Premium des sacs d&rsquo;une marque bien connue.<\/p>\n","protected":false},"excerpt":{"rendered":"<p>Le sac Michael Kors est fabriqu\u00e9 \u00e0 partir de cuir \u00e9cologique de qualit\u00e9 pour une durabilit\u00e9, une durabilit\u00e9 et un look moderne. Le mod\u00e8le se caract\u00e9rise par un design r\u00e9fl\u00e9chi, un compartiment int\u00e9rieur spacieux et une polyvalence pour une utilisation quotidienne. Le style \u00e9l\u00e9gant de la marque Michael Kors ajoute \u00e0 l&rsquo;image de la sophistication et du statut. C&rsquo;est le choix id\u00e9al pour les femmes qui appr\u00e9cient le confort, la praticit\u00e9 et la qualit\u00e9 Premium des sacs d&rsquo;une marque bien connue.<\/p>\n","protected":false},"featured_media":622541,"comment_status":"open","ping_status":"open","template":"","meta":[],"product_brand":[],"product_cat":[3212,3478],"product_tag":[],"class_list":{"0":"post-622540","1":"product","2":"type-product","3":"status-publish","4":"has-post-thumbnail","6":"product_cat-all-product","7":"product_cat-sumky","8":"pa_rozmir-13kh23","10":"first","11":"instock","12":"purchasable","13":"product-type-simple"},"_links":{"self":[{"href":"https:\/\/nextsnkr.com\/fr\/wp-json\/wp\/v2\/product\/622540","targetHints":{"allow":["GET"]}}],"collection":[{"href":"https:\/\/nextsnkr.com\/fr\/wp-json\/wp\/v2\/product"}],"about":[{"href":"https:\/\/nextsnkr.com\/fr\/wp-json\/wp\/v2\/types\/product"}],"replies":[{"embeddable":true,"href":"https:\/\/nextsnkr.com\/fr\/wp-json\/wp\/v2\/comments?post=622540"}],"version-history":[{"count":0,"href":"https:\/\/nextsnkr.com\/fr\/wp-json\/wp\/v2\/product\/622540\/revisions"}],"wp:featuredmedia":[{"embeddable":true,"href":"https:\/\/nextsnkr.com\/fr\/wp-json\/wp\/v2\/media\/622541"}],"wp:attachment":[{"href":"https:\/\/nextsnkr.com\/fr\/wp-json\/wp\/v2\/media?parent=622540"}],"wp:term":[{"taxonomy":"product_brand","embeddable":true,"href":"https:\/\/nextsnkr.com\/fr\/wp-json\/wp\/v2\/product_brand?post=622540"},{"taxonomy":"product_cat","embeddable":true,"href":"https:\/\/nextsnkr.com\/fr\/wp-json\/wp\/v2\/product_cat?post=622540"},{"taxonomy":"product_tag","embeddable":true,"href":"https:\/\/nextsnkr.com\/fr\/wp-json\/wp\/v2\/product_tag?post=622540"}],"curies":[{"name":"wp","href":"https:\/\/api.w.org\/{rel}","templated":true}]}}