{"id":622513,"date":"2025-06-14T20:17:06","date_gmt":"2025-06-14T17:17:06","guid":{"rendered":"https:\/\/nextsnkr.com\/product\/michael-kors-6\/"},"modified":"2026-01-31T17:18:27","modified_gmt":"2026-01-31T14:18:27","slug":"michael-kors-6","status":"publish","type":"product","link":"https:\/\/nextsnkr.com\/fr\/produit\/michael-kors-6\/","title":{"rendered":"Sac Michael Kors &#8211; \u00e9l\u00e9gant pour femme en cuir \u00e9cologique"},"content":{"rendered":"<h2>Sac Michael Kors &#8211; \u00e9l\u00e9gant pour femme en cuir \u00e9cologique<\/h2>\n<p>Le sac Michael Kors est un accessoire \u00e9l\u00e9gant et pratique pour un usage quotidien. Fabriqu\u00e9 en cuir \u00e9cologique de haute qualit\u00e9, il offre durabilit\u00e9, durabilit\u00e9 et facilit\u00e9 d&rsquo;entretien. Le compartiment int\u00e9rieur spacieux vous permet de placer facilement tous les objets n\u00e9cessaires, et le design \u00e9l\u00e9gant se Marie facilement avec n&rsquo;importe quelle fa\u00e7on. Choisissez un sac Michael Kors-une combinaison de style moderne, de fonctionnalit\u00e9 et de qualit\u00e9 pour chaque fashionista.<\/p>\n","protected":false},"excerpt":{"rendered":"<p>Le sac Michael Kors est un accessoire \u00e9l\u00e9gant et pratique pour un usage quotidien. Fabriqu\u00e9 en cuir \u00e9cologique de haute qualit\u00e9, il offre durabilit\u00e9, durabilit\u00e9 et facilit\u00e9 d&rsquo;entretien. Le compartiment int\u00e9rieur spacieux vous permet de placer facilement tous les objets n\u00e9cessaires, et le design \u00e9l\u00e9gant se Marie facilement avec n&rsquo;importe quelle fa\u00e7on. Choisissez un sac Michael Kors-une combinaison de style moderne, de fonctionnalit\u00e9 et de qualit\u00e9 pour chaque fashionista.<\/p>\n","protected":false},"featured_media":622514,"comment_status":"open","ping_status":"open","template":"","meta":[],"product_brand":[],"product_cat":[3212,3478],"product_tag":[],"class_list":{"0":"post-622513","1":"product","2":"type-product","3":"status-publish","4":"has-post-thumbnail","6":"product_cat-all-product","7":"product_cat-sumky","8":"pa_rozmir-sale","10":"first","11":"instock","12":"purchasable","13":"product-type-simple"},"_links":{"self":[{"href":"https:\/\/nextsnkr.com\/fr\/wp-json\/wp\/v2\/product\/622513","targetHints":{"allow":["GET"]}}],"collection":[{"href":"https:\/\/nextsnkr.com\/fr\/wp-json\/wp\/v2\/product"}],"about":[{"href":"https:\/\/nextsnkr.com\/fr\/wp-json\/wp\/v2\/types\/product"}],"replies":[{"embeddable":true,"href":"https:\/\/nextsnkr.com\/fr\/wp-json\/wp\/v2\/comments?post=622513"}],"version-history":[{"count":0,"href":"https:\/\/nextsnkr.com\/fr\/wp-json\/wp\/v2\/product\/622513\/revisions"}],"wp:featuredmedia":[{"embeddable":true,"href":"https:\/\/nextsnkr.com\/fr\/wp-json\/wp\/v2\/media\/622514"}],"wp:attachment":[{"href":"https:\/\/nextsnkr.com\/fr\/wp-json\/wp\/v2\/media?parent=622513"}],"wp:term":[{"taxonomy":"product_brand","embeddable":true,"href":"https:\/\/nextsnkr.com\/fr\/wp-json\/wp\/v2\/product_brand?post=622513"},{"taxonomy":"product_cat","embeddable":true,"href":"https:\/\/nextsnkr.com\/fr\/wp-json\/wp\/v2\/product_cat?post=622513"},{"taxonomy":"product_tag","embeddable":true,"href":"https:\/\/nextsnkr.com\/fr\/wp-json\/wp\/v2\/product_tag?post=622513"}],"curies":[{"name":"wp","href":"https:\/\/api.w.org\/{rel}","templated":true}]}}