{"id":621501,"date":"2025-06-13T09:15:01","date_gmt":"2025-06-13T06:15:01","guid":{"rendered":"https:\/\/nextsnkr.com\/product\/new-balance-x-72-multicolor\/"},"modified":"2026-01-31T17:18:02","modified_gmt":"2026-01-31T14:18:02","slug":"new-balance-x-72-multicolor","status":"publish","type":"product","link":"https:\/\/nextsnkr.com\/fr\/produit\/new-balance-x-72-multicolor\/","title":{"rendered":"Baskets New Balance x-72 Multicolor en daim et textile"},"content":{"rendered":"<h2>Baskets New Balance x-72 Multicolor en daim et textile<\/h2>\n<p>Les baskets New Balance x-72 Multicolor allient design \u00e9l\u00e9gant et confort gr\u00e2ce \u00e0 des mat\u00e9riaux de haute qualit\u00e9-Textiles et daim. L\u00e9gers et respirants, ils offrent un confort lors d&rsquo;un port quotidien et d&rsquo;un mouvement actif. La d\u00e9coration multicolore lumineuse souligne l&rsquo;individualit\u00e9 et le style moderne. La semelle robuste garantit la stabilit\u00e9 et le soutien du pied, tandis que la marque New Balance confirme la fiabilit\u00e9 et la haute qualit\u00e9 des chaussures. Id\u00e9al pour le sport et l&rsquo;utilisation quotidienne.<\/p>\n","protected":false},"excerpt":{"rendered":"<p>Les baskets New Balance x-72 Multicolor allient design \u00e9l\u00e9gant et confort gr\u00e2ce \u00e0 des mat\u00e9riaux de haute qualit\u00e9-Textiles et daim. L\u00e9gers et respirants, ils offrent un confort lors d&rsquo;un port quotidien et d&rsquo;un mouvement actif. La d\u00e9coration multicolore lumineuse souligne l&rsquo;individualit\u00e9 et le style moderne. La semelle robuste garantit la stabilit\u00e9 et le soutien du pied, tandis que la marque New Balance confirme la fiabilit\u00e9 et la haute qualit\u00e9 des chaussures. Id\u00e9al pour le sport et l&rsquo;utilisation quotidienne.<\/p>\n","protected":false},"featured_media":621502,"comment_status":"open","ping_status":"open","template":"","meta":[],"product_brand":[],"product_cat":[3212,3213],"product_tag":[],"class_list":{"0":"post-621501","1":"product","2":"type-product","3":"status-publish","4":"has-post-thumbnail","6":"product_cat-all-product","7":"product_cat-krosivky","8":"pa_rozmir-910","9":"pa_rozmir-912","10":"pa_rozmir-914","11":"pa_rozmir-915","12":"pa_rozmir-916","13":"pa_rozmir-917","14":"pa_rozmir-918","15":"pa_rozmir-919","16":"pa_rozmir-920","17":"pa_rozmir-921","18":"pa_rozmir-922","20":"first","21":"onbackorder","22":"purchasable","23":"product-type-variable"},"_links":{"self":[{"href":"https:\/\/nextsnkr.com\/fr\/wp-json\/wp\/v2\/product\/621501","targetHints":{"allow":["GET"]}}],"collection":[{"href":"https:\/\/nextsnkr.com\/fr\/wp-json\/wp\/v2\/product"}],"about":[{"href":"https:\/\/nextsnkr.com\/fr\/wp-json\/wp\/v2\/types\/product"}],"replies":[{"embeddable":true,"href":"https:\/\/nextsnkr.com\/fr\/wp-json\/wp\/v2\/comments?post=621501"}],"version-history":[{"count":0,"href":"https:\/\/nextsnkr.com\/fr\/wp-json\/wp\/v2\/product\/621501\/revisions"}],"wp:featuredmedia":[{"embeddable":true,"href":"https:\/\/nextsnkr.com\/fr\/wp-json\/wp\/v2\/media\/621502"}],"wp:attachment":[{"href":"https:\/\/nextsnkr.com\/fr\/wp-json\/wp\/v2\/media?parent=621501"}],"wp:term":[{"taxonomy":"product_brand","embeddable":true,"href":"https:\/\/nextsnkr.com\/fr\/wp-json\/wp\/v2\/product_brand?post=621501"},{"taxonomy":"product_cat","embeddable":true,"href":"https:\/\/nextsnkr.com\/fr\/wp-json\/wp\/v2\/product_cat?post=621501"},{"taxonomy":"product_tag","embeddable":true,"href":"https:\/\/nextsnkr.com\/fr\/wp-json\/wp\/v2\/product_tag?post=621501"}],"curies":[{"name":"wp","href":"https:\/\/api.w.org\/{rel}","templated":true}]}}