{"id":621331,"date":"2025-06-17T22:06:14","date_gmt":"2025-06-17T19:06:14","guid":{"rendered":"https:\/\/nextsnkr.com\/product\/timberland-blue\/"},"modified":"2026-01-31T17:17:57","modified_gmt":"2026-01-31T14:17:57","slug":"timberland-blue","status":"publish","type":"product","link":"https:\/\/nextsnkr.com\/fr\/produit\/timberland-blue\/","title":{"rendered":"Bottes Timberland Blue-bottes d&rsquo;hiver imperm\u00e9ables en nubuck"},"content":{"rendered":"<h2>Bottes Timberland Blue-bottes d&rsquo;hiver imperm\u00e9ables en nubuck<\/h2>\n<p>Les bottes Timberland Blue sont fabriqu\u00e9es en nubuck naturel avec une semelle souple en polyur\u00e9thane, offrant confort et durabilit\u00e9. L&rsquo;isolation int\u00e9rieure en fausse fourrure maintient la chaleur m\u00eame \u00e0 des temp\u00e9ratures allant jusqu&rsquo;\u00e0 -25\u00b0C. la conception \u00c9tanche et les mat\u00e9riaux robustes rendent ces bottes d&rsquo;hiver id\u00e9ales pour la vie urbaine active et les promenades hivernales, alliant le style de la marque Timberland \u00e0 la qualit\u00e9 sup\u00e9rieure.<\/p>\n","protected":false},"excerpt":{"rendered":"<p>Les bottes Timberland Blue sont fabriqu\u00e9es en nubuck naturel avec une semelle souple en polyur\u00e9thane, offrant confort et durabilit\u00e9. L&rsquo;isolation int\u00e9rieure en fausse fourrure maintient la chaleur m\u00eame \u00e0 des temp\u00e9ratures allant jusqu&rsquo;\u00e0 -25\u00b0C. la conception \u00c9tanche et les mat\u00e9riaux robustes rendent ces bottes d&rsquo;hiver id\u00e9ales pour la vie urbaine active et les promenades hivernales, alliant le style de la marque Timberland \u00e0 la qualit\u00e9 sup\u00e9rieure.<\/p>\n","protected":false},"featured_media":621332,"comment_status":"open","ping_status":"open","template":"","meta":[],"product_brand":[],"product_cat":[3212,3332],"product_tag":[],"class_list":{"0":"post-621331","1":"product","2":"type-product","3":"status-publish","4":"has-post-thumbnail","6":"product_cat-all-product","7":"product_cat-cherevyky","8":"pa_rozmir-910","9":"pa_rozmir-912","10":"pa_rozmir-914","11":"pa_rozmir-915","12":"pa_rozmir-916","13":"pa_rozmir-917","14":"pa_rozmir-918","15":"pa_rozmir-919","16":"pa_rozmir-920","17":"pa_rozmir-921","18":"pa_rozmir-922","20":"first","21":"onbackorder","22":"purchasable","23":"product-type-variable"},"_links":{"self":[{"href":"https:\/\/nextsnkr.com\/fr\/wp-json\/wp\/v2\/product\/621331","targetHints":{"allow":["GET"]}}],"collection":[{"href":"https:\/\/nextsnkr.com\/fr\/wp-json\/wp\/v2\/product"}],"about":[{"href":"https:\/\/nextsnkr.com\/fr\/wp-json\/wp\/v2\/types\/product"}],"replies":[{"embeddable":true,"href":"https:\/\/nextsnkr.com\/fr\/wp-json\/wp\/v2\/comments?post=621331"}],"version-history":[{"count":0,"href":"https:\/\/nextsnkr.com\/fr\/wp-json\/wp\/v2\/product\/621331\/revisions"}],"wp:featuredmedia":[{"embeddable":true,"href":"https:\/\/nextsnkr.com\/fr\/wp-json\/wp\/v2\/media\/621332"}],"wp:attachment":[{"href":"https:\/\/nextsnkr.com\/fr\/wp-json\/wp\/v2\/media?parent=621331"}],"wp:term":[{"taxonomy":"product_brand","embeddable":true,"href":"https:\/\/nextsnkr.com\/fr\/wp-json\/wp\/v2\/product_brand?post=621331"},{"taxonomy":"product_cat","embeddable":true,"href":"https:\/\/nextsnkr.com\/fr\/wp-json\/wp\/v2\/product_cat?post=621331"},{"taxonomy":"product_tag","embeddable":true,"href":"https:\/\/nextsnkr.com\/fr\/wp-json\/wp\/v2\/product_tag?post=621331"}],"curies":[{"name":"wp","href":"https:\/\/api.w.org\/{rel}","templated":true}]}}