{"id":619125,"date":"2025-06-17T22:17:29","date_gmt":"2025-06-17T19:17:29","guid":{"rendered":"https:\/\/nextsnkr.com\/product\/nike-air-max-plus-bright-cactus\/"},"modified":"2026-01-31T17:16:43","modified_gmt":"2026-01-31T14:16:43","slug":"nike-air-max-plus-bright-cactus","status":"publish","type":"product","link":"https:\/\/nextsnkr.com\/fr\/produit\/nike-air-max-plus-bright-cactus\/","title":{"rendered":"Baskets Nike Air Max plus Bright Cactus-baskets en cuir et textile"},"content":{"rendered":"<h2>Baskets Nike Air Max plus Bright Cactus-baskets en cuir et textile<\/h2>\n<p>Les baskets Nike Air Max plus Bright Cactus sont fabriqu\u00e9es dans une combinaison de cuir et de Textiles pour un confort, un soutien du pied et une durabilit\u00e9. La teinte verte brillante ajoute un accent \u00e0 la mode et fait ressortir le mod\u00e8le dans un style d\u00e9contract\u00e9 ou sportif. La semelle amortissante garantit le confort lors de la marche et de la course, tandis que les mat\u00e9riaux de qualit\u00e9 sup\u00e9rieure garantissent un port durable. Choisissez Nike Air Max Plus Bright Cactus pour un look \u00e9l\u00e9gant, pratique et confortable tous les jours.<\/p>\n","protected":false},"excerpt":{"rendered":"<p>Les baskets Nike Air Max plus Bright Cactus sont fabriqu\u00e9es dans une combinaison de cuir et de Textiles pour un confort, un soutien du pied et une durabilit\u00e9. La teinte verte brillante ajoute un accent \u00e0 la mode et fait ressortir le mod\u00e8le dans un style d\u00e9contract\u00e9 ou sportif. La semelle amortissante garantit le confort lors de la marche et de la course, tandis que les mat\u00e9riaux de qualit\u00e9 sup\u00e9rieure garantissent un port durable. Choisissez Nike Air Max Plus Bright Cactus pour un look \u00e9l\u00e9gant, pratique et confortable tous les jours.<\/p>\n","protected":false},"featured_media":619126,"comment_status":"open","ping_status":"open","template":"","meta":[],"product_brand":[],"product_cat":[3212,3213],"product_tag":[],"class_list":{"0":"post-619125","1":"product","2":"type-product","3":"status-publish","4":"has-post-thumbnail","6":"product_cat-all-product","7":"product_cat-krosivky","8":"pa_rozmir-910","9":"pa_rozmir-912","10":"pa_rozmir-914","11":"pa_rozmir-915","12":"pa_rozmir-916","13":"pa_rozmir-917","14":"pa_rozmir-918","15":"pa_rozmir-919","16":"pa_rozmir-920","17":"pa_rozmir-921","18":"pa_rozmir-922","20":"first","21":"onbackorder","22":"purchasable","23":"product-type-variable"},"_links":{"self":[{"href":"https:\/\/nextsnkr.com\/fr\/wp-json\/wp\/v2\/product\/619125","targetHints":{"allow":["GET"]}}],"collection":[{"href":"https:\/\/nextsnkr.com\/fr\/wp-json\/wp\/v2\/product"}],"about":[{"href":"https:\/\/nextsnkr.com\/fr\/wp-json\/wp\/v2\/types\/product"}],"replies":[{"embeddable":true,"href":"https:\/\/nextsnkr.com\/fr\/wp-json\/wp\/v2\/comments?post=619125"}],"version-history":[{"count":0,"href":"https:\/\/nextsnkr.com\/fr\/wp-json\/wp\/v2\/product\/619125\/revisions"}],"wp:featuredmedia":[{"embeddable":true,"href":"https:\/\/nextsnkr.com\/fr\/wp-json\/wp\/v2\/media\/619126"}],"wp:attachment":[{"href":"https:\/\/nextsnkr.com\/fr\/wp-json\/wp\/v2\/media?parent=619125"}],"wp:term":[{"taxonomy":"product_brand","embeddable":true,"href":"https:\/\/nextsnkr.com\/fr\/wp-json\/wp\/v2\/product_brand?post=619125"},{"taxonomy":"product_cat","embeddable":true,"href":"https:\/\/nextsnkr.com\/fr\/wp-json\/wp\/v2\/product_cat?post=619125"},{"taxonomy":"product_tag","embeddable":true,"href":"https:\/\/nextsnkr.com\/fr\/wp-json\/wp\/v2\/product_tag?post=619125"}],"curies":[{"name":"wp","href":"https:\/\/api.w.org\/{rel}","templated":true}]}}