{"id":618435,"date":"2025-06-17T22:20:57","date_gmt":"2025-06-17T19:20:57","guid":{"rendered":"https:\/\/nextsnkr.com\/product\/nike-air-max-plus-tn-tiffany-quad\/"},"modified":"2026-01-31T17:16:22","modified_gmt":"2026-01-31T14:16:22","slug":"nike-air-max-plus-tn-tiffany-quad","status":"publish","type":"product","link":"https:\/\/nextsnkr.com\/fr\/produit\/nike-air-max-plus-tn-tiffany-quad\/","title":{"rendered":"Baskets Nike Air Max Plus TN \u00a0\u00bb Tiffany Quad &#8211; &#8211; style et confort"},"content":{"rendered":"<h2>Baskets Nike Air Max Plus TN \u00a0\u00bb Tiffany Quad &#8211; &#8211; style et confort<\/h2>\n<p>Les baskets Nike Air Max plus TN \u00ab\u00a0Tiffany Quad\u00a0\u00bb allient un design moderne et un grand confort pour un port quotidien. Fabriqu\u00e9s \u00e0 partir de Textiles de qualit\u00e9, ils offrent l\u00e9g\u00e8ret\u00e9, respirabilit\u00e9 et stabilit\u00e9 lors d&rsquo;un mouvement actif. L&rsquo;amorti Air Max de la marque garantit confort et soutien du pied, tandis que la solution de couleurs vives \u00ab\u00a0Tiffany Quad\u00a0\u00bb rend le mod\u00e8le accrocheur et \u00e0 la mode. Un choix parfait pour ceux qui appr\u00e9cient le style, la qualit\u00e9 et le confort dans la vie quotidienne.<\/p>\n","protected":false},"excerpt":{"rendered":"<p>Les baskets Nike Air Max plus TN \u00ab\u00a0Tiffany Quad\u00a0\u00bb allient un design moderne et un grand confort pour un port quotidien. Fabriqu\u00e9s \u00e0 partir de Textiles de qualit\u00e9, ils offrent l\u00e9g\u00e8ret\u00e9, respirabilit\u00e9 et stabilit\u00e9 lors d&rsquo;un mouvement actif. L&rsquo;amorti Air Max de la marque garantit confort et soutien du pied, tandis que la solution de couleurs vives \u00ab\u00a0Tiffany Quad\u00a0\u00bb rend le mod\u00e8le accrocheur et \u00e0 la mode. Un choix parfait pour ceux qui appr\u00e9cient le style, la qualit\u00e9 et le confort dans la vie quotidienne.<\/p>\n","protected":false},"featured_media":618436,"comment_status":"open","ping_status":"open","template":"","meta":[],"product_brand":[],"product_cat":[3212,3213],"product_tag":[],"class_list":{"0":"post-618435","1":"product","2":"type-product","3":"status-publish","4":"has-post-thumbnail","6":"product_cat-all-product","7":"product_cat-krosivky","8":"pa_rozmir-910","9":"pa_rozmir-912","10":"pa_rozmir-914","11":"pa_rozmir-915","12":"pa_rozmir-916","13":"pa_rozmir-917","14":"pa_rozmir-918","15":"pa_rozmir-919","16":"pa_rozmir-920","17":"pa_rozmir-921","18":"pa_rozmir-922","20":"first","21":"onbackorder","22":"purchasable","23":"product-type-variable"},"_links":{"self":[{"href":"https:\/\/nextsnkr.com\/fr\/wp-json\/wp\/v2\/product\/618435","targetHints":{"allow":["GET"]}}],"collection":[{"href":"https:\/\/nextsnkr.com\/fr\/wp-json\/wp\/v2\/product"}],"about":[{"href":"https:\/\/nextsnkr.com\/fr\/wp-json\/wp\/v2\/types\/product"}],"replies":[{"embeddable":true,"href":"https:\/\/nextsnkr.com\/fr\/wp-json\/wp\/v2\/comments?post=618435"}],"version-history":[{"count":0,"href":"https:\/\/nextsnkr.com\/fr\/wp-json\/wp\/v2\/product\/618435\/revisions"}],"wp:featuredmedia":[{"embeddable":true,"href":"https:\/\/nextsnkr.com\/fr\/wp-json\/wp\/v2\/media\/618436"}],"wp:attachment":[{"href":"https:\/\/nextsnkr.com\/fr\/wp-json\/wp\/v2\/media?parent=618435"}],"wp:term":[{"taxonomy":"product_brand","embeddable":true,"href":"https:\/\/nextsnkr.com\/fr\/wp-json\/wp\/v2\/product_brand?post=618435"},{"taxonomy":"product_cat","embeddable":true,"href":"https:\/\/nextsnkr.com\/fr\/wp-json\/wp\/v2\/product_cat?post=618435"},{"taxonomy":"product_tag","embeddable":true,"href":"https:\/\/nextsnkr.com\/fr\/wp-json\/wp\/v2\/product_tag?post=618435"}],"curies":[{"name":"wp","href":"https:\/\/api.w.org\/{rel}","templated":true}]}}