{"id":615386,"date":"2025-06-17T22:52:41","date_gmt":"2025-06-17T19:52:41","guid":{"rendered":"https:\/\/nextsnkr.com\/product\/muzhskoe-bele-champion-grey\/"},"modified":"2026-01-31T17:14:32","modified_gmt":"2026-01-31T14:14:32","slug":"muzhskoe-bele-champion-grey","status":"publish","type":"product","link":"https:\/\/nextsnkr.com\/fr\/produit\/muzhskoe-bele-champion-grey\/","title":{"rendered":"Sous-v\u00eatements homme CHAMPION Grey coton \/ spandex confortable"},"content":{"rendered":"<h2>Sous-v\u00eatements homme CHAMPION Grey coton \/ spandex confortable<\/h2>\n<p>Les sous-v\u00eatements CHAMPION Grey pour hommes sont fabriqu\u00e9s \u00e0 partir d&rsquo;une combinaison de qualit\u00e9 de 95% de coton et de 5% de spandex, offrant confort, \u00e9lasticit\u00e9 et durabilit\u00e9. Les tailles disponibles S-XXL conviennent \u00e0 diff\u00e9rents types de corps. Le mat\u00e9riau souple respire, ne g\u00eane pas les mouvements et maintient le confort tout au long de la journ\u00e9e. Un choix parfait pour le port quotidien, le sport et le style de vie actif, combinant la qualit\u00e9 Premium de la marque CHAMPION et le style moderne.<\/p>\n","protected":false},"excerpt":{"rendered":"<p>Les sous-v\u00eatements CHAMPION Grey pour hommes sont fabriqu\u00e9s \u00e0 partir d&rsquo;une combinaison de qualit\u00e9 de 95% de coton et de 5% de spandex, offrant confort, \u00e9lasticit\u00e9 et durabilit\u00e9. Les tailles disponibles S-XXL conviennent \u00e0 diff\u00e9rents types de corps. Le mat\u00e9riau souple respire, ne g\u00eane pas les mouvements et maintient le confort tout au long de la journ\u00e9e. Un choix parfait pour le port quotidien, le sport et le style de vie actif, combinant la qualit\u00e9 Premium de la marque CHAMPION et le style moderne.<\/p>\n","protected":false},"featured_media":615387,"comment_status":"open","ping_status":"open","template":"","meta":[],"product_brand":[],"product_cat":[3212,3533],"product_tag":[],"class_list":{"0":"post-615386","1":"product","2":"type-product","3":"status-publish","4":"has-post-thumbnail","6":"product_cat-all-product","7":"product_cat-cholovicha-bilyzna","8":"pa_rozmir-s","9":"pa_rozmir-m","10":"pa_rozmir-l","11":"pa_rozmir-xl","12":"pa_rozmir-xxl","14":"first","15":"onbackorder","16":"purchasable","17":"product-type-variable"},"_links":{"self":[{"href":"https:\/\/nextsnkr.com\/fr\/wp-json\/wp\/v2\/product\/615386","targetHints":{"allow":["GET"]}}],"collection":[{"href":"https:\/\/nextsnkr.com\/fr\/wp-json\/wp\/v2\/product"}],"about":[{"href":"https:\/\/nextsnkr.com\/fr\/wp-json\/wp\/v2\/types\/product"}],"replies":[{"embeddable":true,"href":"https:\/\/nextsnkr.com\/fr\/wp-json\/wp\/v2\/comments?post=615386"}],"version-history":[{"count":0,"href":"https:\/\/nextsnkr.com\/fr\/wp-json\/wp\/v2\/product\/615386\/revisions"}],"wp:featuredmedia":[{"embeddable":true,"href":"https:\/\/nextsnkr.com\/fr\/wp-json\/wp\/v2\/media\/615387"}],"wp:attachment":[{"href":"https:\/\/nextsnkr.com\/fr\/wp-json\/wp\/v2\/media?parent=615386"}],"wp:term":[{"taxonomy":"product_brand","embeddable":true,"href":"https:\/\/nextsnkr.com\/fr\/wp-json\/wp\/v2\/product_brand?post=615386"},{"taxonomy":"product_cat","embeddable":true,"href":"https:\/\/nextsnkr.com\/fr\/wp-json\/wp\/v2\/product_cat?post=615386"},{"taxonomy":"product_tag","embeddable":true,"href":"https:\/\/nextsnkr.com\/fr\/wp-json\/wp\/v2\/product_tag?post=615386"}],"curies":[{"name":"wp","href":"https:\/\/api.w.org\/{rel}","templated":true}]}}