{"id":615203,"date":"2025-06-17T22:53:27","date_gmt":"2025-06-17T19:53:27","guid":{"rendered":"https:\/\/nextsnkr.com\/product\/zhenskoe-bele-calvin-klein-grey\/"},"modified":"2026-01-31T17:14:23","modified_gmt":"2026-01-31T14:14:23","slug":"zhenskoe-bele-calvin-klein-grey","status":"publish","type":"product","link":"https:\/\/nextsnkr.com\/fr\/produit\/zhenskoe-bele-calvin-klein-grey\/","title":{"rendered":"Lingerie Calvin Klein Grey-confortable en coton et spandex"},"content":{"rendered":"<h2>Lingerie Calvin Klein Grey-confortable en coton et spandex<\/h2>\n<p>La lingerie Calvin Klein Grey est fabriqu\u00e9e en coton et spandex de haute qualit\u00e9 (95% coton, 5% spandex), offrant confort, \u00e9lasticit\u00e9 et ajustement parfait. Le mod\u00e8le est adapt\u00e9 pour un port quotidien, donne une sensation de l\u00e9g\u00e8ret\u00e9 et de soutien. La couleur grise \u00e9l\u00e9gante et la c\u00e9l\u00e8bre marque Calvin Klein rendent la lingerie \u00e9l\u00e9gante et polyvalente pour toute garde-robe. Fabricant-Egypte. Choisissez Calvin Klein Grey pour le confort, la qualit\u00e9 et le design moderne.<\/p>\n","protected":false},"excerpt":{"rendered":"<p>La lingerie Calvin Klein Grey est fabriqu\u00e9e en coton et spandex de haute qualit\u00e9 (95% coton, 5% spandex), offrant confort, \u00e9lasticit\u00e9 et ajustement parfait. Le mod\u00e8le est adapt\u00e9 pour un port quotidien, donne une sensation de l\u00e9g\u00e8ret\u00e9 et de soutien. La couleur grise \u00e9l\u00e9gante et la c\u00e9l\u00e8bre marque Calvin Klein rendent la lingerie \u00e9l\u00e9gante et polyvalente pour toute garde-robe. Fabricant-Egypte. Choisissez Calvin Klein Grey pour le confort, la qualit\u00e9 et le design moderne.<\/p>\n","protected":false},"featured_media":615204,"comment_status":"open","ping_status":"open","template":"","meta":[],"product_brand":[],"product_cat":[3212],"product_tag":[],"class_list":{"0":"post-615203","1":"product","2":"type-product","3":"status-publish","4":"has-post-thumbnail","6":"product_cat-all-product","7":"pa_rozmir-s","8":"pa_rozmir-m","9":"pa_rozmir-l","10":"pa_rozmir-xl","11":"pa_rozmir-xxl","13":"first","14":"onbackorder","15":"purchasable","16":"product-type-variable"},"_links":{"self":[{"href":"https:\/\/nextsnkr.com\/fr\/wp-json\/wp\/v2\/product\/615203","targetHints":{"allow":["GET"]}}],"collection":[{"href":"https:\/\/nextsnkr.com\/fr\/wp-json\/wp\/v2\/product"}],"about":[{"href":"https:\/\/nextsnkr.com\/fr\/wp-json\/wp\/v2\/types\/product"}],"replies":[{"embeddable":true,"href":"https:\/\/nextsnkr.com\/fr\/wp-json\/wp\/v2\/comments?post=615203"}],"version-history":[{"count":0,"href":"https:\/\/nextsnkr.com\/fr\/wp-json\/wp\/v2\/product\/615203\/revisions"}],"wp:featuredmedia":[{"embeddable":true,"href":"https:\/\/nextsnkr.com\/fr\/wp-json\/wp\/v2\/media\/615204"}],"wp:attachment":[{"href":"https:\/\/nextsnkr.com\/fr\/wp-json\/wp\/v2\/media?parent=615203"}],"wp:term":[{"taxonomy":"product_brand","embeddable":true,"href":"https:\/\/nextsnkr.com\/fr\/wp-json\/wp\/v2\/product_brand?post=615203"},{"taxonomy":"product_cat","embeddable":true,"href":"https:\/\/nextsnkr.com\/fr\/wp-json\/wp\/v2\/product_cat?post=615203"},{"taxonomy":"product_tag","embeddable":true,"href":"https:\/\/nextsnkr.com\/fr\/wp-json\/wp\/v2\/product_tag?post=615203"}],"curies":[{"name":"wp","href":"https:\/\/api.w.org\/{rel}","templated":true}]}}