{"id":615021,"date":"2025-06-17T22:54:21","date_gmt":"2025-06-17T19:54:21","guid":{"rendered":"https:\/\/nextsnkr.com\/product\/muzhskoe-bele-champion-blue\/"},"modified":"2026-01-31T17:14:14","modified_gmt":"2026-01-31T14:14:14","slug":"muzhskoe-bele-champion-blue","status":"publish","type":"product","link":"https:\/\/nextsnkr.com\/fr\/produit\/muzhskoe-bele-champion-blue\/","title":{"rendered":"Sous-v\u00eatements CHAMPION Blue pour hommes-mod\u00e8le en coton confortable"},"content":{"rendered":"<h2>Sous-v\u00eatements CHAMPION Blue pour hommes-mod\u00e8le en coton confortable<\/h2>\n<p>Les sous-v\u00eatements CHAMPION Blue pour HOMMES sont fabriqu\u00e9s \u00e0 partir de coton de haute qualit\u00e9 (95% coton, 5% spandex), ce qui procure douceur, \u00e9lasticit\u00e9 et confort tout au long de la journ\u00e9e. Les tailles disponibles S-XXL conviennent \u00e0 toutes les formes et la couleur bleue \u00e9l\u00e9gante ajoute un look moderne. Id\u00e9al pour un usage quotidien et un style de vie actif, le sous-v\u00eatement CHAMPION garantit libert\u00e9 de mouvement et durabilit\u00e9. Choisissez le confort et la qualit\u00e9 d&rsquo;une marque c\u00e9l\u00e8bre.<\/p>\n","protected":false},"excerpt":{"rendered":"<p>Les sous-v\u00eatements CHAMPION Blue pour HOMMES sont fabriqu\u00e9s \u00e0 partir de coton de haute qualit\u00e9 (95% coton, 5% spandex), ce qui procure douceur, \u00e9lasticit\u00e9 et confort tout au long de la journ\u00e9e. Les tailles disponibles S-XXL conviennent \u00e0 toutes les formes et la couleur bleue \u00e9l\u00e9gante ajoute un look moderne. Id\u00e9al pour un usage quotidien et un style de vie actif, le sous-v\u00eatement CHAMPION garantit libert\u00e9 de mouvement et durabilit\u00e9. Choisissez le confort et la qualit\u00e9 d&rsquo;une marque c\u00e9l\u00e8bre.<\/p>\n","protected":false},"featured_media":615022,"comment_status":"open","ping_status":"open","template":"","meta":[],"product_brand":[],"product_cat":[3212,3533],"product_tag":[],"class_list":{"0":"post-615021","1":"product","2":"type-product","3":"status-publish","4":"has-post-thumbnail","6":"product_cat-all-product","7":"product_cat-cholovicha-bilyzna","8":"pa_rozmir-s","9":"pa_rozmir-m","10":"pa_rozmir-l","11":"pa_rozmir-xl","12":"pa_rozmir-xxl","14":"first","15":"onbackorder","16":"purchasable","17":"product-type-variable"},"_links":{"self":[{"href":"https:\/\/nextsnkr.com\/fr\/wp-json\/wp\/v2\/product\/615021","targetHints":{"allow":["GET"]}}],"collection":[{"href":"https:\/\/nextsnkr.com\/fr\/wp-json\/wp\/v2\/product"}],"about":[{"href":"https:\/\/nextsnkr.com\/fr\/wp-json\/wp\/v2\/types\/product"}],"replies":[{"embeddable":true,"href":"https:\/\/nextsnkr.com\/fr\/wp-json\/wp\/v2\/comments?post=615021"}],"version-history":[{"count":0,"href":"https:\/\/nextsnkr.com\/fr\/wp-json\/wp\/v2\/product\/615021\/revisions"}],"wp:featuredmedia":[{"embeddable":true,"href":"https:\/\/nextsnkr.com\/fr\/wp-json\/wp\/v2\/media\/615022"}],"wp:attachment":[{"href":"https:\/\/nextsnkr.com\/fr\/wp-json\/wp\/v2\/media?parent=615021"}],"wp:term":[{"taxonomy":"product_brand","embeddable":true,"href":"https:\/\/nextsnkr.com\/fr\/wp-json\/wp\/v2\/product_brand?post=615021"},{"taxonomy":"product_cat","embeddable":true,"href":"https:\/\/nextsnkr.com\/fr\/wp-json\/wp\/v2\/product_cat?post=615021"},{"taxonomy":"product_tag","embeddable":true,"href":"https:\/\/nextsnkr.com\/fr\/wp-json\/wp\/v2\/product_tag?post=615021"}],"curies":[{"name":"wp","href":"https:\/\/api.w.org\/{rel}","templated":true}]}}