{"id":614613,"date":"2025-06-13T10:59:42","date_gmt":"2025-06-13T07:59:42","guid":{"rendered":"https:\/\/nextsnkr.com\/product\/air-force-1-mini-swoosh-lime-light-najk-svetytsia-v-temnote\/"},"modified":"2026-01-31T17:14:01","modified_gmt":"2026-01-31T14:14:01","slug":"air-force-1-mini-swoosh-lime-light-najk-svetytsia-v-temnote","status":"publish","type":"product","link":"https:\/\/nextsnkr.com\/fr\/produit\/air-force-1-mini-swoosh-lime-light-najk-svetytsia-v-temnote\/","title":{"rendered":"Baskets Air Force 1 Mini swoosh Lime Light-cuir brillant dans le noir"},"content":{"rendered":"<h2>Baskets Air Force 1 Mini swoosh Lime Light-cuir brillant dans le noir<\/h2>\n<p>Les baskets Air Force 1 Mini swoosh Lime Light de la marque Nike sont en cuir de haute qualit\u00e9 et se distinguent par une nuance \u00e9l\u00e9gante de citron vert. La particularit\u00e9 du mod\u00e8le est la lueur du logo dans l&rsquo;obscurit\u00e9, ce qui ajoute de la luminosit\u00e9 et de la personnalit\u00e9 \u00e0 l&rsquo;image. Un ajustement confortable et une semelle robuste garantissent un confort de port quotidien. Un choix parfait pour ceux qui appr\u00e9cient la marque, la qualit\u00e9, le design moderne et le style spectaculaire.<\/p>\n","protected":false},"excerpt":{"rendered":"<p>Les baskets Air Force 1 Mini swoosh Lime Light de la marque Nike sont en cuir de haute qualit\u00e9 et se distinguent par une nuance \u00e9l\u00e9gante de citron vert. La particularit\u00e9 du mod\u00e8le est la lueur du logo dans l&rsquo;obscurit\u00e9, ce qui ajoute de la luminosit\u00e9 et de la personnalit\u00e9 \u00e0 l&rsquo;image. Un ajustement confortable et une semelle robuste garantissent un confort de port quotidien. Un choix parfait pour ceux qui appr\u00e9cient la marque, la qualit\u00e9, le design moderne et le style spectaculaire.<\/p>\n","protected":false},"featured_media":614614,"comment_status":"open","ping_status":"open","template":"","meta":[],"product_brand":[],"product_cat":[3212,3319],"product_tag":[],"class_list":{"0":"post-614613","1":"product","2":"type-product","3":"status-publish","4":"has-post-thumbnail","6":"product_cat-all-product","7":"product_cat-kedy","8":"pa_rozmir-910","9":"pa_rozmir-912","10":"pa_rozmir-914","11":"pa_rozmir-915","12":"pa_rozmir-916","13":"pa_rozmir-917","14":"pa_rozmir-918","15":"pa_rozmir-919","16":"pa_rozmir-920","17":"pa_rozmir-921","18":"pa_rozmir-922","20":"first","21":"onbackorder","22":"purchasable","23":"product-type-variable"},"_links":{"self":[{"href":"https:\/\/nextsnkr.com\/fr\/wp-json\/wp\/v2\/product\/614613","targetHints":{"allow":["GET"]}}],"collection":[{"href":"https:\/\/nextsnkr.com\/fr\/wp-json\/wp\/v2\/product"}],"about":[{"href":"https:\/\/nextsnkr.com\/fr\/wp-json\/wp\/v2\/types\/product"}],"replies":[{"embeddable":true,"href":"https:\/\/nextsnkr.com\/fr\/wp-json\/wp\/v2\/comments?post=614613"}],"version-history":[{"count":0,"href":"https:\/\/nextsnkr.com\/fr\/wp-json\/wp\/v2\/product\/614613\/revisions"}],"wp:featuredmedia":[{"embeddable":true,"href":"https:\/\/nextsnkr.com\/fr\/wp-json\/wp\/v2\/media\/614614"}],"wp:attachment":[{"href":"https:\/\/nextsnkr.com\/fr\/wp-json\/wp\/v2\/media?parent=614613"}],"wp:term":[{"taxonomy":"product_brand","embeddable":true,"href":"https:\/\/nextsnkr.com\/fr\/wp-json\/wp\/v2\/product_brand?post=614613"},{"taxonomy":"product_cat","embeddable":true,"href":"https:\/\/nextsnkr.com\/fr\/wp-json\/wp\/v2\/product_cat?post=614613"},{"taxonomy":"product_tag","embeddable":true,"href":"https:\/\/nextsnkr.com\/fr\/wp-json\/wp\/v2\/product_tag?post=614613"}],"curies":[{"name":"wp","href":"https:\/\/api.w.org\/{rel}","templated":true}]}}