{"id":614258,"date":"2025-06-14T15:46:02","date_gmt":"2025-06-14T12:46:02","guid":{"rendered":"https:\/\/nextsnkr.com\/product\/blcg-slippers-leopard\/"},"modified":"2026-01-31T17:13:52","modified_gmt":"2026-01-31T14:13:52","slug":"blcg-slippers-leopard","status":"publish","type":"product","link":"https:\/\/nextsnkr.com\/fr\/produit\/blcg-slippers-leopard\/","title":{"rendered":"BLCG Slippers Leopard Sandals-pantoufles de maison en fourrure pour femmes"},"content":{"rendered":"<h2>BLCG Slippers Leopard Sandals-pantoufles de maison en fourrure pour femmes<\/h2>\n<p>Les sandales BLCG Slippers Leopard sont des pantoufles de maison confortables et \u00e9l\u00e9gantes en fourrure douce, offrant une sensation de chaleur et de confort aux pieds. L&rsquo;imprim\u00e9 l\u00e9opard vif ajoute un accent \u00e0 la mode, m\u00eame dans un look de maison d\u00e9contract\u00e9. La semelle l\u00e9g\u00e8re garantit le confort lors de la marche dans la maison, tandis que la performance de qualit\u00e9 du Fabricant chinois assure la durabilit\u00e9. Choisissez Blcg Slippers Leopard pour une combinaison de confort, de confort et de design \u00e9l\u00e9gant.<\/p>\n","protected":false},"excerpt":{"rendered":"<p>Les sandales BLCG Slippers Leopard sont des pantoufles de maison confortables et \u00e9l\u00e9gantes en fourrure douce, offrant une sensation de chaleur et de confort aux pieds. L&rsquo;imprim\u00e9 l\u00e9opard vif ajoute un accent \u00e0 la mode, m\u00eame dans un look de maison d\u00e9contract\u00e9. La semelle l\u00e9g\u00e8re garantit le confort lors de la marche dans la maison, tandis que la performance de qualit\u00e9 du Fabricant chinois assure la durabilit\u00e9. Choisissez Blcg Slippers Leopard pour une combinaison de confort, de confort et de design \u00e9l\u00e9gant.<\/p>\n","protected":false},"featured_media":614261,"comment_status":"open","ping_status":"open","template":"","meta":[],"product_brand":[],"product_cat":[3212,3448],"product_tag":[],"class_list":{"0":"post-614258","1":"product","2":"type-product","3":"status-publish","4":"has-post-thumbnail","6":"product_cat-all-product","7":"product_cat-sandali","8":"pa_rozmir-910","9":"pa_rozmir-912","10":"pa_rozmir-914","11":"pa_rozmir-915","12":"pa_rozmir-916","13":"pa_rozmir-917","14":"pa_rozmir-918","15":"pa_rozmir-919","16":"pa_rozmir-920","17":"pa_rozmir-921","18":"pa_rozmir-922","20":"first","21":"onbackorder","22":"purchasable","23":"product-type-variable"},"_links":{"self":[{"href":"https:\/\/nextsnkr.com\/fr\/wp-json\/wp\/v2\/product\/614258","targetHints":{"allow":["GET"]}}],"collection":[{"href":"https:\/\/nextsnkr.com\/fr\/wp-json\/wp\/v2\/product"}],"about":[{"href":"https:\/\/nextsnkr.com\/fr\/wp-json\/wp\/v2\/types\/product"}],"replies":[{"embeddable":true,"href":"https:\/\/nextsnkr.com\/fr\/wp-json\/wp\/v2\/comments?post=614258"}],"version-history":[{"count":0,"href":"https:\/\/nextsnkr.com\/fr\/wp-json\/wp\/v2\/product\/614258\/revisions"}],"wp:featuredmedia":[{"embeddable":true,"href":"https:\/\/nextsnkr.com\/fr\/wp-json\/wp\/v2\/media\/614261"}],"wp:attachment":[{"href":"https:\/\/nextsnkr.com\/fr\/wp-json\/wp\/v2\/media?parent=614258"}],"wp:term":[{"taxonomy":"product_brand","embeddable":true,"href":"https:\/\/nextsnkr.com\/fr\/wp-json\/wp\/v2\/product_brand?post=614258"},{"taxonomy":"product_cat","embeddable":true,"href":"https:\/\/nextsnkr.com\/fr\/wp-json\/wp\/v2\/product_cat?post=614258"},{"taxonomy":"product_tag","embeddable":true,"href":"https:\/\/nextsnkr.com\/fr\/wp-json\/wp\/v2\/product_tag?post=614258"}],"curies":[{"name":"wp","href":"https:\/\/api.w.org\/{rel}","templated":true}]}}