{"id":612943,"date":"2025-06-14T15:45:29","date_gmt":"2025-06-14T12:45:29","guid":{"rendered":"https:\/\/nextsnkr.com\/product\/cr-dior-sandal-black-white\/"},"modified":"2026-01-31T17:12:42","modified_gmt":"2026-01-31T14:12:42","slug":"cr-dior-sandal-black-white","status":"publish","type":"product","link":"https:\/\/nextsnkr.com\/fr\/produit\/cr-dior-sandal-black-white\/","title":{"rendered":"Chaussons Cr. Dior Sandal Black \/ White-tongs Textiles \u00e9l\u00e9gants"},"content":{"rendered":"<h2>Chaussons Cr. Dior Sandal Black \/ White-tongs Textiles \u00e9l\u00e9gants<\/h2>\n<p>Cr. Dior Sandal Black \/ White-tongs Textiles l\u00e9gers et confortables, alliant confort et design moderne. La combinaison contrast\u00e9e de noir et blanc ajoute de l&rsquo;\u00e9l\u00e9gance et de la polyvalence, convient pour un port quotidien \u00e0 la maison, \u00e0 la plage ou \u00e0 la marche. Fabriqu\u00e9es en France (en fait en Chine), ces chaussons se distinguent par leur durabilit\u00e9, leur praticit\u00e9 et leur l\u00e9g\u00e8ret\u00e9. Un choix parfait pour ceux qui appr\u00e9cient le style et le confort tous les jours.<\/p>\n","protected":false},"excerpt":{"rendered":"<p>Cr. Dior Sandal Black \/ White-tongs Textiles l\u00e9gers et confortables, alliant confort et design moderne. La combinaison contrast\u00e9e de noir et blanc ajoute de l&rsquo;\u00e9l\u00e9gance et de la polyvalence, convient pour un port quotidien \u00e0 la maison, \u00e0 la plage ou \u00e0 la marche. Fabriqu\u00e9es en France (en fait en Chine), ces chaussons se distinguent par leur durabilit\u00e9, leur praticit\u00e9 et leur l\u00e9g\u00e8ret\u00e9. Un choix parfait pour ceux qui appr\u00e9cient le style et le confort tous les jours.<\/p>\n","protected":false},"featured_media":612947,"comment_status":"open","ping_status":"open","template":"","meta":[],"product_brand":[],"product_cat":[3212,3421],"product_tag":[],"class_list":{"0":"post-612943","1":"product","2":"type-product","3":"status-publish","4":"has-post-thumbnail","6":"product_cat-all-product","7":"product_cat-shlopantsi","8":"pa_rozmir-910","9":"pa_rozmir-912","10":"pa_rozmir-914","11":"pa_rozmir-915","12":"pa_rozmir-916","13":"pa_rozmir-917","14":"pa_rozmir-918","15":"pa_rozmir-919","16":"pa_rozmir-920","17":"pa_rozmir-921","18":"pa_rozmir-922","20":"first","21":"instock","22":"purchasable","23":"product-type-variable"},"_links":{"self":[{"href":"https:\/\/nextsnkr.com\/fr\/wp-json\/wp\/v2\/product\/612943","targetHints":{"allow":["GET"]}}],"collection":[{"href":"https:\/\/nextsnkr.com\/fr\/wp-json\/wp\/v2\/product"}],"about":[{"href":"https:\/\/nextsnkr.com\/fr\/wp-json\/wp\/v2\/types\/product"}],"replies":[{"embeddable":true,"href":"https:\/\/nextsnkr.com\/fr\/wp-json\/wp\/v2\/comments?post=612943"}],"version-history":[{"count":0,"href":"https:\/\/nextsnkr.com\/fr\/wp-json\/wp\/v2\/product\/612943\/revisions"}],"wp:featuredmedia":[{"embeddable":true,"href":"https:\/\/nextsnkr.com\/fr\/wp-json\/wp\/v2\/media\/612947"}],"wp:attachment":[{"href":"https:\/\/nextsnkr.com\/fr\/wp-json\/wp\/v2\/media?parent=612943"}],"wp:term":[{"taxonomy":"product_brand","embeddable":true,"href":"https:\/\/nextsnkr.com\/fr\/wp-json\/wp\/v2\/product_brand?post=612943"},{"taxonomy":"product_cat","embeddable":true,"href":"https:\/\/nextsnkr.com\/fr\/wp-json\/wp\/v2\/product_cat?post=612943"},{"taxonomy":"product_tag","embeddable":true,"href":"https:\/\/nextsnkr.com\/fr\/wp-json\/wp\/v2\/product_tag?post=612943"}],"curies":[{"name":"wp","href":"https:\/\/api.w.org\/{rel}","templated":true}]}}