{"id":611607,"date":"2025-06-23T08:42:34","date_gmt":"2025-06-23T05:42:34","guid":{"rendered":"https:\/\/nextsnkr.com\/product\/x-wales-bonner-silver\/"},"modified":"2026-01-31T17:12:06","modified_gmt":"2026-01-31T14:12:06","slug":"x-wales-bonner-silver","status":"publish","type":"product","link":"https:\/\/nextsnkr.com\/fr\/produit\/x-wales-bonner-silver\/","title":{"rendered":"Baskets X Wales Bonner Silver en cuir verni pour un look \u00e9l\u00e9gant"},"content":{"rendered":"<h2>Baskets X Wales Bonner Silver en cuir verni pour un look \u00e9l\u00e9gant<\/h2>\n<p>Les baskets X Wales Bonner Silver de la marque Wales Bonner sont fabriqu\u00e9es en cuir verni de haute qualit\u00e9 pour une durabilit\u00e9 et un look \u00e9l\u00e9gant. Ces baskets \u00e9l\u00e9gantes sont parfaites pour un usage quotidien et des occasions sp\u00e9ciales, alliant confort et design haut de gamme. La couleur argent\u00e9e moderne ajoute de la personnalit\u00e9 et se Marie facilement avec n&rsquo;importe quelle garde-robe, rendant votre look lumineux et accrocheur.<\/p>\n","protected":false},"excerpt":{"rendered":"<p>Les baskets X Wales Bonner Silver de la marque Wales Bonner sont fabriqu\u00e9es en cuir verni de haute qualit\u00e9 pour une durabilit\u00e9 et un look \u00e9l\u00e9gant. Ces baskets \u00e9l\u00e9gantes sont parfaites pour un usage quotidien et des occasions sp\u00e9ciales, alliant confort et design haut de gamme. La couleur argent\u00e9e moderne ajoute de la personnalit\u00e9 et se Marie facilement avec n&rsquo;importe quelle garde-robe, rendant votre look lumineux et accrocheur.<\/p>\n","protected":false},"featured_media":611608,"comment_status":"open","ping_status":"open","template":"","meta":[],"product_brand":[],"product_cat":[3212,3319],"product_tag":[],"class_list":{"0":"post-611607","1":"product","2":"type-product","3":"status-publish","4":"has-post-thumbnail","6":"product_cat-all-product","7":"product_cat-kedy","8":"pa_rozmir-910","9":"pa_rozmir-912","10":"pa_rozmir-914","11":"pa_rozmir-915","12":"pa_rozmir-916","13":"pa_rozmir-917","14":"pa_rozmir-918","15":"pa_rozmir-919","16":"pa_rozmir-920","17":"pa_rozmir-921","18":"pa_rozmir-922","20":"first","21":"onbackorder","22":"purchasable","23":"product-type-variable"},"_links":{"self":[{"href":"https:\/\/nextsnkr.com\/fr\/wp-json\/wp\/v2\/product\/611607","targetHints":{"allow":["GET"]}}],"collection":[{"href":"https:\/\/nextsnkr.com\/fr\/wp-json\/wp\/v2\/product"}],"about":[{"href":"https:\/\/nextsnkr.com\/fr\/wp-json\/wp\/v2\/types\/product"}],"replies":[{"embeddable":true,"href":"https:\/\/nextsnkr.com\/fr\/wp-json\/wp\/v2\/comments?post=611607"}],"version-history":[{"count":0,"href":"https:\/\/nextsnkr.com\/fr\/wp-json\/wp\/v2\/product\/611607\/revisions"}],"wp:featuredmedia":[{"embeddable":true,"href":"https:\/\/nextsnkr.com\/fr\/wp-json\/wp\/v2\/media\/611608"}],"wp:attachment":[{"href":"https:\/\/nextsnkr.com\/fr\/wp-json\/wp\/v2\/media?parent=611607"}],"wp:term":[{"taxonomy":"product_brand","embeddable":true,"href":"https:\/\/nextsnkr.com\/fr\/wp-json\/wp\/v2\/product_brand?post=611607"},{"taxonomy":"product_cat","embeddable":true,"href":"https:\/\/nextsnkr.com\/fr\/wp-json\/wp\/v2\/product_cat?post=611607"},{"taxonomy":"product_tag","embeddable":true,"href":"https:\/\/nextsnkr.com\/fr\/wp-json\/wp\/v2\/product_tag?post=611607"}],"curies":[{"name":"wp","href":"https:\/\/api.w.org\/{rel}","templated":true}]}}