{"id":611098,"date":"2025-06-23T08:45:04","date_gmt":"2025-06-23T05:45:04","guid":{"rendered":"https:\/\/nextsnkr.com\/product\/gazelle-pink-platform\/"},"modified":"2026-01-31T17:11:39","modified_gmt":"2026-01-31T14:11:39","slug":"gazelle-pink-platform","status":"publish","type":"product","link":"https:\/\/nextsnkr.com\/fr\/produit\/gazelle-pink-platform\/","title":{"rendered":"Baskets Gazelle Pink Platform en daim \u00e0 plateforme haute"},"content":{"rendered":"<h2>Baskets Gazelle Pink Platform en daim \u00e0 plateforme haute<\/h2>\n<p>Les baskets Gazelle Pink Platform sont fabriqu\u00e9es en daim doux pour un confort et un port \u00e9l\u00e9gant. Le Fabricant du Vietnam garantit la qualit\u00e9 et la durabilit\u00e9 de chaque paire. La couleur rose vif et la plate-forme haute ajoutent modernit\u00e9 et originalit\u00e9 \u00e0 l&rsquo;image. L\u00e9ger et confortable, ces baskets sont id\u00e9ales pour une utilisation quotidienne, la marche et les activit\u00e9s de plein air, soulignant votre style unique.<\/p>\n","protected":false},"excerpt":{"rendered":"<p>Les baskets Gazelle Pink Platform sont fabriqu\u00e9es en daim doux pour un confort et un port \u00e9l\u00e9gant. Le Fabricant du Vietnam garantit la qualit\u00e9 et la durabilit\u00e9 de chaque paire. La couleur rose vif et la plate-forme haute ajoutent modernit\u00e9 et originalit\u00e9 \u00e0 l&rsquo;image. L\u00e9ger et confortable, ces baskets sont id\u00e9ales pour une utilisation quotidienne, la marche et les activit\u00e9s de plein air, soulignant votre style unique.<\/p>\n","protected":false},"featured_media":611099,"comment_status":"open","ping_status":"open","template":"","meta":[],"product_brand":[],"product_cat":[3212,3319],"product_tag":[],"class_list":{"0":"post-611098","1":"product","2":"type-product","3":"status-publish","4":"has-post-thumbnail","6":"product_cat-all-product","7":"product_cat-kedy","8":"pa_rozmir-910","9":"pa_rozmir-912","10":"pa_rozmir-914","11":"pa_rozmir-915","12":"pa_rozmir-916","13":"pa_rozmir-917","14":"pa_rozmir-918","15":"pa_rozmir-919","16":"pa_rozmir-920","17":"pa_rozmir-921","18":"pa_rozmir-922","20":"first","21":"onbackorder","22":"purchasable","23":"product-type-variable"},"_links":{"self":[{"href":"https:\/\/nextsnkr.com\/fr\/wp-json\/wp\/v2\/product\/611098","targetHints":{"allow":["GET"]}}],"collection":[{"href":"https:\/\/nextsnkr.com\/fr\/wp-json\/wp\/v2\/product"}],"about":[{"href":"https:\/\/nextsnkr.com\/fr\/wp-json\/wp\/v2\/types\/product"}],"replies":[{"embeddable":true,"href":"https:\/\/nextsnkr.com\/fr\/wp-json\/wp\/v2\/comments?post=611098"}],"version-history":[{"count":0,"href":"https:\/\/nextsnkr.com\/fr\/wp-json\/wp\/v2\/product\/611098\/revisions"}],"wp:featuredmedia":[{"embeddable":true,"href":"https:\/\/nextsnkr.com\/fr\/wp-json\/wp\/v2\/media\/611099"}],"wp:attachment":[{"href":"https:\/\/nextsnkr.com\/fr\/wp-json\/wp\/v2\/media?parent=611098"}],"wp:term":[{"taxonomy":"product_brand","embeddable":true,"href":"https:\/\/nextsnkr.com\/fr\/wp-json\/wp\/v2\/product_brand?post=611098"},{"taxonomy":"product_cat","embeddable":true,"href":"https:\/\/nextsnkr.com\/fr\/wp-json\/wp\/v2\/product_cat?post=611098"},{"taxonomy":"product_tag","embeddable":true,"href":"https:\/\/nextsnkr.com\/fr\/wp-json\/wp\/v2\/product_tag?post=611098"}],"curies":[{"name":"wp","href":"https:\/\/api.w.org\/{rel}","templated":true}]}}