{"id":610060,"date":"2025-06-13T11:01:42","date_gmt":"2025-06-13T08:01:42","guid":{"rendered":"https:\/\/nextsnkr.com\/product\/yeezy-boost-350-white\/"},"modified":"2026-01-31T17:11:10","modified_gmt":"2026-01-31T14:11:10","slug":"yeezy-boost-350-white","status":"publish","type":"product","link":"https:\/\/nextsnkr.com\/fr\/produit\/yeezy-boost-350-white\/","title":{"rendered":"Baskets Yeezy Boost 350 White en textile-confort et style"},"content":{"rendered":"<h2>Baskets Yeezy Boost 350 White en textile-confort et style<\/h2>\n<p>Les baskets Yeezy Boost 350 White sont fabriqu\u00e9es dans un mat\u00e9riau textile l\u00e9ger qui offre un maximum de confort et de respirabilit\u00e9 lors de l&rsquo;utilisation quotidienne. Le design blanc moderne rend le mod\u00e8le polyvalent et \u00e9l\u00e9gant pour n&rsquo;importe quelle image. Fabriqu\u00e9s en Chine avec une couture de haute qualit\u00e9, ils combinent look tendance et fiabilit\u00e9. Un choix parfait pour ceux qui appr\u00e9cient les baskets de marque et le confort dans la vie quotidienne. Code et SKU: 0485v-272003.<\/p>\n","protected":false},"excerpt":{"rendered":"<p>Les baskets Yeezy Boost 350 White sont fabriqu\u00e9es dans un mat\u00e9riau textile l\u00e9ger qui offre un maximum de confort et de respirabilit\u00e9 lors de l&rsquo;utilisation quotidienne. Le design blanc moderne rend le mod\u00e8le polyvalent et \u00e9l\u00e9gant pour n&rsquo;importe quelle image. Fabriqu\u00e9s en Chine avec une couture de haute qualit\u00e9, ils combinent look tendance et fiabilit\u00e9. Un choix parfait pour ceux qui appr\u00e9cient les baskets de marque et le confort dans la vie quotidienne. Code et SKU: 0485v-272003.<\/p>\n","protected":false},"featured_media":610061,"comment_status":"open","ping_status":"open","template":"","meta":[],"product_brand":[],"product_cat":[3397,3212,3213],"product_tag":[],"class_list":{"0":"post-610060","1":"product","2":"type-product","3":"status-publish","4":"has-post-thumbnail","6":"product_cat-adidas-yeezy","7":"product_cat-all-product","8":"product_cat-krosivky","9":"pa_rozmir-910","10":"pa_rozmir-912","11":"pa_rozmir-914","12":"pa_rozmir-915","13":"pa_rozmir-916","14":"pa_rozmir-917","15":"pa_rozmir-918","16":"pa_rozmir-919","17":"pa_rozmir-920","18":"pa_rozmir-921","19":"pa_rozmir-922","21":"first","22":"instock","23":"purchasable","24":"product-type-variable"},"_links":{"self":[{"href":"https:\/\/nextsnkr.com\/fr\/wp-json\/wp\/v2\/product\/610060","targetHints":{"allow":["GET"]}}],"collection":[{"href":"https:\/\/nextsnkr.com\/fr\/wp-json\/wp\/v2\/product"}],"about":[{"href":"https:\/\/nextsnkr.com\/fr\/wp-json\/wp\/v2\/types\/product"}],"replies":[{"embeddable":true,"href":"https:\/\/nextsnkr.com\/fr\/wp-json\/wp\/v2\/comments?post=610060"}],"version-history":[{"count":0,"href":"https:\/\/nextsnkr.com\/fr\/wp-json\/wp\/v2\/product\/610060\/revisions"}],"wp:featuredmedia":[{"embeddable":true,"href":"https:\/\/nextsnkr.com\/fr\/wp-json\/wp\/v2\/media\/610061"}],"wp:attachment":[{"href":"https:\/\/nextsnkr.com\/fr\/wp-json\/wp\/v2\/media?parent=610060"}],"wp:term":[{"taxonomy":"product_brand","embeddable":true,"href":"https:\/\/nextsnkr.com\/fr\/wp-json\/wp\/v2\/product_brand?post=610060"},{"taxonomy":"product_cat","embeddable":true,"href":"https:\/\/nextsnkr.com\/fr\/wp-json\/wp\/v2\/product_cat?post=610060"},{"taxonomy":"product_tag","embeddable":true,"href":"https:\/\/nextsnkr.com\/fr\/wp-json\/wp\/v2\/product_tag?post=610060"}],"curies":[{"name":"wp","href":"https:\/\/api.w.org\/{rel}","templated":true}]}}