{"id":607379,"date":"2025-06-14T15:47:48","date_gmt":"2025-06-14T12:47:48","guid":{"rendered":"https:\/\/nextsnkr.com\/product\/miu-miu-slippers-black\/"},"modified":"2026-01-31T17:09:43","modified_gmt":"2026-01-31T14:09:43","slug":"miu-miu-slippers-black","status":"publish","type":"product","link":"https:\/\/nextsnkr.com\/fr\/produit\/miu-miu-slippers-black\/","title":{"rendered":"Pantoufles Miu Miu Slippers Black-pantoufles \u00e9l\u00e9gantes en cuir et en textile"},"content":{"rendered":"<h2>Pantoufles Miu Miu Slippers Black-pantoufles \u00e9l\u00e9gantes en cuir et en textile<\/h2>\n<p>Les \u00e9l\u00e9gantes pantoufles Miu Miu Slippers Black sont fabriqu\u00e9es \u00e0 partir d&rsquo;une combinaison de cuir et de Textiles, offrant confort, douceur et durabilit\u00e9. Le design noir \u00e9l\u00e9gant rend le mod\u00e8le polyvalent et facile \u00e0 assortir \u00e0 n&rsquo;importe quelle mani\u00e8re domestique ou quotidienne. Fabriqu\u00e9s en Chine, les pantoufles sont marqu\u00e9es par une performance de qualit\u00e9 et un ajustement r\u00e9fl\u00e9chi, ce qui garantit un confort de port. Un choix parfait pour ceux qui appr\u00e9cient le style haut de gamme, le confort et la praticit\u00e9 dans la vie quotidienne.<\/p>\n","protected":false},"excerpt":{"rendered":"<p>Les \u00e9l\u00e9gantes pantoufles Miu Miu Slippers Black sont fabriqu\u00e9es \u00e0 partir d&rsquo;une combinaison de cuir et de Textiles, offrant confort, douceur et durabilit\u00e9. Le design noir \u00e9l\u00e9gant rend le mod\u00e8le polyvalent et facile \u00e0 assortir \u00e0 n&rsquo;importe quelle mani\u00e8re domestique ou quotidienne. Fabriqu\u00e9s en Chine, les pantoufles sont marqu\u00e9es par une performance de qualit\u00e9 et un ajustement r\u00e9fl\u00e9chi, ce qui garantit un confort de port. Un choix parfait pour ceux qui appr\u00e9cient le style haut de gamme, le confort et la praticit\u00e9 dans la vie quotidienne.<\/p>\n","protected":false},"featured_media":607383,"comment_status":"open","ping_status":"open","template":"","meta":[],"product_brand":[],"product_cat":[3212,3421],"product_tag":[],"class_list":{"0":"post-607379","1":"product","2":"type-product","3":"status-publish","4":"has-post-thumbnail","6":"product_cat-all-product","7":"product_cat-shlopantsi","8":"pa_rozmir-910","9":"pa_rozmir-912","10":"pa_rozmir-914","11":"pa_rozmir-915","12":"pa_rozmir-916","13":"pa_rozmir-917","14":"pa_rozmir-918","15":"pa_rozmir-919","16":"pa_rozmir-920","17":"pa_rozmir-921","18":"pa_rozmir-922","20":"first","21":"onbackorder","22":"purchasable","23":"product-type-variable"},"_links":{"self":[{"href":"https:\/\/nextsnkr.com\/fr\/wp-json\/wp\/v2\/product\/607379","targetHints":{"allow":["GET"]}}],"collection":[{"href":"https:\/\/nextsnkr.com\/fr\/wp-json\/wp\/v2\/product"}],"about":[{"href":"https:\/\/nextsnkr.com\/fr\/wp-json\/wp\/v2\/types\/product"}],"replies":[{"embeddable":true,"href":"https:\/\/nextsnkr.com\/fr\/wp-json\/wp\/v2\/comments?post=607379"}],"version-history":[{"count":0,"href":"https:\/\/nextsnkr.com\/fr\/wp-json\/wp\/v2\/product\/607379\/revisions"}],"wp:featuredmedia":[{"embeddable":true,"href":"https:\/\/nextsnkr.com\/fr\/wp-json\/wp\/v2\/media\/607383"}],"wp:attachment":[{"href":"https:\/\/nextsnkr.com\/fr\/wp-json\/wp\/v2\/media?parent=607379"}],"wp:term":[{"taxonomy":"product_brand","embeddable":true,"href":"https:\/\/nextsnkr.com\/fr\/wp-json\/wp\/v2\/product_brand?post=607379"},{"taxonomy":"product_cat","embeddable":true,"href":"https:\/\/nextsnkr.com\/fr\/wp-json\/wp\/v2\/product_cat?post=607379"},{"taxonomy":"product_tag","embeddable":true,"href":"https:\/\/nextsnkr.com\/fr\/wp-json\/wp\/v2\/product_tag?post=607379"}],"curies":[{"name":"wp","href":"https:\/\/api.w.org\/{rel}","templated":true}]}}