{"id":606987,"date":"2025-06-13T11:02:23","date_gmt":"2025-06-13T08:02:23","guid":{"rendered":"https:\/\/nextsnkr.com\/product\/yeezy-boost-350-v2-synth-reflective\/"},"modified":"2026-01-31T17:09:33","modified_gmt":"2026-01-31T14:09:33","slug":"yeezy-boost-350-v2-synth-reflective","status":"publish","type":"product","link":"https:\/\/nextsnkr.com\/fr\/produit\/yeezy-boost-350-v2-synth-reflective\/","title":{"rendered":"Baskets Yeezy Boost 350 v2 Synth Reflective-textile hommes \/ femmes"},"content":{"rendered":"<h2>Baskets Yeezy Boost 350 v2 Synth Reflective-textile hommes \/ femmes<\/h2>\n<p>Les baskets Yeezy Boost 350 v2 Synth Reflective sont un mod\u00e8le \u00e9l\u00e9gant et l\u00e9ger pour les connaisseurs de chaussures tendance. Fabriqu\u00e9s \u00e0 partir de Textiles de qualit\u00e9, ils offrent une ventilation et un confort sup\u00e9rieurs, m\u00eame lors d&rsquo;un port prolong\u00e9. L&rsquo;effet r\u00e9fl\u00e9chissant ajoute de l&rsquo;originalit\u00e9 et de la visibilit\u00e9 dans l&rsquo;obscurit\u00e9. Fabriqu\u00e9 en Chine en conformit\u00e9 avec les normes modernes. Un choix parfait pour le style urbain d\u00e9contract\u00e9 et le style de vie actif.<\/p>\n","protected":false},"excerpt":{"rendered":"<p>Les baskets Yeezy Boost 350 v2 Synth Reflective sont un mod\u00e8le \u00e9l\u00e9gant et l\u00e9ger pour les connaisseurs de chaussures tendance. Fabriqu\u00e9s \u00e0 partir de Textiles de qualit\u00e9, ils offrent une ventilation et un confort sup\u00e9rieurs, m\u00eame lors d&rsquo;un port prolong\u00e9. L&rsquo;effet r\u00e9fl\u00e9chissant ajoute de l&rsquo;originalit\u00e9 et de la visibilit\u00e9 dans l&rsquo;obscurit\u00e9. Fabriqu\u00e9 en Chine en conformit\u00e9 avec les normes modernes. Un choix parfait pour le style urbain d\u00e9contract\u00e9 et le style de vie actif.<\/p>\n","protected":false},"featured_media":606988,"comment_status":"open","ping_status":"open","template":"","meta":[],"product_brand":[],"product_cat":[3397,3212,3213],"product_tag":[],"class_list":{"0":"post-606987","1":"product","2":"type-product","3":"status-publish","4":"has-post-thumbnail","6":"product_cat-adidas-yeezy","7":"product_cat-all-product","8":"product_cat-krosivky","9":"pa_rozmir-910","10":"pa_rozmir-912","11":"pa_rozmir-914","12":"pa_rozmir-915","13":"pa_rozmir-916","14":"pa_rozmir-917","15":"pa_rozmir-918","16":"pa_rozmir-919","17":"pa_rozmir-920","18":"pa_rozmir-921","19":"pa_rozmir-922","21":"first","22":"instock","23":"purchasable","24":"product-type-variable"},"_links":{"self":[{"href":"https:\/\/nextsnkr.com\/fr\/wp-json\/wp\/v2\/product\/606987","targetHints":{"allow":["GET"]}}],"collection":[{"href":"https:\/\/nextsnkr.com\/fr\/wp-json\/wp\/v2\/product"}],"about":[{"href":"https:\/\/nextsnkr.com\/fr\/wp-json\/wp\/v2\/types\/product"}],"replies":[{"embeddable":true,"href":"https:\/\/nextsnkr.com\/fr\/wp-json\/wp\/v2\/comments?post=606987"}],"version-history":[{"count":0,"href":"https:\/\/nextsnkr.com\/fr\/wp-json\/wp\/v2\/product\/606987\/revisions"}],"wp:featuredmedia":[{"embeddable":true,"href":"https:\/\/nextsnkr.com\/fr\/wp-json\/wp\/v2\/media\/606988"}],"wp:attachment":[{"href":"https:\/\/nextsnkr.com\/fr\/wp-json\/wp\/v2\/media?parent=606987"}],"wp:term":[{"taxonomy":"product_brand","embeddable":true,"href":"https:\/\/nextsnkr.com\/fr\/wp-json\/wp\/v2\/product_brand?post=606987"},{"taxonomy":"product_cat","embeddable":true,"href":"https:\/\/nextsnkr.com\/fr\/wp-json\/wp\/v2\/product_cat?post=606987"},{"taxonomy":"product_tag","embeddable":true,"href":"https:\/\/nextsnkr.com\/fr\/wp-json\/wp\/v2\/product_tag?post=606987"}],"curies":[{"name":"wp","href":"https:\/\/api.w.org\/{rel}","templated":true}]}}