{"id":603954,"date":"2025-06-14T15:50:43","date_gmt":"2025-06-14T12:50:43","guid":{"rendered":"https:\/\/nextsnkr.com\/product\/hermes-chyrpe-brown-stars\/"},"modified":"2026-01-31T17:07:54","modified_gmt":"2026-01-31T14:07:54","slug":"hermes-chyrpe-brown-stars","status":"publish","type":"product","link":"https:\/\/nextsnkr.com\/fr\/produit\/hermes-chyrpe-brown-stars\/","title":{"rendered":"Pantoufles Hermes Chyrpe Brown Stars en cuir"},"content":{"rendered":"<h2>Pantoufles Hermes Chyrpe Brown Stars en cuir<\/h2>\n<p>Les \u00e9l\u00e9gantes pantoufles Hermes Chyrpe Brown Stars sont fabriqu\u00e9es en cuir de haute qualit\u00e9, offrant confort et durabilit\u00e9. Le design marron \u00e9l\u00e9gant avec des \u00e9toiles D\u00e9coratives souligne le style haut de gamme de la marque Hermes. La conception confortable les rend parfaits pour porter tous les jours \u00e0 la maison ou pour les loisirs. La fabrication en France (en fait la Chine) garantit une combinaison de design \u00e0 la mode et de praticit\u00e9 pour les connaisseurs de luxe et de confort.<\/p>\n","protected":false},"excerpt":{"rendered":"<p>Les \u00e9l\u00e9gantes pantoufles Hermes Chyrpe Brown Stars sont fabriqu\u00e9es en cuir de haute qualit\u00e9, offrant confort et durabilit\u00e9. Le design marron \u00e9l\u00e9gant avec des \u00e9toiles D\u00e9coratives souligne le style haut de gamme de la marque Hermes. La conception confortable les rend parfaits pour porter tous les jours \u00e0 la maison ou pour les loisirs. La fabrication en France (en fait la Chine) garantit une combinaison de design \u00e0 la mode et de praticit\u00e9 pour les connaisseurs de luxe et de confort.<\/p>\n","protected":false},"featured_media":603956,"comment_status":"open","ping_status":"open","template":"","meta":[],"product_brand":[],"product_cat":[3212,3421],"product_tag":[],"class_list":{"0":"post-603954","1":"product","2":"type-product","3":"status-publish","4":"has-post-thumbnail","6":"product_cat-all-product","7":"product_cat-shlopantsi","8":"pa_rozmir-910","9":"pa_rozmir-912","10":"pa_rozmir-914","11":"pa_rozmir-915","12":"pa_rozmir-916","13":"pa_rozmir-917","14":"pa_rozmir-918","15":"pa_rozmir-919","16":"pa_rozmir-920","17":"pa_rozmir-921","18":"pa_rozmir-922","20":"first","21":"onbackorder","22":"purchasable","23":"product-type-variable"},"_links":{"self":[{"href":"https:\/\/nextsnkr.com\/fr\/wp-json\/wp\/v2\/product\/603954","targetHints":{"allow":["GET"]}}],"collection":[{"href":"https:\/\/nextsnkr.com\/fr\/wp-json\/wp\/v2\/product"}],"about":[{"href":"https:\/\/nextsnkr.com\/fr\/wp-json\/wp\/v2\/types\/product"}],"replies":[{"embeddable":true,"href":"https:\/\/nextsnkr.com\/fr\/wp-json\/wp\/v2\/comments?post=603954"}],"version-history":[{"count":0,"href":"https:\/\/nextsnkr.com\/fr\/wp-json\/wp\/v2\/product\/603954\/revisions"}],"wp:featuredmedia":[{"embeddable":true,"href":"https:\/\/nextsnkr.com\/fr\/wp-json\/wp\/v2\/media\/603956"}],"wp:attachment":[{"href":"https:\/\/nextsnkr.com\/fr\/wp-json\/wp\/v2\/media?parent=603954"}],"wp:term":[{"taxonomy":"product_brand","embeddable":true,"href":"https:\/\/nextsnkr.com\/fr\/wp-json\/wp\/v2\/product_brand?post=603954"},{"taxonomy":"product_cat","embeddable":true,"href":"https:\/\/nextsnkr.com\/fr\/wp-json\/wp\/v2\/product_cat?post=603954"},{"taxonomy":"product_tag","embeddable":true,"href":"https:\/\/nextsnkr.com\/fr\/wp-json\/wp\/v2\/product_tag?post=603954"}],"curies":[{"name":"wp","href":"https:\/\/api.w.org\/{rel}","templated":true}]}}