{"id":603031,"date":"2025-06-14T15:51:14","date_gmt":"2025-06-14T12:51:14","guid":{"rendered":"https:\/\/nextsnkr.com\/product\/empire-sandal-hermes-army-green\/"},"modified":"2026-01-31T17:07:25","modified_gmt":"2026-01-31T14:07:25","slug":"empire-sandal-hermes-army-green","status":"publish","type":"product","link":"https:\/\/nextsnkr.com\/fr\/produit\/empire-sandal-hermes-army-green\/","title":{"rendered":"Pantoufles Empire Sandal Hermes Army Green-pantoufles en daim \u00e9l\u00e9gantes"},"content":{"rendered":"<h2>Pantoufles Empire Sandal Hermes Army Green-pantoufles en daim \u00e9l\u00e9gantes<\/h2>\n<p>Les pantoufles Empire Sandal Hermes Army Green sont fabriqu\u00e9es en daim de qualit\u00e9 pour offrir confort, douceur et durabilit\u00e9. La couleur kaki \u00e9l\u00e9gante rend le mod\u00e8le polyvalent pour le port domestique et ext\u00e9rieur, tandis que la conception r\u00e9fl\u00e9chie garantit un ajustement confortable du pied. Les pantoufles l\u00e9g\u00e8res et durables allient \u00e9l\u00e9gance et praticit\u00e9. Fabricant-Chine (selon les normes de la France). Choisissez Empire Sandal Hermes pour ajouter du style et du confort au quotidien.<\/p>\n","protected":false},"excerpt":{"rendered":"<p>Les pantoufles Empire Sandal Hermes Army Green sont fabriqu\u00e9es en daim de qualit\u00e9 pour offrir confort, douceur et durabilit\u00e9. La couleur kaki \u00e9l\u00e9gante rend le mod\u00e8le polyvalent pour le port domestique et ext\u00e9rieur, tandis que la conception r\u00e9fl\u00e9chie garantit un ajustement confortable du pied. Les pantoufles l\u00e9g\u00e8res et durables allient \u00e9l\u00e9gance et praticit\u00e9. Fabricant-Chine (selon les normes de la France). Choisissez Empire Sandal Hermes pour ajouter du style et du confort au quotidien.<\/p>\n","protected":false},"featured_media":603041,"comment_status":"open","ping_status":"open","template":"","meta":[],"product_brand":[],"product_cat":[3212,3421],"product_tag":[],"class_list":{"0":"post-603031","1":"product","2":"type-product","3":"status-publish","4":"has-post-thumbnail","6":"product_cat-all-product","7":"product_cat-shlopantsi","8":"pa_rozmir-910","9":"pa_rozmir-912","10":"pa_rozmir-914","11":"pa_rozmir-915","12":"pa_rozmir-916","13":"pa_rozmir-917","14":"pa_rozmir-918","15":"pa_rozmir-919","16":"pa_rozmir-920","17":"pa_rozmir-921","18":"pa_rozmir-922","20":"first","21":"onbackorder","22":"purchasable","23":"product-type-variable"},"_links":{"self":[{"href":"https:\/\/nextsnkr.com\/fr\/wp-json\/wp\/v2\/product\/603031","targetHints":{"allow":["GET"]}}],"collection":[{"href":"https:\/\/nextsnkr.com\/fr\/wp-json\/wp\/v2\/product"}],"about":[{"href":"https:\/\/nextsnkr.com\/fr\/wp-json\/wp\/v2\/types\/product"}],"replies":[{"embeddable":true,"href":"https:\/\/nextsnkr.com\/fr\/wp-json\/wp\/v2\/comments?post=603031"}],"version-history":[{"count":0,"href":"https:\/\/nextsnkr.com\/fr\/wp-json\/wp\/v2\/product\/603031\/revisions"}],"wp:featuredmedia":[{"embeddable":true,"href":"https:\/\/nextsnkr.com\/fr\/wp-json\/wp\/v2\/media\/603041"}],"wp:attachment":[{"href":"https:\/\/nextsnkr.com\/fr\/wp-json\/wp\/v2\/media?parent=603031"}],"wp:term":[{"taxonomy":"product_brand","embeddable":true,"href":"https:\/\/nextsnkr.com\/fr\/wp-json\/wp\/v2\/product_brand?post=603031"},{"taxonomy":"product_cat","embeddable":true,"href":"https:\/\/nextsnkr.com\/fr\/wp-json\/wp\/v2\/product_cat?post=603031"},{"taxonomy":"product_tag","embeddable":true,"href":"https:\/\/nextsnkr.com\/fr\/wp-json\/wp\/v2\/product_tag?post=603031"}],"curies":[{"name":"wp","href":"https:\/\/api.w.org\/{rel}","templated":true}]}}