{"id":600376,"date":"2025-06-17T21:48:07","date_gmt":"2025-06-17T18:48:07","guid":{"rendered":"https:\/\/nextsnkr.com\/product\/nike-p-6000-white\/"},"modified":"2026-01-31T17:06:06","modified_gmt":"2026-01-31T14:06:06","slug":"nike-p-6000-white","status":"publish","type":"product","link":"https:\/\/nextsnkr.com\/fr\/produit\/nike-p-6000-white\/","title":{"rendered":"Nike p-6000 White-baskets \u00e9l\u00e9gantes en cuir et en maille"},"content":{"rendered":"<h2>Nike p-6000 White-baskets \u00e9l\u00e9gantes en cuir et en maille<\/h2>\n<p>La chaussure Nike p \u2014 6000 White est un mod\u00e8le moderne avec une combinaison de cuir et de maille pour offrir l\u00e9g\u00e8ret\u00e9, ventilation et confort pendant le port quotidien. La couleur blanche ajoute de la polyvalence et se Marie facilement avec n&rsquo;importe quelle fa\u00e7on. La conception intelligente de la semelle garantit stabilit\u00e9 et amorti, tandis que les mat\u00e9riaux de qualit\u00e9 sup\u00e9rieure de Nike garantissent durabilit\u00e9 et fiabilit\u00e9. Un choix parfait pour un style de vie actif et des arcs urbains \u00e9l\u00e9gants.<\/p>\n","protected":false},"excerpt":{"rendered":"<p>La chaussure Nike p \u2014 6000 White est un mod\u00e8le moderne avec une combinaison de cuir et de maille pour offrir l\u00e9g\u00e8ret\u00e9, ventilation et confort pendant le port quotidien. La couleur blanche ajoute de la polyvalence et se Marie facilement avec n&rsquo;importe quelle fa\u00e7on. La conception intelligente de la semelle garantit stabilit\u00e9 et amorti, tandis que les mat\u00e9riaux de qualit\u00e9 sup\u00e9rieure de Nike garantissent durabilit\u00e9 et fiabilit\u00e9. Un choix parfait pour un style de vie actif et des arcs urbains \u00e9l\u00e9gants.<\/p>\n","protected":false},"featured_media":600390,"comment_status":"open","ping_status":"open","template":"","meta":[],"product_brand":[],"product_cat":[3212,3213],"product_tag":[],"class_list":{"0":"post-600376","1":"product","2":"type-product","3":"status-publish","4":"has-post-thumbnail","6":"product_cat-all-product","7":"product_cat-krosivky","8":"pa_rozmir-910","9":"pa_rozmir-912","10":"pa_rozmir-914","11":"pa_rozmir-915","12":"pa_rozmir-916","13":"pa_rozmir-917","14":"pa_rozmir-918","15":"pa_rozmir-919","16":"pa_rozmir-920","17":"pa_rozmir-921","18":"pa_rozmir-922","20":"first","21":"onbackorder","22":"purchasable","23":"product-type-variable"},"_links":{"self":[{"href":"https:\/\/nextsnkr.com\/fr\/wp-json\/wp\/v2\/product\/600376","targetHints":{"allow":["GET"]}}],"collection":[{"href":"https:\/\/nextsnkr.com\/fr\/wp-json\/wp\/v2\/product"}],"about":[{"href":"https:\/\/nextsnkr.com\/fr\/wp-json\/wp\/v2\/types\/product"}],"replies":[{"embeddable":true,"href":"https:\/\/nextsnkr.com\/fr\/wp-json\/wp\/v2\/comments?post=600376"}],"version-history":[{"count":0,"href":"https:\/\/nextsnkr.com\/fr\/wp-json\/wp\/v2\/product\/600376\/revisions"}],"wp:featuredmedia":[{"embeddable":true,"href":"https:\/\/nextsnkr.com\/fr\/wp-json\/wp\/v2\/media\/600390"}],"wp:attachment":[{"href":"https:\/\/nextsnkr.com\/fr\/wp-json\/wp\/v2\/media?parent=600376"}],"wp:term":[{"taxonomy":"product_brand","embeddable":true,"href":"https:\/\/nextsnkr.com\/fr\/wp-json\/wp\/v2\/product_brand?post=600376"},{"taxonomy":"product_cat","embeddable":true,"href":"https:\/\/nextsnkr.com\/fr\/wp-json\/wp\/v2\/product_cat?post=600376"},{"taxonomy":"product_tag","embeddable":true,"href":"https:\/\/nextsnkr.com\/fr\/wp-json\/wp\/v2\/product_tag?post=600376"}],"curies":[{"name":"wp","href":"https:\/\/api.w.org\/{rel}","templated":true}]}}