{"id":598134,"date":"2025-06-17T20:59:42","date_gmt":"2025-06-17T17:59:42","guid":{"rendered":"https:\/\/nextsnkr.com\/product\/nike-air-jordan-1-retro-dark-mocha\/"},"modified":"2026-01-31T17:04:59","modified_gmt":"2026-01-31T14:04:59","slug":"nike-air-jordan-1-retro-dark-mocha","status":"publish","type":"product","link":"https:\/\/nextsnkr.com\/fr\/produit\/nike-air-jordan-1-retro-dark-mocha\/","title":{"rendered":"Baskets Nike Air Jordan 1 Retro Dark Mocha-baskets hautes \u00e9l\u00e9gantes"},"content":{"rendered":"<h2>Baskets Nike Air Jordan 1 Retro Dark Mocha-baskets hautes \u00e9l\u00e9gantes<\/h2>\n<p>La l\u00e9gendaire Nike Air Jordan 1 Retro Dark Mocha associe une silhouette classique \u00e0 un design moderne pour un port quotidien confortable. La construction en cuir robuste garantit la durabilit\u00e9 et la commodit\u00e9, et la combinaison contrast\u00e9e de nuances sombres et claires ajoute du style \u00e0 n&rsquo;importe quel look. La semelle amortissante offre douceur de marche et stabilit\u00e9 lors d&rsquo;un mouvement actif. Un choix parfait pour les fans de la marque Nike qui appr\u00e9cient le confort, la qualit\u00e9 Premium et le look tendance.<\/p>\n","protected":false},"excerpt":{"rendered":"<p>La l\u00e9gendaire Nike Air Jordan 1 Retro Dark Mocha associe une silhouette classique \u00e0 un design moderne pour un port quotidien confortable. La construction en cuir robuste garantit la durabilit\u00e9 et la commodit\u00e9, et la combinaison contrast\u00e9e de nuances sombres et claires ajoute du style \u00e0 n&rsquo;importe quel look. La semelle amortissante offre douceur de marche et stabilit\u00e9 lors d&rsquo;un mouvement actif. Un choix parfait pour les fans de la marque Nike qui appr\u00e9cient le confort, la qualit\u00e9 Premium et le look tendance.<\/p>\n","protected":false},"featured_media":598135,"comment_status":"open","ping_status":"open","template":"","meta":[],"product_brand":[],"product_cat":[3384,3212,3319],"product_tag":[],"class_list":{"0":"post-598134","1":"product","2":"type-product","3":"status-publish","4":"has-post-thumbnail","6":"product_cat-nike-jordan","7":"product_cat-all-product","8":"product_cat-kedy","9":"pa_rozmir-910","10":"pa_rozmir-912","11":"pa_rozmir-914","12":"pa_rozmir-915","13":"pa_rozmir-916","14":"pa_rozmir-917","15":"pa_rozmir-918","16":"pa_rozmir-919","17":"pa_rozmir-920","18":"pa_rozmir-921","19":"pa_rozmir-922","21":"first","22":"instock","23":"purchasable","24":"product-type-variable"},"_links":{"self":[{"href":"https:\/\/nextsnkr.com\/fr\/wp-json\/wp\/v2\/product\/598134","targetHints":{"allow":["GET"]}}],"collection":[{"href":"https:\/\/nextsnkr.com\/fr\/wp-json\/wp\/v2\/product"}],"about":[{"href":"https:\/\/nextsnkr.com\/fr\/wp-json\/wp\/v2\/types\/product"}],"replies":[{"embeddable":true,"href":"https:\/\/nextsnkr.com\/fr\/wp-json\/wp\/v2\/comments?post=598134"}],"version-history":[{"count":0,"href":"https:\/\/nextsnkr.com\/fr\/wp-json\/wp\/v2\/product\/598134\/revisions"}],"wp:featuredmedia":[{"embeddable":true,"href":"https:\/\/nextsnkr.com\/fr\/wp-json\/wp\/v2\/media\/598135"}],"wp:attachment":[{"href":"https:\/\/nextsnkr.com\/fr\/wp-json\/wp\/v2\/media?parent=598134"}],"wp:term":[{"taxonomy":"product_brand","embeddable":true,"href":"https:\/\/nextsnkr.com\/fr\/wp-json\/wp\/v2\/product_brand?post=598134"},{"taxonomy":"product_cat","embeddable":true,"href":"https:\/\/nextsnkr.com\/fr\/wp-json\/wp\/v2\/product_cat?post=598134"},{"taxonomy":"product_tag","embeddable":true,"href":"https:\/\/nextsnkr.com\/fr\/wp-json\/wp\/v2\/product_tag?post=598134"}],"curies":[{"name":"wp","href":"https:\/\/api.w.org\/{rel}","templated":true}]}}