{"id":596734,"date":"2025-06-19T23:14:06","date_gmt":"2025-06-19T20:14:06","guid":{"rendered":"https:\/\/nextsnkr.com\/product\/610-v1\/"},"modified":"2026-01-31T17:04:05","modified_gmt":"2026-01-31T14:04:05","slug":"610-v1","status":"publish","type":"product","link":"https:\/\/nextsnkr.com\/fr\/produit\/610-v1\/","title":{"rendered":"Baskets 610 v1-daim et textile pour un confort quotidien"},"content":{"rendered":"<h2>Baskets 610 v1-daim et textile pour un confort quotidien<\/h2>\n<p>Les baskets 610 V1 sont fabriqu\u00e9es en daim et en textile de haute qualit\u00e9, offrant confort et durabilit\u00e9. La semelle l\u00e9g\u00e8re et les mat\u00e9riaux respirants les rendent parfaits pour une utilisation quotidienne et un style de vie actif. Le design \u00e9l\u00e9gant se Marie facilement avec n&rsquo;importe quel v\u00eatement, ajoutant modernit\u00e9 et \u00e9l\u00e9gance. Un choix pour ceux qui appr\u00e9cient la qualit\u00e9, le confort et le look tendance.<\/p>\n","protected":false},"excerpt":{"rendered":"<p>Les baskets 610 V1 sont fabriqu\u00e9es en daim et en textile de haute qualit\u00e9, offrant confort et durabilit\u00e9. La semelle l\u00e9g\u00e8re et les mat\u00e9riaux respirants les rendent parfaits pour une utilisation quotidienne et un style de vie actif. Le design \u00e9l\u00e9gant se Marie facilement avec n&rsquo;importe quel v\u00eatement, ajoutant modernit\u00e9 et \u00e9l\u00e9gance. Un choix pour ceux qui appr\u00e9cient la qualit\u00e9, le confort et le look tendance.<\/p>\n","protected":false},"featured_media":596735,"comment_status":"open","ping_status":"open","template":"","meta":[],"product_brand":[],"product_cat":[3212,3213],"product_tag":[],"class_list":{"0":"post-596734","1":"product","2":"type-product","3":"status-publish","4":"has-post-thumbnail","6":"product_cat-all-product","7":"product_cat-krosivky","8":"pa_rozmir-910","9":"pa_rozmir-912","10":"pa_rozmir-914","11":"pa_rozmir-915","12":"pa_rozmir-916","13":"pa_rozmir-917","14":"pa_rozmir-918","15":"pa_rozmir-919","16":"pa_rozmir-920","17":"pa_rozmir-921","18":"pa_rozmir-922","20":"first","21":"onbackorder","22":"purchasable","23":"product-type-variable"},"_links":{"self":[{"href":"https:\/\/nextsnkr.com\/fr\/wp-json\/wp\/v2\/product\/596734","targetHints":{"allow":["GET"]}}],"collection":[{"href":"https:\/\/nextsnkr.com\/fr\/wp-json\/wp\/v2\/product"}],"about":[{"href":"https:\/\/nextsnkr.com\/fr\/wp-json\/wp\/v2\/types\/product"}],"replies":[{"embeddable":true,"href":"https:\/\/nextsnkr.com\/fr\/wp-json\/wp\/v2\/comments?post=596734"}],"version-history":[{"count":0,"href":"https:\/\/nextsnkr.com\/fr\/wp-json\/wp\/v2\/product\/596734\/revisions"}],"wp:featuredmedia":[{"embeddable":true,"href":"https:\/\/nextsnkr.com\/fr\/wp-json\/wp\/v2\/media\/596735"}],"wp:attachment":[{"href":"https:\/\/nextsnkr.com\/fr\/wp-json\/wp\/v2\/media?parent=596734"}],"wp:term":[{"taxonomy":"product_brand","embeddable":true,"href":"https:\/\/nextsnkr.com\/fr\/wp-json\/wp\/v2\/product_brand?post=596734"},{"taxonomy":"product_cat","embeddable":true,"href":"https:\/\/nextsnkr.com\/fr\/wp-json\/wp\/v2\/product_cat?post=596734"},{"taxonomy":"product_tag","embeddable":true,"href":"https:\/\/nextsnkr.com\/fr\/wp-json\/wp\/v2\/product_tag?post=596734"}],"curies":[{"name":"wp","href":"https:\/\/api.w.org\/{rel}","templated":true}]}}