{"id":596564,"date":"2025-06-23T08:11:18","date_gmt":"2025-06-23T05:11:18","guid":{"rendered":"https:\/\/nextsnkr.com\/product\/nb-2002r-phantom\/"},"modified":"2026-01-31T17:04:00","modified_gmt":"2026-01-31T14:04:00","slug":"nb-2002r-phantom","status":"publish","type":"product","link":"https:\/\/nextsnkr.com\/fr\/produit\/nb-2002r-phantom\/","title":{"rendered":"Baskets NB 2002r Phantom Su\u00e8de-textile"},"content":{"rendered":"<h2>Baskets NB 2002r Phantom Su\u00e8de-textile<\/h2>\n<p>Les \u00e9l\u00e9gantes baskets NB 2002r Phantom allient daim et textile pour un confort et une durabilit\u00e9. La semelle l\u00e9g\u00e8re et le design moderne rendent ce mod\u00e8le id\u00e9al pour un usage quotidien et des activit\u00e9s de plein air. Fabriqu\u00e9s au Vietnam, les baskets garantissent des mat\u00e9riaux de haute qualit\u00e9 et une fiabilit\u00e9, ajoutant \u00e9l\u00e9gance et charme sportif \u00e0 n&rsquo;importe quel look.<\/p>\n","protected":false},"excerpt":{"rendered":"<p>Les \u00e9l\u00e9gantes baskets NB 2002r Phantom allient daim et textile pour un confort et une durabilit\u00e9. La semelle l\u00e9g\u00e8re et le design moderne rendent ce mod\u00e8le id\u00e9al pour un usage quotidien et des activit\u00e9s de plein air. Fabriqu\u00e9s au Vietnam, les baskets garantissent des mat\u00e9riaux de haute qualit\u00e9 et une fiabilit\u00e9, ajoutant \u00e9l\u00e9gance et charme sportif \u00e0 n&rsquo;importe quel look.<\/p>\n","protected":false},"featured_media":596565,"comment_status":"open","ping_status":"open","template":"","meta":[],"product_brand":[],"product_cat":[3212,3213],"product_tag":[],"class_list":{"0":"post-596564","1":"product","2":"type-product","3":"status-publish","4":"has-post-thumbnail","6":"product_cat-all-product","7":"product_cat-krosivky","8":"pa_rozmir-910","9":"pa_rozmir-912","10":"pa_rozmir-914","11":"pa_rozmir-915","12":"pa_rozmir-916","13":"pa_rozmir-917","14":"pa_rozmir-918","15":"pa_rozmir-919","16":"pa_rozmir-920","17":"pa_rozmir-921","18":"pa_rozmir-922","20":"first","21":"instock","22":"purchasable","23":"product-type-variable"},"_links":{"self":[{"href":"https:\/\/nextsnkr.com\/fr\/wp-json\/wp\/v2\/product\/596564","targetHints":{"allow":["GET"]}}],"collection":[{"href":"https:\/\/nextsnkr.com\/fr\/wp-json\/wp\/v2\/product"}],"about":[{"href":"https:\/\/nextsnkr.com\/fr\/wp-json\/wp\/v2\/types\/product"}],"replies":[{"embeddable":true,"href":"https:\/\/nextsnkr.com\/fr\/wp-json\/wp\/v2\/comments?post=596564"}],"version-history":[{"count":0,"href":"https:\/\/nextsnkr.com\/fr\/wp-json\/wp\/v2\/product\/596564\/revisions"}],"wp:featuredmedia":[{"embeddable":true,"href":"https:\/\/nextsnkr.com\/fr\/wp-json\/wp\/v2\/media\/596565"}],"wp:attachment":[{"href":"https:\/\/nextsnkr.com\/fr\/wp-json\/wp\/v2\/media?parent=596564"}],"wp:term":[{"taxonomy":"product_brand","embeddable":true,"href":"https:\/\/nextsnkr.com\/fr\/wp-json\/wp\/v2\/product_brand?post=596564"},{"taxonomy":"product_cat","embeddable":true,"href":"https:\/\/nextsnkr.com\/fr\/wp-json\/wp\/v2\/product_cat?post=596564"},{"taxonomy":"product_tag","embeddable":true,"href":"https:\/\/nextsnkr.com\/fr\/wp-json\/wp\/v2\/product_tag?post=596564"}],"curies":[{"name":"wp","href":"https:\/\/api.w.org\/{rel}","templated":true}]}}