{"id":595178,"date":"2025-06-23T08:51:59","date_gmt":"2025-06-23T05:51:59","guid":{"rendered":"https:\/\/nextsnkr.com\/product\/yeezy-boost-350-white-3\/"},"modified":"2026-01-31T17:03:22","modified_gmt":"2026-01-31T14:03:22","slug":"yeezy-boost-350-white-3","status":"publish","type":"product","link":"https:\/\/nextsnkr.com\/fr\/produit\/yeezy-boost-350-white-3\/","title":{"rendered":"Baskets Yeezy Boost 350 White textile pour un usage quotidien \u00e9l\u00e9gant"},"content":{"rendered":"<h2>Baskets Yeezy Boost 350 White textile pour un usage quotidien \u00e9l\u00e9gant<\/h2>\n<p>Les baskets Yeezy Boost 350 White sont fabriqu\u00e9es \u00e0 partir de Textiles de qualit\u00e9, offrant confort et l\u00e9g\u00e8ret\u00e9 lors de la marche. La marque Yeezy garantit un design moderne et une durabilit\u00e9 \u00e9lev\u00e9e du produit. Id\u00e9ales pour un usage quotidien, un sport ou une activit\u00e9 de plein air, ces baskets allient style et praticit\u00e9. Choisissez Yeezy Boost 350 White pour un look \u00e9l\u00e9gant et confortable tous les jours.<\/p>\n","protected":false},"excerpt":{"rendered":"<p>Les baskets Yeezy Boost 350 White sont fabriqu\u00e9es \u00e0 partir de Textiles de qualit\u00e9, offrant confort et l\u00e9g\u00e8ret\u00e9 lors de la marche. La marque Yeezy garantit un design moderne et une durabilit\u00e9 \u00e9lev\u00e9e du produit. Id\u00e9ales pour un usage quotidien, un sport ou une activit\u00e9 de plein air, ces baskets allient style et praticit\u00e9. Choisissez Yeezy Boost 350 White pour un look \u00e9l\u00e9gant et confortable tous les jours.<\/p>\n","protected":false},"featured_media":595179,"comment_status":"open","ping_status":"open","template":"","meta":[],"product_brand":[],"product_cat":[3397,3212,3213],"product_tag":[],"class_list":{"0":"post-595178","1":"product","2":"type-product","3":"status-publish","4":"has-post-thumbnail","6":"product_cat-adidas-yeezy","7":"product_cat-all-product","8":"product_cat-krosivky","9":"pa_rozmir-910","10":"pa_rozmir-912","11":"pa_rozmir-914","12":"pa_rozmir-915","13":"pa_rozmir-916","14":"pa_rozmir-917","15":"pa_rozmir-918","16":"pa_rozmir-919","17":"pa_rozmir-920","18":"pa_rozmir-921","19":"pa_rozmir-922","21":"first","22":"onbackorder","23":"purchasable","24":"product-type-variable"},"_links":{"self":[{"href":"https:\/\/nextsnkr.com\/fr\/wp-json\/wp\/v2\/product\/595178","targetHints":{"allow":["GET"]}}],"collection":[{"href":"https:\/\/nextsnkr.com\/fr\/wp-json\/wp\/v2\/product"}],"about":[{"href":"https:\/\/nextsnkr.com\/fr\/wp-json\/wp\/v2\/types\/product"}],"replies":[{"embeddable":true,"href":"https:\/\/nextsnkr.com\/fr\/wp-json\/wp\/v2\/comments?post=595178"}],"version-history":[{"count":0,"href":"https:\/\/nextsnkr.com\/fr\/wp-json\/wp\/v2\/product\/595178\/revisions"}],"wp:featuredmedia":[{"embeddable":true,"href":"https:\/\/nextsnkr.com\/fr\/wp-json\/wp\/v2\/media\/595179"}],"wp:attachment":[{"href":"https:\/\/nextsnkr.com\/fr\/wp-json\/wp\/v2\/media?parent=595178"}],"wp:term":[{"taxonomy":"product_brand","embeddable":true,"href":"https:\/\/nextsnkr.com\/fr\/wp-json\/wp\/v2\/product_brand?post=595178"},{"taxonomy":"product_cat","embeddable":true,"href":"https:\/\/nextsnkr.com\/fr\/wp-json\/wp\/v2\/product_cat?post=595178"},{"taxonomy":"product_tag","embeddable":true,"href":"https:\/\/nextsnkr.com\/fr\/wp-json\/wp\/v2\/product_tag?post=595178"}],"curies":[{"name":"wp","href":"https:\/\/api.w.org\/{rel}","templated":true}]}}