{"id":594825,"date":"2025-06-23T08:53:50","date_gmt":"2025-06-23T05:53:50","guid":{"rendered":"https:\/\/nextsnkr.com\/product\/runner-multicolor\/"},"modified":"2026-01-31T17:03:14","modified_gmt":"2026-01-31T14:03:14","slug":"runner-multicolor","status":"publish","type":"product","link":"https:\/\/nextsnkr.com\/fr\/produit\/runner-multicolor\/","title":{"rendered":"Baskets Runner Multicolor en cuir et textile pour le style actif"},"content":{"rendered":"<h2>Baskets Runner Multicolor en cuir et textile pour le style actif<\/h2>\n<p>Les baskets Runner Multicolor combinent la qualit\u00e9 du cuir et des Textiles pour offrir confort, durabilit\u00e9 et look \u00e9l\u00e9gant. Fabriqu\u00e9es au Vietnam, ces baskets Runner sont parfaites pour le port quotidien et les activit\u00e9s sportives. Choisissez Runner Multicolor pour le confort, la durabilit\u00e9 et un look lumineux.<\/p>\n","protected":false},"excerpt":{"rendered":"<p>Les baskets Runner Multicolor combinent la qualit\u00e9 du cuir et des Textiles pour offrir confort, durabilit\u00e9 et look \u00e9l\u00e9gant. Fabriqu\u00e9es au Vietnam, ces baskets Runner sont parfaites pour le port quotidien et les activit\u00e9s sportives. Choisissez Runner Multicolor pour le confort, la durabilit\u00e9 et un look lumineux.<\/p>\n","protected":false},"featured_media":594826,"comment_status":"open","ping_status":"open","template":"","meta":[],"product_brand":[],"product_cat":[3212,3213],"product_tag":[],"class_list":{"0":"post-594825","1":"product","2":"type-product","3":"status-publish","4":"has-post-thumbnail","6":"product_cat-all-product","7":"product_cat-krosivky","8":"pa_rozmir-910","9":"pa_rozmir-912","10":"pa_rozmir-914","11":"pa_rozmir-915","12":"pa_rozmir-916","13":"pa_rozmir-917","14":"pa_rozmir-918","15":"pa_rozmir-919","16":"pa_rozmir-920","17":"pa_rozmir-921","18":"pa_rozmir-922","20":"first","21":"instock","22":"purchasable","23":"product-type-variable"},"_links":{"self":[{"href":"https:\/\/nextsnkr.com\/fr\/wp-json\/wp\/v2\/product\/594825","targetHints":{"allow":["GET"]}}],"collection":[{"href":"https:\/\/nextsnkr.com\/fr\/wp-json\/wp\/v2\/product"}],"about":[{"href":"https:\/\/nextsnkr.com\/fr\/wp-json\/wp\/v2\/types\/product"}],"replies":[{"embeddable":true,"href":"https:\/\/nextsnkr.com\/fr\/wp-json\/wp\/v2\/comments?post=594825"}],"version-history":[{"count":0,"href":"https:\/\/nextsnkr.com\/fr\/wp-json\/wp\/v2\/product\/594825\/revisions"}],"wp:featuredmedia":[{"embeddable":true,"href":"https:\/\/nextsnkr.com\/fr\/wp-json\/wp\/v2\/media\/594826"}],"wp:attachment":[{"href":"https:\/\/nextsnkr.com\/fr\/wp-json\/wp\/v2\/media?parent=594825"}],"wp:term":[{"taxonomy":"product_brand","embeddable":true,"href":"https:\/\/nextsnkr.com\/fr\/wp-json\/wp\/v2\/product_brand?post=594825"},{"taxonomy":"product_cat","embeddable":true,"href":"https:\/\/nextsnkr.com\/fr\/wp-json\/wp\/v2\/product_cat?post=594825"},{"taxonomy":"product_tag","embeddable":true,"href":"https:\/\/nextsnkr.com\/fr\/wp-json\/wp\/v2\/product_tag?post=594825"}],"curies":[{"name":"wp","href":"https:\/\/api.w.org\/{rel}","templated":true}]}}