{"id":593283,"date":"2025-06-19T22:33:13","date_gmt":"2025-06-19T19:33:13","guid":{"rendered":"https:\/\/nextsnkr.com\/product\/lv-trainet-black-white\/"},"modified":"2026-01-31T17:02:19","modified_gmt":"2026-01-31T14:02:19","slug":"lv-trainet-black-white","status":"publish","type":"product","link":"https:\/\/nextsnkr.com\/fr\/produit\/lv-trainet-black-white\/","title":{"rendered":"Baskets Louis Vuitton Trainet Black \/ White-cuir, style et confort"},"content":{"rendered":"<h2>Baskets Louis Vuitton Trainet Black \/ White-cuir, style et confort<\/h2>\n<p>LV Trainet Black \/ White-baskets haut de gamme de Louis Vuitton, fabriqu\u00e9es en cuir de haute qualit\u00e9 pour un confort et une durabilit\u00e9 maximaux. Le design \u00e9l\u00e9gant en noir et blanc met en valeur un look \u00e9l\u00e9gant et convient \u00e0 toute garde-robe. La semelle l\u00e9g\u00e8re offre un confort lors de longues promenades et d&rsquo;un usage quotidien. Un choix parfait pour ceux qui appr\u00e9cient la combinaison de qualit\u00e9, de Mode et de praticit\u00e9 dans les chaussures.<\/p>\n","protected":false},"excerpt":{"rendered":"<p>LV Trainet Black \/ White-baskets haut de gamme de Louis Vuitton, fabriqu\u00e9es en cuir de haute qualit\u00e9 pour un confort et une durabilit\u00e9 maximaux. Le design \u00e9l\u00e9gant en noir et blanc met en valeur un look \u00e9l\u00e9gant et convient \u00e0 toute garde-robe. La semelle l\u00e9g\u00e8re offre un confort lors de longues promenades et d&rsquo;un usage quotidien. Un choix parfait pour ceux qui appr\u00e9cient la combinaison de qualit\u00e9, de Mode et de praticit\u00e9 dans les chaussures.<\/p>\n","protected":false},"featured_media":593284,"comment_status":"open","ping_status":"open","template":"","meta":[],"product_brand":[],"product_cat":[3212,3213],"product_tag":[],"class_list":{"0":"post-593283","1":"product","2":"type-product","3":"status-publish","4":"has-post-thumbnail","6":"product_cat-all-product","7":"product_cat-krosivky","8":"pa_rozmir-910","9":"pa_rozmir-912","10":"pa_rozmir-914","11":"pa_rozmir-915","12":"pa_rozmir-916","13":"pa_rozmir-917","14":"pa_rozmir-918","15":"pa_rozmir-919","16":"pa_rozmir-920","17":"pa_rozmir-921","18":"pa_rozmir-922","20":"first","21":"onbackorder","22":"purchasable","23":"product-type-variable"},"_links":{"self":[{"href":"https:\/\/nextsnkr.com\/fr\/wp-json\/wp\/v2\/product\/593283","targetHints":{"allow":["GET"]}}],"collection":[{"href":"https:\/\/nextsnkr.com\/fr\/wp-json\/wp\/v2\/product"}],"about":[{"href":"https:\/\/nextsnkr.com\/fr\/wp-json\/wp\/v2\/types\/product"}],"replies":[{"embeddable":true,"href":"https:\/\/nextsnkr.com\/fr\/wp-json\/wp\/v2\/comments?post=593283"}],"version-history":[{"count":0,"href":"https:\/\/nextsnkr.com\/fr\/wp-json\/wp\/v2\/product\/593283\/revisions"}],"wp:featuredmedia":[{"embeddable":true,"href":"https:\/\/nextsnkr.com\/fr\/wp-json\/wp\/v2\/media\/593284"}],"wp:attachment":[{"href":"https:\/\/nextsnkr.com\/fr\/wp-json\/wp\/v2\/media?parent=593283"}],"wp:term":[{"taxonomy":"product_brand","embeddable":true,"href":"https:\/\/nextsnkr.com\/fr\/wp-json\/wp\/v2\/product_brand?post=593283"},{"taxonomy":"product_cat","embeddable":true,"href":"https:\/\/nextsnkr.com\/fr\/wp-json\/wp\/v2\/product_cat?post=593283"},{"taxonomy":"product_tag","embeddable":true,"href":"https:\/\/nextsnkr.com\/fr\/wp-json\/wp\/v2\/product_tag?post=593283"}],"curies":[{"name":"wp","href":"https:\/\/api.w.org\/{rel}","templated":true}]}}