{"id":591923,"date":"2025-06-19T22:39:59","date_gmt":"2025-06-19T19:39:59","guid":{"rendered":"https:\/\/nextsnkr.com\/product\/bv-black-brown-premium\/"},"modified":"2026-01-31T17:01:39","modified_gmt":"2026-01-31T14:01:39","slug":"bv-black-brown-premium","status":"publish","type":"product","link":"https:\/\/nextsnkr.com\/fr\/produit\/bv-black-brown-premium\/","title":{"rendered":"Bottes BV Black \/ Brown Premium en cuir pour un look \u00e9l\u00e9gant"},"content":{"rendered":"<h2>Bottes BV Black \/ Brown Premium en cuir pour un look \u00e9l\u00e9gant<\/h2>\n<p>Les bottes BV Black \/ Brown Premium sont des chaussures \u00e9l\u00e9gantes et de haute qualit\u00e9 en cuir v\u00e9ritable. Con\u00e7us pour le confort et la durabilit\u00e9, ils sont parfaits pour un port quotidien et des occasions sp\u00e9ciales. La combinaison \u00e9l\u00e9gante de noir et de brun ajoute de la polyvalence \u00e0 la garde-robe. Les mat\u00e9riaux de haute qualit\u00e9 et le design r\u00e9fl\u00e9chi de la marque BV font de ces bottes un excellent choix pour ceux qui appr\u00e9cient le style et la praticit\u00e9 \u00e0 la fois.<\/p>\n","protected":false},"excerpt":{"rendered":"<p>Les bottes BV Black \/ Brown Premium sont des chaussures \u00e9l\u00e9gantes et de haute qualit\u00e9 en cuir v\u00e9ritable. Con\u00e7us pour le confort et la durabilit\u00e9, ils sont parfaits pour un port quotidien et des occasions sp\u00e9ciales. La combinaison \u00e9l\u00e9gante de noir et de brun ajoute de la polyvalence \u00e0 la garde-robe. Les mat\u00e9riaux de haute qualit\u00e9 et le design r\u00e9fl\u00e9chi de la marque BV font de ces bottes un excellent choix pour ceux qui appr\u00e9cient le style et la praticit\u00e9 \u00e0 la fois.<\/p>\n","protected":false},"featured_media":591924,"comment_status":"open","ping_status":"open","template":"","meta":[],"product_brand":[],"product_cat":[3212,3332],"product_tag":[],"class_list":{"0":"post-591923","1":"product","2":"type-product","3":"status-publish","4":"has-post-thumbnail","6":"product_cat-all-product","7":"product_cat-cherevyky","8":"pa_rozmir-910","9":"pa_rozmir-912","10":"pa_rozmir-914","11":"pa_rozmir-915","12":"pa_rozmir-916","13":"pa_rozmir-917","14":"pa_rozmir-918","15":"pa_rozmir-919","16":"pa_rozmir-920","17":"pa_rozmir-921","18":"pa_rozmir-922","20":"first","21":"instock","22":"purchasable","23":"product-type-variable"},"_links":{"self":[{"href":"https:\/\/nextsnkr.com\/fr\/wp-json\/wp\/v2\/product\/591923","targetHints":{"allow":["GET"]}}],"collection":[{"href":"https:\/\/nextsnkr.com\/fr\/wp-json\/wp\/v2\/product"}],"about":[{"href":"https:\/\/nextsnkr.com\/fr\/wp-json\/wp\/v2\/types\/product"}],"replies":[{"embeddable":true,"href":"https:\/\/nextsnkr.com\/fr\/wp-json\/wp\/v2\/comments?post=591923"}],"version-history":[{"count":0,"href":"https:\/\/nextsnkr.com\/fr\/wp-json\/wp\/v2\/product\/591923\/revisions"}],"wp:featuredmedia":[{"embeddable":true,"href":"https:\/\/nextsnkr.com\/fr\/wp-json\/wp\/v2\/media\/591924"}],"wp:attachment":[{"href":"https:\/\/nextsnkr.com\/fr\/wp-json\/wp\/v2\/media?parent=591923"}],"wp:term":[{"taxonomy":"product_brand","embeddable":true,"href":"https:\/\/nextsnkr.com\/fr\/wp-json\/wp\/v2\/product_brand?post=591923"},{"taxonomy":"product_cat","embeddable":true,"href":"https:\/\/nextsnkr.com\/fr\/wp-json\/wp\/v2\/product_cat?post=591923"},{"taxonomy":"product_tag","embeddable":true,"href":"https:\/\/nextsnkr.com\/fr\/wp-json\/wp\/v2\/product_tag?post=591923"}],"curies":[{"name":"wp","href":"https:\/\/api.w.org\/{rel}","templated":true}]}}