{"id":591413,"date":"2025-06-19T22:42:35","date_gmt":"2025-06-19T19:42:35","guid":{"rendered":"https:\/\/nextsnkr.com\/product\/bv-classic-black-premium\/"},"modified":"2026-01-31T17:01:25","modified_gmt":"2026-01-31T14:01:25","slug":"bv-classic-black-premium","status":"publish","type":"product","link":"https:\/\/nextsnkr.com\/fr\/produit\/bv-classic-black-premium\/","title":{"rendered":"Bottes en cuir v\u00e9ritable BV Classic Black"},"content":{"rendered":"<h2>Bottes en cuir v\u00e9ritable BV Classic Black<\/h2>\n<p>Les \u00e9l\u00e9gantes bottes BV Classic Black Premium sont fabriqu\u00e9es en cuir v\u00e9ritable de haute qualit\u00e9, offrant confort et durabilit\u00e9. Id\u00e9al pour un usage quotidien et pour cr\u00e9er un look \u00e9l\u00e9gant, ils combinent un design classique et moderne. La marque BV garantit la fiabilit\u00e9, la qualit\u00e9 sup\u00e9rieure et la polyvalence, faisant de ces bottes un must-have dans votre garde-robe.<\/p>\n","protected":false},"excerpt":{"rendered":"<p>Les \u00e9l\u00e9gantes bottes BV Classic Black Premium sont fabriqu\u00e9es en cuir v\u00e9ritable de haute qualit\u00e9, offrant confort et durabilit\u00e9. Id\u00e9al pour un usage quotidien et pour cr\u00e9er un look \u00e9l\u00e9gant, ils combinent un design classique et moderne. La marque BV garantit la fiabilit\u00e9, la qualit\u00e9 sup\u00e9rieure et la polyvalence, faisant de ces bottes un must-have dans votre garde-robe.<\/p>\n","protected":false},"featured_media":591414,"comment_status":"open","ping_status":"open","template":"","meta":[],"product_brand":[],"product_cat":[3212,3332],"product_tag":[],"class_list":{"0":"post-591413","1":"product","2":"type-product","3":"status-publish","4":"has-post-thumbnail","6":"product_cat-all-product","7":"product_cat-cherevyky","8":"pa_rozmir-910","9":"pa_rozmir-912","10":"pa_rozmir-914","11":"pa_rozmir-915","12":"pa_rozmir-916","13":"pa_rozmir-917","14":"pa_rozmir-918","15":"pa_rozmir-919","16":"pa_rozmir-920","17":"pa_rozmir-921","18":"pa_rozmir-922","20":"first","21":"onbackorder","22":"purchasable","23":"product-type-variable"},"_links":{"self":[{"href":"https:\/\/nextsnkr.com\/fr\/wp-json\/wp\/v2\/product\/591413","targetHints":{"allow":["GET"]}}],"collection":[{"href":"https:\/\/nextsnkr.com\/fr\/wp-json\/wp\/v2\/product"}],"about":[{"href":"https:\/\/nextsnkr.com\/fr\/wp-json\/wp\/v2\/types\/product"}],"replies":[{"embeddable":true,"href":"https:\/\/nextsnkr.com\/fr\/wp-json\/wp\/v2\/comments?post=591413"}],"version-history":[{"count":0,"href":"https:\/\/nextsnkr.com\/fr\/wp-json\/wp\/v2\/product\/591413\/revisions"}],"wp:featuredmedia":[{"embeddable":true,"href":"https:\/\/nextsnkr.com\/fr\/wp-json\/wp\/v2\/media\/591414"}],"wp:attachment":[{"href":"https:\/\/nextsnkr.com\/fr\/wp-json\/wp\/v2\/media?parent=591413"}],"wp:term":[{"taxonomy":"product_brand","embeddable":true,"href":"https:\/\/nextsnkr.com\/fr\/wp-json\/wp\/v2\/product_brand?post=591413"},{"taxonomy":"product_cat","embeddable":true,"href":"https:\/\/nextsnkr.com\/fr\/wp-json\/wp\/v2\/product_cat?post=591413"},{"taxonomy":"product_tag","embeddable":true,"href":"https:\/\/nextsnkr.com\/fr\/wp-json\/wp\/v2\/product_tag?post=591413"}],"curies":[{"name":"wp","href":"https:\/\/api.w.org\/{rel}","templated":true}]}}