{"id":590563,"date":"2025-06-19T22:48:56","date_gmt":"2025-06-19T19:48:56","guid":{"rendered":"https:\/\/nextsnkr.com\/product\/air-jordan-1-top-kachestvo-kytaj\/"},"modified":"2026-01-31T17:00:47","modified_gmt":"2026-01-31T14:00:47","slug":"air-jordan-1-top-kachestvo-kytaj","status":"publish","type":"product","link":"https:\/\/nextsnkr.com\/fr\/produit\/air-jordan-1-top-kachestvo-kytaj\/","title":{"rendered":"Air Jordan 1 baskets en cuir de qualit\u00e9 sup\u00e9rieure du Vietnam"},"content":{"rendered":"<h2>Air Jordan 1 baskets en cuir de qualit\u00e9 sup\u00e9rieure du Vietnam<\/h2>\n<p>Les baskets \u00e9l\u00e9gantes Air Jordan 1 sont fabriqu\u00e9es en cuir de haute qualit\u00e9, ce qui garantit confort et durabilit\u00e9. La marque Air Jordan est connue pour son design haut de gamme et son style moderne. Ces baskets Air Jordan 1 sont parfaites pour porter tous les jours et cr\u00e9er des looks \u00e0 la mode. L\u00e9ger, confortable et \u00e9l\u00e9gant \u2014 choisissez confort et \u00e9l\u00e9gance pour votre garde-robe.<\/p>\n","protected":false},"excerpt":{"rendered":"<p>Les baskets \u00e9l\u00e9gantes Air Jordan 1 sont fabriqu\u00e9es en cuir de haute qualit\u00e9, ce qui garantit confort et durabilit\u00e9. La marque Air Jordan est connue pour son design haut de gamme et son style moderne. Ces baskets Air Jordan 1 sont parfaites pour porter tous les jours et cr\u00e9er des looks \u00e0 la mode. L\u00e9ger, confortable et \u00e9l\u00e9gant \u2014 choisissez confort et \u00e9l\u00e9gance pour votre garde-robe.<\/p>\n","protected":false},"featured_media":590564,"comment_status":"open","ping_status":"open","template":"","meta":[],"product_brand":[],"product_cat":[3384,3212,3319],"product_tag":[],"class_list":{"0":"post-590563","1":"product","2":"type-product","3":"status-publish","4":"has-post-thumbnail","6":"product_cat-nike-jordan","7":"product_cat-all-product","8":"product_cat-kedy","9":"pa_rozmir-910","10":"pa_rozmir-912","11":"pa_rozmir-914","12":"pa_rozmir-915","13":"pa_rozmir-916","14":"pa_rozmir-917","15":"pa_rozmir-918","16":"pa_rozmir-919","17":"pa_rozmir-920","18":"pa_rozmir-921","19":"pa_rozmir-922","21":"first","22":"instock","23":"purchasable","24":"product-type-variable"},"_links":{"self":[{"href":"https:\/\/nextsnkr.com\/fr\/wp-json\/wp\/v2\/product\/590563","targetHints":{"allow":["GET"]}}],"collection":[{"href":"https:\/\/nextsnkr.com\/fr\/wp-json\/wp\/v2\/product"}],"about":[{"href":"https:\/\/nextsnkr.com\/fr\/wp-json\/wp\/v2\/types\/product"}],"replies":[{"embeddable":true,"href":"https:\/\/nextsnkr.com\/fr\/wp-json\/wp\/v2\/comments?post=590563"}],"version-history":[{"count":0,"href":"https:\/\/nextsnkr.com\/fr\/wp-json\/wp\/v2\/product\/590563\/revisions"}],"wp:featuredmedia":[{"embeddable":true,"href":"https:\/\/nextsnkr.com\/fr\/wp-json\/wp\/v2\/media\/590564"}],"wp:attachment":[{"href":"https:\/\/nextsnkr.com\/fr\/wp-json\/wp\/v2\/media?parent=590563"}],"wp:term":[{"taxonomy":"product_brand","embeddable":true,"href":"https:\/\/nextsnkr.com\/fr\/wp-json\/wp\/v2\/product_brand?post=590563"},{"taxonomy":"product_cat","embeddable":true,"href":"https:\/\/nextsnkr.com\/fr\/wp-json\/wp\/v2\/product_cat?post=590563"},{"taxonomy":"product_tag","embeddable":true,"href":"https:\/\/nextsnkr.com\/fr\/wp-json\/wp\/v2\/product_tag?post=590563"}],"curies":[{"name":"wp","href":"https:\/\/api.w.org\/{rel}","templated":true}]}}