{"id":590393,"date":"2025-06-19T22:49:48","date_gmt":"2025-06-19T19:49:48","guid":{"rendered":"https:\/\/nextsnkr.com\/product\/air-force-2\/"},"modified":"2026-01-31T17:00:42","modified_gmt":"2026-01-31T14:00:42","slug":"air-force-2","status":"publish","type":"product","link":"https:\/\/nextsnkr.com\/fr\/produit\/air-force-2\/","title":{"rendered":"Baskets Nike air Force textile pour le confort quotidien"},"content":{"rendered":"<h2>Baskets Nike air Force textile pour le confort quotidien<\/h2>\n<p>Les baskets air force de Nike sont fabriqu\u00e9es dans des Textiles de haute qualit\u00e9 pour offrir l\u00e9g\u00e8ret\u00e9, respirabilit\u00e9 et confort au quotidien. Id\u00e9ales pour un style de vie actif et des looks \u00e9l\u00e9gants, elles allient fiabilit\u00e9, design moderne et durabilit\u00e9. Un choix pour ceux qui appr\u00e9cient le confort et le style unique de chaque jour.<\/p>\n","protected":false},"excerpt":{"rendered":"<p>Les baskets air force de Nike sont fabriqu\u00e9es dans des Textiles de haute qualit\u00e9 pour offrir l\u00e9g\u00e8ret\u00e9, respirabilit\u00e9 et confort au quotidien. Id\u00e9ales pour un style de vie actif et des looks \u00e9l\u00e9gants, elles allient fiabilit\u00e9, design moderne et durabilit\u00e9. Un choix pour ceux qui appr\u00e9cient le confort et le style unique de chaque jour.<\/p>\n","protected":false},"featured_media":590394,"comment_status":"open","ping_status":"open","template":"","meta":[],"product_brand":[],"product_cat":[3212,3319],"product_tag":[],"class_list":{"0":"post-590393","1":"product","2":"type-product","3":"status-publish","4":"has-post-thumbnail","6":"product_cat-all-product","7":"product_cat-kedy","8":"pa_rozmir-910","9":"pa_rozmir-912","10":"pa_rozmir-914","11":"pa_rozmir-915","12":"pa_rozmir-916","13":"pa_rozmir-917","14":"pa_rozmir-918","15":"pa_rozmir-919","16":"pa_rozmir-920","17":"pa_rozmir-921","18":"pa_rozmir-922","20":"first","21":"onbackorder","22":"purchasable","23":"product-type-variable"},"_links":{"self":[{"href":"https:\/\/nextsnkr.com\/fr\/wp-json\/wp\/v2\/product\/590393","targetHints":{"allow":["GET"]}}],"collection":[{"href":"https:\/\/nextsnkr.com\/fr\/wp-json\/wp\/v2\/product"}],"about":[{"href":"https:\/\/nextsnkr.com\/fr\/wp-json\/wp\/v2\/types\/product"}],"replies":[{"embeddable":true,"href":"https:\/\/nextsnkr.com\/fr\/wp-json\/wp\/v2\/comments?post=590393"}],"version-history":[{"count":0,"href":"https:\/\/nextsnkr.com\/fr\/wp-json\/wp\/v2\/product\/590393\/revisions"}],"wp:featuredmedia":[{"embeddable":true,"href":"https:\/\/nextsnkr.com\/fr\/wp-json\/wp\/v2\/media\/590394"}],"wp:attachment":[{"href":"https:\/\/nextsnkr.com\/fr\/wp-json\/wp\/v2\/media?parent=590393"}],"wp:term":[{"taxonomy":"product_brand","embeddable":true,"href":"https:\/\/nextsnkr.com\/fr\/wp-json\/wp\/v2\/product_brand?post=590393"},{"taxonomy":"product_cat","embeddable":true,"href":"https:\/\/nextsnkr.com\/fr\/wp-json\/wp\/v2\/product_cat?post=590393"},{"taxonomy":"product_tag","embeddable":true,"href":"https:\/\/nextsnkr.com\/fr\/wp-json\/wp\/v2\/product_tag?post=590393"}],"curies":[{"name":"wp","href":"https:\/\/api.w.org\/{rel}","templated":true}]}}