{"id":590223,"date":"2025-06-19T22:50:40","date_gmt":"2025-06-19T19:50:40","guid":{"rendered":"https:\/\/nextsnkr.com\/product\/air-force-shadow\/"},"modified":"2026-01-31T17:00:37","modified_gmt":"2026-01-31T14:00:37","slug":"air-force-shadow","status":"publish","type":"product","link":"https:\/\/nextsnkr.com\/fr\/produit\/air-force-shadow\/","title":{"rendered":"Baskets Nike air Force Shadow en cuir pour un look \u00e9l\u00e9gant et d\u00e9contract\u00e9"},"content":{"rendered":"<h2>Baskets Nike air Force Shadow en cuir pour un look \u00e9l\u00e9gant et d\u00e9contract\u00e9<\/h2>\n<p>Les \u00e9l\u00e9gantes chaussures Nike Air Force Shadow sont fabriqu\u00e9es en cuir de haute qualit\u00e9, ce qui garantit durabilit\u00e9 et confort au quotidien. Alliant design moderne, robustesse et l\u00e9g\u00e8ret\u00e9, ces baskets en cuir Nike sont id\u00e9ales pour les activit\u00e9s de plein air et la mode. Choisissez Nike air Force Shadow pour le confort et l&rsquo;\u00e9l\u00e9gance \u00e0 chaque \u00e9tape.<\/p>\n","protected":false},"excerpt":{"rendered":"<p>Les \u00e9l\u00e9gantes chaussures Nike Air Force Shadow sont fabriqu\u00e9es en cuir de haute qualit\u00e9, ce qui garantit durabilit\u00e9 et confort au quotidien. Alliant design moderne, robustesse et l\u00e9g\u00e8ret\u00e9, ces baskets en cuir Nike sont id\u00e9ales pour les activit\u00e9s de plein air et la mode. Choisissez Nike air Force Shadow pour le confort et l&rsquo;\u00e9l\u00e9gance \u00e0 chaque \u00e9tape.<\/p>\n","protected":false},"featured_media":590224,"comment_status":"open","ping_status":"open","template":"","meta":[],"product_brand":[],"product_cat":[3212,3319],"product_tag":[],"class_list":{"0":"post-590223","1":"product","2":"type-product","3":"status-publish","4":"has-post-thumbnail","6":"product_cat-all-product","7":"product_cat-kedy","8":"pa_rozmir-910","9":"pa_rozmir-912","10":"pa_rozmir-914","11":"pa_rozmir-915","12":"pa_rozmir-916","13":"pa_rozmir-917","14":"pa_rozmir-918","15":"pa_rozmir-919","16":"pa_rozmir-920","17":"pa_rozmir-921","18":"pa_rozmir-922","20":"first","21":"instock","22":"purchasable","23":"product-type-variable"},"_links":{"self":[{"href":"https:\/\/nextsnkr.com\/fr\/wp-json\/wp\/v2\/product\/590223","targetHints":{"allow":["GET"]}}],"collection":[{"href":"https:\/\/nextsnkr.com\/fr\/wp-json\/wp\/v2\/product"}],"about":[{"href":"https:\/\/nextsnkr.com\/fr\/wp-json\/wp\/v2\/types\/product"}],"replies":[{"embeddable":true,"href":"https:\/\/nextsnkr.com\/fr\/wp-json\/wp\/v2\/comments?post=590223"}],"version-history":[{"count":0,"href":"https:\/\/nextsnkr.com\/fr\/wp-json\/wp\/v2\/product\/590223\/revisions"}],"wp:featuredmedia":[{"embeddable":true,"href":"https:\/\/nextsnkr.com\/fr\/wp-json\/wp\/v2\/media\/590224"}],"wp:attachment":[{"href":"https:\/\/nextsnkr.com\/fr\/wp-json\/wp\/v2\/media?parent=590223"}],"wp:term":[{"taxonomy":"product_brand","embeddable":true,"href":"https:\/\/nextsnkr.com\/fr\/wp-json\/wp\/v2\/product_brand?post=590223"},{"taxonomy":"product_cat","embeddable":true,"href":"https:\/\/nextsnkr.com\/fr\/wp-json\/wp\/v2\/product_cat?post=590223"},{"taxonomy":"product_tag","embeddable":true,"href":"https:\/\/nextsnkr.com\/fr\/wp-json\/wp\/v2\/product_tag?post=590223"}],"curies":[{"name":"wp","href":"https:\/\/api.w.org\/{rel}","templated":true}]}}