{"id":590053,"date":"2025-06-19T22:51:31","date_gmt":"2025-06-19T19:51:31","guid":{"rendered":"https:\/\/nextsnkr.com\/product\/1906a-silver-gold-metal\/"},"modified":"2026-01-31T17:00:31","modified_gmt":"2026-01-31T14:00:31","slug":"1906a-silver-gold-metal","status":"publish","type":"product","link":"https:\/\/nextsnkr.com\/fr\/produit\/1906a-silver-gold-metal\/","title":{"rendered":"Baskets 1906a Silver Gold Metal cuir \/ textile \u00e9l\u00e9gantes et durables"},"content":{"rendered":"<h2>Baskets 1906a Silver Gold Metal cuir \/ textile \u00e9l\u00e9gantes et durables<\/h2>\n<p>Les baskets 1906a Silver Gold Metal allient cuir et textile haut de gamme pour un confort et une durabilit\u00e9. Le mod\u00e8le est id\u00e9al pour un usage quotidien et des activit\u00e9s de plein air, donnant un look \u00e9l\u00e9gant et fiable dans toutes les conditions. Choisissez le 1906a pour un look lumineux et un confort maximal pour tous les jours.<\/p>\n","protected":false},"excerpt":{"rendered":"<p>Les baskets 1906a Silver Gold Metal allient cuir et textile haut de gamme pour un confort et une durabilit\u00e9. Le mod\u00e8le est id\u00e9al pour un usage quotidien et des activit\u00e9s de plein air, donnant un look \u00e9l\u00e9gant et fiable dans toutes les conditions. Choisissez le 1906a pour un look lumineux et un confort maximal pour tous les jours.<\/p>\n","protected":false},"featured_media":590054,"comment_status":"open","ping_status":"open","template":"","meta":[],"product_brand":[],"product_cat":[3212,3213],"product_tag":[],"class_list":{"0":"post-590053","1":"product","2":"type-product","3":"status-publish","4":"has-post-thumbnail","6":"product_cat-all-product","7":"product_cat-krosivky","8":"pa_rozmir-910","9":"pa_rozmir-912","10":"pa_rozmir-914","11":"pa_rozmir-915","12":"pa_rozmir-916","13":"pa_rozmir-917","14":"pa_rozmir-918","15":"pa_rozmir-919","16":"pa_rozmir-920","17":"pa_rozmir-921","18":"pa_rozmir-922","20":"first","21":"instock","22":"purchasable","23":"product-type-variable"},"_links":{"self":[{"href":"https:\/\/nextsnkr.com\/fr\/wp-json\/wp\/v2\/product\/590053","targetHints":{"allow":["GET"]}}],"collection":[{"href":"https:\/\/nextsnkr.com\/fr\/wp-json\/wp\/v2\/product"}],"about":[{"href":"https:\/\/nextsnkr.com\/fr\/wp-json\/wp\/v2\/types\/product"}],"replies":[{"embeddable":true,"href":"https:\/\/nextsnkr.com\/fr\/wp-json\/wp\/v2\/comments?post=590053"}],"version-history":[{"count":0,"href":"https:\/\/nextsnkr.com\/fr\/wp-json\/wp\/v2\/product\/590053\/revisions"}],"wp:featuredmedia":[{"embeddable":true,"href":"https:\/\/nextsnkr.com\/fr\/wp-json\/wp\/v2\/media\/590054"}],"wp:attachment":[{"href":"https:\/\/nextsnkr.com\/fr\/wp-json\/wp\/v2\/media?parent=590053"}],"wp:term":[{"taxonomy":"product_brand","embeddable":true,"href":"https:\/\/nextsnkr.com\/fr\/wp-json\/wp\/v2\/product_brand?post=590053"},{"taxonomy":"product_cat","embeddable":true,"href":"https:\/\/nextsnkr.com\/fr\/wp-json\/wp\/v2\/product_cat?post=590053"},{"taxonomy":"product_tag","embeddable":true,"href":"https:\/\/nextsnkr.com\/fr\/wp-json\/wp\/v2\/product_tag?post=590053"}],"curies":[{"name":"wp","href":"https:\/\/api.w.org\/{rel}","templated":true}]}}