{"id":588523,"date":"2025-06-19T23:00:52","date_gmt":"2025-06-19T20:00:52","guid":{"rendered":"https:\/\/nextsnkr.com\/product\/1906a-grey\/"},"modified":"2026-01-31T16:59:43","modified_gmt":"2026-01-31T13:59:43","slug":"1906a-grey","status":"publish","type":"product","link":"https:\/\/nextsnkr.com\/fr\/produit\/1906a-grey\/","title":{"rendered":"Baskets 1906a Grey-\u00e9l\u00e9gantes en cuir et en textile pour un usage quotidien"},"content":{"rendered":"<h2>Baskets 1906a Grey-\u00e9l\u00e9gantes en cuir et en textile pour un usage quotidien<\/h2>\n<p>Les baskets confortables 1906a Grey sont fabriqu\u00e9es \u00e0 partir de cuir et de Textiles de haute qualit\u00e9, offrant confort et durabilit\u00e9. Id\u00e9al pour une utilisation quotidienne et des activit\u00e9s de plein air. Ces baskets en cuir et textile allient design \u00e9l\u00e9gant et praticit\u00e9, mettant en valeur votre look moderne et garantissant un maximum de confort tout au long de la journ\u00e9e.<\/p>\n","protected":false},"excerpt":{"rendered":"<p>Les baskets confortables 1906a Grey sont fabriqu\u00e9es \u00e0 partir de cuir et de Textiles de haute qualit\u00e9, offrant confort et durabilit\u00e9. Id\u00e9al pour une utilisation quotidienne et des activit\u00e9s de plein air. Ces baskets en cuir et textile allient design \u00e9l\u00e9gant et praticit\u00e9, mettant en valeur votre look moderne et garantissant un maximum de confort tout au long de la journ\u00e9e.<\/p>\n","protected":false},"featured_media":588524,"comment_status":"open","ping_status":"open","template":"","meta":[],"product_brand":[],"product_cat":[3212,3213],"product_tag":[],"class_list":{"0":"post-588523","1":"product","2":"type-product","3":"status-publish","4":"has-post-thumbnail","6":"product_cat-all-product","7":"product_cat-krosivky","8":"pa_rozmir-910","9":"pa_rozmir-912","10":"pa_rozmir-914","11":"pa_rozmir-915","12":"pa_rozmir-916","13":"pa_rozmir-917","14":"pa_rozmir-918","15":"pa_rozmir-919","16":"pa_rozmir-920","17":"pa_rozmir-921","18":"pa_rozmir-922","20":"first","21":"instock","22":"purchasable","23":"product-type-variable"},"_links":{"self":[{"href":"https:\/\/nextsnkr.com\/fr\/wp-json\/wp\/v2\/product\/588523","targetHints":{"allow":["GET"]}}],"collection":[{"href":"https:\/\/nextsnkr.com\/fr\/wp-json\/wp\/v2\/product"}],"about":[{"href":"https:\/\/nextsnkr.com\/fr\/wp-json\/wp\/v2\/types\/product"}],"replies":[{"embeddable":true,"href":"https:\/\/nextsnkr.com\/fr\/wp-json\/wp\/v2\/comments?post=588523"}],"version-history":[{"count":0,"href":"https:\/\/nextsnkr.com\/fr\/wp-json\/wp\/v2\/product\/588523\/revisions"}],"wp:featuredmedia":[{"embeddable":true,"href":"https:\/\/nextsnkr.com\/fr\/wp-json\/wp\/v2\/media\/588524"}],"wp:attachment":[{"href":"https:\/\/nextsnkr.com\/fr\/wp-json\/wp\/v2\/media?parent=588523"}],"wp:term":[{"taxonomy":"product_brand","embeddable":true,"href":"https:\/\/nextsnkr.com\/fr\/wp-json\/wp\/v2\/product_brand?post=588523"},{"taxonomy":"product_cat","embeddable":true,"href":"https:\/\/nextsnkr.com\/fr\/wp-json\/wp\/v2\/product_cat?post=588523"},{"taxonomy":"product_tag","embeddable":true,"href":"https:\/\/nextsnkr.com\/fr\/wp-json\/wp\/v2\/product_tag?post=588523"}],"curies":[{"name":"wp","href":"https:\/\/api.w.org\/{rel}","templated":true}]}}