{"id":587836,"date":"2025-06-18T21:42:29","date_gmt":"2025-06-18T18:42:29","guid":{"rendered":"https:\/\/nextsnkr.com\/product\/pravda-white-black\/"},"modified":"2026-01-31T16:59:24","modified_gmt":"2026-01-31T13:59:24","slug":"pravda-white-black","status":"publish","type":"product","link":"https:\/\/nextsnkr.com\/fr\/produit\/pravda-white-black\/","title":{"rendered":"Baskets Pravda White \/ Black en daim et textile, \u00e9l\u00e9gantes et confortables"},"content":{"rendered":"<h2>Baskets Pravda White \/ Black en daim et textile, \u00e9l\u00e9gantes et confortables<\/h2>\n<p>Les baskets Pravda White \/ Black sont une combinaison de design moderne et de haute qualit\u00e9. Fabriqu\u00e9s en daim et en textile, ils offrent durabilit\u00e9, confort et un ajustement \u00e9l\u00e9gant sur le pied. Id\u00e9al pour le port quotidien, la marche et les activit\u00e9s de plein air. La conception contrast\u00e9e lumineuse rend l&rsquo;image \u00e0 la mode et attire l&rsquo;attention, tandis que la conception l\u00e9g\u00e8re offre un confort tout au long de la journ\u00e9e.<\/p>\n","protected":false},"excerpt":{"rendered":"<p>Les baskets Pravda White \/ Black sont une combinaison de design moderne et de haute qualit\u00e9. Fabriqu\u00e9s en daim et en textile, ils offrent durabilit\u00e9, confort et un ajustement \u00e9l\u00e9gant sur le pied. Id\u00e9al pour le port quotidien, la marche et les activit\u00e9s de plein air. La conception contrast\u00e9e lumineuse rend l&rsquo;image \u00e0 la mode et attire l&rsquo;attention, tandis que la conception l\u00e9g\u00e8re offre un confort tout au long de la journ\u00e9e.<\/p>\n","protected":false},"featured_media":587837,"comment_status":"open","ping_status":"open","template":"","meta":[],"product_brand":[],"product_cat":[3212,3319],"product_tag":[],"class_list":{"0":"post-587836","1":"product","2":"type-product","3":"status-publish","4":"has-post-thumbnail","6":"product_cat-all-product","7":"product_cat-kedy","8":"pa_rozmir-910","9":"pa_rozmir-912","10":"pa_rozmir-914","11":"pa_rozmir-915","12":"pa_rozmir-916","13":"pa_rozmir-917","14":"pa_rozmir-918","15":"pa_rozmir-919","16":"pa_rozmir-920","17":"pa_rozmir-921","18":"pa_rozmir-922","20":"first","21":"onbackorder","22":"purchasable","23":"product-type-variable"},"_links":{"self":[{"href":"https:\/\/nextsnkr.com\/fr\/wp-json\/wp\/v2\/product\/587836","targetHints":{"allow":["GET"]}}],"collection":[{"href":"https:\/\/nextsnkr.com\/fr\/wp-json\/wp\/v2\/product"}],"about":[{"href":"https:\/\/nextsnkr.com\/fr\/wp-json\/wp\/v2\/types\/product"}],"replies":[{"embeddable":true,"href":"https:\/\/nextsnkr.com\/fr\/wp-json\/wp\/v2\/comments?post=587836"}],"version-history":[{"count":0,"href":"https:\/\/nextsnkr.com\/fr\/wp-json\/wp\/v2\/product\/587836\/revisions"}],"wp:featuredmedia":[{"embeddable":true,"href":"https:\/\/nextsnkr.com\/fr\/wp-json\/wp\/v2\/media\/587837"}],"wp:attachment":[{"href":"https:\/\/nextsnkr.com\/fr\/wp-json\/wp\/v2\/media?parent=587836"}],"wp:term":[{"taxonomy":"product_brand","embeddable":true,"href":"https:\/\/nextsnkr.com\/fr\/wp-json\/wp\/v2\/product_brand?post=587836"},{"taxonomy":"product_cat","embeddable":true,"href":"https:\/\/nextsnkr.com\/fr\/wp-json\/wp\/v2\/product_cat?post=587836"},{"taxonomy":"product_tag","embeddable":true,"href":"https:\/\/nextsnkr.com\/fr\/wp-json\/wp\/v2\/product_tag?post=587836"}],"curies":[{"name":"wp","href":"https:\/\/api.w.org\/{rel}","templated":true}]}}