{"id":586987,"date":"2025-06-18T22:25:09","date_gmt":"2025-06-18T19:25:09","guid":{"rendered":"https:\/\/nextsnkr.com\/product\/air-jordan-retro-4-x-a-ma-maniere-fossil-stone-premium\/"},"modified":"2026-01-31T16:58:48","modified_gmt":"2026-01-31T13:58:48","slug":"air-jordan-retro-4-x-a-ma-maniere-fossil-stone-premium","status":"publish","type":"product","link":"https:\/\/nextsnkr.com\/fr\/produit\/air-jordan-retro-4-x-a-ma-maniere-fossil-stone-premium\/","title":{"rendered":"\u0425\u0440\u0435\u0441\u0442\u0438\u043a\u0438-\u043d\u0443\u043b\u0438\u043a\u0438 AIR JORDAN RETRO 4 x \u041f\u043e-\u043c\u043e\u0454\u043c\u0443 \u00ab\u00a0\u0432\u0438\u043a\u043e\u043f\u043d\u0438\u0439 \u043a\u0430\u043c\u0456\u043d\u044c\u00a0\u00bb"},"content":{"rendered":"<h2>\u0425\u0440\u0435\u0441\u0442\u0438\u043a\u0438-\u043d\u0443\u043b\u0438\u043a\u0438 AIR JORDAN RETRO 4 x \u041f\u043e-\u043c\u043e\u0454\u043c\u0443 \u00ab\u00a0\u0432\u0438\u043a\u043e\u043f\u043d\u0438\u0439 \u043a\u0430\u043c\u0456\u043d\u044c\u00a0\u00bb<\/h2>\n<p>Les \u00e9l\u00e9gantes baskets air JORDAN RETRO 4 x a MA MANIERE \u00ab\u00a0FOSSIL STONE\u00a0\u00bb sont fabriqu\u00e9es en daim et cuir naturels de haute qualit\u00e9 pour un confort et une durabilit\u00e9. Le design haut de gamme met l&rsquo;accent sur l&rsquo;individualit\u00e9 et le style moderne, ce qui les rend parfaits pour un usage quotidien et des activit\u00e9s sportives. La marque Air Jordan garantit la fiabilit\u00e9 et la qualit\u00e9, cr\u00e9ant un choix \u00e9l\u00e9gant et pratique pour votre garde-robe.<\/p>\n","protected":false},"excerpt":{"rendered":"<p>Les \u00e9l\u00e9gantes baskets air JORDAN RETRO 4 x a MA MANIERE \u00ab\u00a0FOSSIL STONE\u00a0\u00bb sont fabriqu\u00e9es en daim et cuir naturels de haute qualit\u00e9 pour un confort et une durabilit\u00e9. Le design haut de gamme met l&rsquo;accent sur l&rsquo;individualit\u00e9 et le style moderne, ce qui les rend parfaits pour un usage quotidien et des activit\u00e9s sportives. La marque Air Jordan garantit la fiabilit\u00e9 et la qualit\u00e9, cr\u00e9ant un choix \u00e9l\u00e9gant et pratique pour votre garde-robe.<\/p>\n","protected":false},"featured_media":586988,"comment_status":"open","ping_status":"open","template":"","meta":[],"product_brand":[],"product_cat":[3384,3212,3213],"product_tag":[],"class_list":{"0":"post-586987","1":"product","2":"type-product","3":"status-publish","4":"has-post-thumbnail","6":"product_cat-nike-jordan","7":"product_cat-all-product","8":"product_cat-krosivky","9":"pa_rozmir-910","10":"pa_rozmir-912","11":"pa_rozmir-914","12":"pa_rozmir-915","13":"pa_rozmir-916","14":"pa_rozmir-917","15":"pa_rozmir-918","16":"pa_rozmir-919","17":"pa_rozmir-920","18":"pa_rozmir-921","19":"pa_rozmir-922","21":"first","22":"instock","23":"purchasable","24":"product-type-variable"},"_links":{"self":[{"href":"https:\/\/nextsnkr.com\/fr\/wp-json\/wp\/v2\/product\/586987","targetHints":{"allow":["GET"]}}],"collection":[{"href":"https:\/\/nextsnkr.com\/fr\/wp-json\/wp\/v2\/product"}],"about":[{"href":"https:\/\/nextsnkr.com\/fr\/wp-json\/wp\/v2\/types\/product"}],"replies":[{"embeddable":true,"href":"https:\/\/nextsnkr.com\/fr\/wp-json\/wp\/v2\/comments?post=586987"}],"version-history":[{"count":0,"href":"https:\/\/nextsnkr.com\/fr\/wp-json\/wp\/v2\/product\/586987\/revisions"}],"wp:featuredmedia":[{"embeddable":true,"href":"https:\/\/nextsnkr.com\/fr\/wp-json\/wp\/v2\/media\/586988"}],"wp:attachment":[{"href":"https:\/\/nextsnkr.com\/fr\/wp-json\/wp\/v2\/media?parent=586987"}],"wp:term":[{"taxonomy":"product_brand","embeddable":true,"href":"https:\/\/nextsnkr.com\/fr\/wp-json\/wp\/v2\/product_brand?post=586987"},{"taxonomy":"product_cat","embeddable":true,"href":"https:\/\/nextsnkr.com\/fr\/wp-json\/wp\/v2\/product_cat?post=586987"},{"taxonomy":"product_tag","embeddable":true,"href":"https:\/\/nextsnkr.com\/fr\/wp-json\/wp\/v2\/product_tag?post=586987"}],"curies":[{"name":"wp","href":"https:\/\/api.w.org\/{rel}","templated":true}]}}